{"id":33199,"date":"2026-03-31T20:08:56","date_gmt":"2026-03-31T20:08:56","guid":{"rendered":"https:\/\/vancabin.mobrilz.io\/note-legali\/"},"modified":"2026-04-14T17:43:09","modified_gmt":"2026-04-14T17:43:09","slug":"note-legali","status":"publish","type":"page","link":"https:\/\/vancabin.mobrilz.io\/it\/note-legali\/","title":{"rendered":"Note Legali"},"content":{"rendered":"\t\t<div data-elementor-type=\"wp-page\" data-elementor-id=\"33199\" class=\"elementor elementor-33199 elementor-32662\">\n\t\t\t\t<div class=\"wd-negative-gap elementor-element elementor-element-132f423 e-flex e-con-boxed e-con e-parent\" data-id=\"132f423\" data-element_type=\"container\" data-e-type=\"container\">\n\t\t\t\t\t<div class=\"e-con-inner\">\n\t\t\t\t<div class=\"elementor-element elementor-element-5e211f7 color-scheme-inherit text-left elementor-widget elementor-widget-text-editor\" data-id=\"5e211f7\" data-element_type=\"widget\" data-e-type=\"widget\" data-widget_type=\"text-editor.default\">\n\t\t\t\t\t\t\t\t\t<p data-start=\"185\" data-end=\"201\"><strong data-start=\"185\" data-end=\"201\">INFORMAZIONI GENERALI<\/strong><\/p><ol data-start=\"203\" data-end=\"225\"><li data-section-id=\"12ww9s\" data-start=\"203\" data-end=\"225\"><strong>Informazioni generali<\/strong><\/li><\/ol><p data-start=\"227\" data-end=\"580\">In conformit\u00e0 alla Legge 34\/2002 sui Servizi della Societ\u00e0 dell\u2019Informazione e del Commercio Elettronico (LSSI) e alla normativa spagnola vigente, si forniscono le seguenti informazioni:<br data-start=\"399\" data-end=\"402\">Titolare del sito web: Campers Advisor SL<br data-start=\"435\" data-end=\"438\">Nome commerciale: VanCabin<br data-start=\"458\" data-end=\"461\">Codice di identificazione fiscale (CIF): _____________<br data-start=\"488\" data-end=\"491\">Sede legale: ______________<br data-start=\"525\" data-end=\"528\">Indirizzo e-mail: <a class=\"decorated-link cursor-pointer\" rel=\"noopener\" data-start=\"535\" data-end=\"552\">info@vancabin.net<\/a><br data-start=\"552\" data-end=\"555\">WhatsApp: +34 744 708 091<\/p><ol start=\"2\" data-start=\"582\" data-end=\"592\"><li data-section-id=\"19ay5k7\" data-start=\"582\" data-end=\"592\"><strong>Oggetto<\/strong><\/li><\/ol><p data-start=\"594\" data-end=\"757\">Il presente Avviso legale disciplina l\u2019accesso e l\u2019utilizzo del sito web vancabin.com.<br data-start=\"666\" data-end=\"669\">L\u2019accesso e l\u2019utilizzo del sito implicano l\u2019accettazione di tutte le condizioni qui esposte.<\/p><ol start=\"3\" data-start=\"759\" data-end=\"798\"><li data-section-id=\"1s3kwpb\" data-start=\"759\" data-end=\"798\"><strong>Propriet\u00e0 intellettuale e industriale<\/strong><\/li><\/ol><p data-start=\"800\" data-end=\"1115\">Tutti i contenuti del sito web, inclusi testi, immagini, loghi, icone, marchi, design e software, sono di propriet\u00e0 di VanCabin o di terzi che ne hanno autorizzato l\u2019uso.<br data-start=\"968\" data-end=\"971\">\u00c8 vietata la riproduzione, distribuzione, comunicazione al pubblico o trasformazione, totale o parziale, dei contenuti senza autorizzazione espressa.<\/p><ol start=\"4\" data-start=\"1117\" data-end=\"1132\"><li data-section-id=\"qjkbqg\" data-start=\"1117\" data-end=\"1132\"><strong>Condizioni d\u2019uso<\/strong><\/li><\/ol><p data-start=\"1134\" data-end=\"1416\">L\u2019utente si impegna a utilizzare il sito web in modo appropriato e conforme alla legge.<br data-start=\"1214\" data-end=\"1217\">Non \u00e8 consentito accedere o utilizzare il sito per finalit\u00e0 illecite o vietate dalle presenti condizioni.<br data-start=\"1328\" data-end=\"1331\">VanCabin si riserva il diritto di sospendere l\u2019accesso al sito in caso di uso improprio.<\/p><ol start=\"5\" data-start=\"1418\" data-end=\"1444\"><li data-section-id=\"8lc0tv\" data-start=\"1418\" data-end=\"1444\"><strong>Esclusione di responsabilit\u00e0<\/strong><\/li><\/ol><p data-start=\"1446\" data-end=\"1742\">VanCabin non \u00e8 responsabile per eventuali danni derivanti dall\u2019accesso o dall\u2019utilizzo del sito web, inclusi errori nelle informazioni, interruzioni del servizio o presenza di virus informatici.<br data-start=\"1608\" data-end=\"1611\">Il sito web pu\u00f2 contenere collegamenti a siti di terzi; VanCabin non \u00e8 responsabile dei contenuti n\u00e9 delle pratiche in materia di privacy di tali siti.<\/p><ol start=\"6\" data-start=\"1744\" data-end=\"1777\"><li data-section-id=\"1eugxta\" data-start=\"1744\" data-end=\"1777\"><strong>Legislazione applicabile e giurisdizione<\/strong><\/li><\/ol><p data-start=\"1779\" data-end=\"1903\">Le presenti condizioni sono regolate dalla normativa spagnola vigente.<br data-start=\"1840\" data-end=\"1843\">Per qualsiasi controversia, le parti si sottopongono ai tribunali di Madrid.<\/p>\t\t\t\t\t\t\t\t<\/div>\n\t\t\t\t\t<\/div>\n\t\t\t\t<\/div>\n\t\t\t\t<\/div>\n\t\t","protected":false},"excerpt":{"rendered":"<p>INFORMAZIONI GENERALI Informazioni generali In conformit\u00e0 alla Legge 34\/2002 sui Servizi della Societ\u00e0 dell\u2019Informazione e del Commercio Elettronico (LSSI) e<\/p>\n","protected":false},"author":1,"featured_media":0,"parent":0,"menu_order":0,"comment_status":"closed","ping_status":"closed","template":"","meta":{"footnotes":""},"class_list":["post-33199","page","type-page","status-publish","hentry"],"_links":{"self":[{"href":"https:\/\/vancabin.mobrilz.io\/it\/wp-json\/wp\/v2\/pages\/33199","targetHints":{"allow":["GET"]}}],"collection":[{"href":"https:\/\/vancabin.mobrilz.io\/it\/wp-json\/wp\/v2\/pages"}],"about":[{"href":"https:\/\/vancabin.mobrilz.io\/it\/wp-json\/wp\/v2\/types\/page"}],"author":[{"embeddable":true,"href":"https:\/\/vancabin.mobrilz.io\/it\/wp-json\/wp\/v2\/users\/1"}],"replies":[{"embeddable":true,"href":"https:\/\/vancabin.mobrilz.io\/it\/wp-json\/wp\/v2\/comments?post=33199"}],"version-history":[{"count":1,"href":"https:\/\/vancabin.mobrilz.io\/it\/wp-json\/wp\/v2\/pages\/33199\/revisions"}],"predecessor-version":[{"id":33200,"href":"https:\/\/vancabin.mobrilz.io\/it\/wp-json\/wp\/v2\/pages\/33199\/revisions\/33200"}],"wp:attachment":[{"href":"https:\/\/vancabin.mobrilz.io\/it\/wp-json\/wp\/v2\/media?parent=33199"}],"curies":[{"name":"wp","href":"https:\/\/api.w.org\/{rel}","templated":true}]}}