{"id":32932,"date":"2026-02-20T13:16:55","date_gmt":"2026-02-20T13:16:55","guid":{"rendered":"https:\/\/vancabin.mobrilz.io\/product\/nugget-cover-chassis-court\/"},"modified":"2026-04-12T14:09:48","modified_gmt":"2026-04-12T14:09:48","slug":"nugget-cover-chassis-court","status":"publish","type":"product","link":"https:\/\/vancabin.mobrilz.io\/fr\/produit\/nugget-cover-chassis-court\/","title":{"rendered":"NUGGET COVER ch\u00e2ssis court"},"content":{"rendered":"\t\t<div data-elementor-type=\"wp-post\" data-elementor-id=\"32932\" class=\"elementor elementor-32932 elementor-29410\">\n\t\t\t\t<div class=\"wd-negative-gap elementor-element elementor-element-4f5b9aa e-flex e-con-boxed e-con e-parent\" data-id=\"4f5b9aa\" data-element_type=\"container\" data-e-type=\"container\">\n\t\t\t\t\t<div class=\"e-con-inner\">\n\t\t<div class=\"elementor-element elementor-element-80646ff e-con-full e-flex e-con e-child\" data-id=\"80646ff\" data-element_type=\"container\" data-e-type=\"container\">\n\t\t\t\t<div class=\"elementor-element elementor-element-dee59a2 elementor-widget elementor-widget-heading\" data-id=\"dee59a2\" data-element_type=\"widget\" data-e-type=\"widget\" data-widget_type=\"heading.default\">\n\t\t\t\t\t<h2 class=\"elementor-heading-title elementor-size-default\">D\u00c9TAILS DU PRODUIT<\/h2>\t\t\t\t<\/div>\n\t\t\t\t<div class=\"elementor-element elementor-element-76a74a2 color-scheme-inherit text-left elementor-widget elementor-widget-text-editor\" data-id=\"76a74a2\" data-element_type=\"widget\" data-e-type=\"widget\" data-widget_type=\"text-editor.default\">\n\t\t\t\t\t\t\t\t\t<p data-start=\"166\" data-end=\"302\">Housse de protection pour toit relevable con\u00e7ue pour am\u00e9liorer la ventilation, pr\u00e9venir l\u2019accumulation d\u2019humidit\u00e9 et prolonger la dur\u00e9e de vie de votre toit relevable.<\/p><p data-start=\"304\" data-end=\"497\"><strong data-start=\"304\" data-end=\"338\">VENTILATION ET CONTR\u00d4LE DE L\u2019HUMIDIT\u00c9<\/strong><br data-start=\"338\" data-end=\"341\">Deux fen\u00eatres lat\u00e9rales avec double curseur m\u00e9tallique zipp\u00e9 permettent une circulation de l\u2019air contr\u00f4l\u00e9e, aidant \u00e0 pr\u00e9venir la condensation, les moisissures, la corrosion et les dommages li\u00e9s \u00e0 l\u2019humidit\u00e9.<\/p><p data-start=\"499\" data-end=\"688\">TOIT TRANSPARENT COMPATIBLE AVEC L\u2019\u00c9NERGIE SOLAIRE<br data-start=\"536\" data-end=\"539\">Le panneau sup\u00e9rieur transparent int\u00e9gr\u00e9 garantit une compatibilit\u00e9 totale avec les panneaux solaires, permettant une recharge continue de la batterie m\u00eame avec la housse install\u00e9e.<\/p><p data-start=\"690\" data-end=\"936\"><strong data-start=\"690\" data-end=\"724\">SYST\u00c8ME DE FIXATION KEDER (INCLUS)<\/strong><br data-start=\"724\" data-end=\"727\">Comprend 2 bandes keder r\u00e9glables (2,5 m chacune) avec velcro cousu pour une fixation s\u00e9curis\u00e9e sur les rails d\u2019origine du v\u00e9hicule.<br data-start=\"852\" data-end=\"855\">Si votre van est \u00e9quip\u00e9 d\u2019un auvent, l\u2019une des bandes keder peut \u00eatre facilement coup\u00e9e \u00e0 la taille.<\/p><p data-start=\"938\" data-end=\"1165\"><strong data-start=\"938\" data-end=\"970\">OPTIONS DE FIXATION ALTERNATIVES<\/strong><br data-start=\"970\" data-end=\"973\">Pour les v\u00e9hicules sans rails de toit, la housse peut \u00eatre fix\u00e9e \u00e0 l\u2019aide de cordes, de tendeurs, de ventouses ou d\u2019aimants (non inclus), gr\u00e2ce aux multiples \u0153illets renforc\u00e9s situ\u00e9s sur le p\u00e9rim\u00e8tre inf\u00e9rieur.<\/p><p data-start=\"1167\" data-end=\"1310\"><strong data-start=\"1167\" data-end=\"1192\">TOUT INCLUS<\/strong><br data-start=\"1192\" data-end=\"1195\">Les fen\u00eatres, le panneau de toit transparent et le syst\u00e8me de fixation keder sont inclus dans le prix de base \u2014 sans frais suppl\u00e9mentaires cach\u00e9s.<\/p>\t\t\t\t\t\t\t\t<\/div>\n\t\t\t\t<div class=\"elementor-element elementor-element-b5f28ea elementor-widget elementor-widget-video\" data-id=\"b5f28ea\" data-element_type=\"widget\" data-e-type=\"widget\" data-settings=\"{&quot;youtube_url&quot;:&quot;https:\\\/\\\/www.youtube.com\\\/watch?v=Kv3nEf265RI&amp;embeds_referring_euri=https%3A%2F%2Fwww.vancabin.net%2F&quot;,&quot;video_type&quot;:&quot;youtube&quot;,&quot;controls&quot;:&quot;yes&quot;}\" data-widget_type=\"video.default\">\n\t\t\t\t\t\t\t<div class=\"elementor-wrapper elementor-open-inline\">\n\t\t\t<div class=\"elementor-video\"><\/div>\t\t<\/div>\n\t\t\t\t\t\t<\/div>\n\t\t\t\t<\/div>\n\t\t<div class=\"elementor-element elementor-element-1f5d070 e-con-full e-flex e-con e-child\" data-id=\"1f5d070\" data-element_type=\"container\" data-e-type=\"container\">\n\t\t\t\t<div class=\"elementor-element elementor-element-533805a elementor-widget elementor-widget-heading\" data-id=\"533805a\" data-element_type=\"widget\" data-e-type=\"widget\" data-widget_type=\"heading.default\">\n\t\t\t\t\t<h2 class=\"elementor-heading-title elementor-size-default\">MONTAGE<\/h2>\t\t\t\t<\/div>\n\t\t\t\t<div class=\"elementor-element elementor-element-2d6f1e8 color-scheme-inherit text-left elementor-widget elementor-widget-text-editor\" data-id=\"2d6f1e8\" data-element_type=\"widget\" data-e-type=\"widget\" data-widget_type=\"text-editor.default\">\n\t\t\t\t\t\t\t\t\t<div id=\"cc-m-11616604093\" class=\"j-module n j-text \"><div class=\"rah-static rah-static--height-auto\" aria-hidden=\"false\"><div><div class=\"_1yvxJ cell\"><div class=\"WncCi\" data-hook=\"info-section-description\"><div><div><div><div><div><div><div class=\"rah-static rah-static--height-auto\" aria-hidden=\"false\"><div><div class=\"_1yvxJ cell\"><div class=\"WncCi\" data-hook=\"info-section-description\"><div class=\"rah-static rah-static--height-auto\" aria-hidden=\"false\"><div><div class=\"_1yvxJ cell\"><div class=\"WncCi\" data-hook=\"info-section-description\"><div class=\"rah-static rah-static--height-auto\" aria-hidden=\"false\"><div><div class=\"_1yvxJ cell\"><div class=\"WncCi\" data-hook=\"info-section-description\"><div><div><p data-start=\"257\" data-end=\"400\"><strong data-start=\"257\" data-end=\"281\">1. INSTALLATION ARRI\u00c8RE<\/strong><br data-start=\"281\" data-end=\"284\">Commencez par l\u2019arri\u00e8re du v\u00e9hicule. Relevez l\u00e9g\u00e8rement le toit et placez les deux coins arri\u00e8re de la housse en position. <\/p><p data-start=\"402\" data-end=\"518\"><strong data-start=\"402\" data-end=\"426\">2. D\u00c9ROULER ET POSITIONNER<\/strong><br data-start=\"426\" data-end=\"429\">Tirez la housse vers l\u2019avant du v\u00e9hicule et ins\u00e9rez les arceaux dans les rails lat\u00e9raux.<\/p><p data-start=\"520\" data-end=\"640\"><strong data-start=\"520\" data-end=\"548\">3. R\u00c9GLAGE \u00c0 MI-HAUTEUR<\/strong><br data-start=\"548\" data-end=\"551\">Relevez le toit \u00e0 mi-hauteur et fixez les bandes velcro situ\u00e9es \u00e0 la base de la housse aux arceaux.<\/p><p data-start=\"642\" data-end=\"738\"><strong data-start=\"642\" data-end=\"663\">4. POSITION FINALE<\/strong><br data-start=\"663\" data-end=\"666\">Relevez compl\u00e8tement le toit jusqu\u2019\u00e0 sa hauteur maximale pour finaliser l\u2019installation.<\/p><p data-start=\"740\" data-end=\"889\"><strong data-start=\"740\" data-end=\"764\">COMPATIBILIT\u00c9 AVEC AUVENT LAT\u00c9RAL<\/strong><br data-start=\"764\" data-end=\"767\">Si votre van est \u00e9quip\u00e9 d\u2019un auvent lat\u00e9ral, d\u00e9coupez le profil\u00e9 keder pour l\u2019adapter aux sections disponibles du rail avant et apr\u00e8s l\u2019auvent.<\/p><p data-start=\"891\" data-end=\"1081\"><strong data-start=\"891\" data-end=\"921\">OPTIONS DE FIXATION ALTERNATIVES<\/strong><br data-start=\"921\" data-end=\"924\">Utilisez les \u0153illets m\u00e9talliques renforc\u00e9s situ\u00e9s sur le p\u00e9rim\u00e8tre inf\u00e9rieur pour fixer la housse avec des tendeurs, des cordes, des aimants ou des ventouses (non inclus), si n\u00e9cessaire.<\/p><\/div><\/div><\/div><\/div><\/div><\/div><\/div><\/div><\/div><\/div><\/div><\/div><\/div><\/div><\/div><\/div><\/div><\/div><\/div><\/div><\/div><\/div><\/div><\/div><\/div>\t\t\t\t\t\t\t\t<\/div>\n\t\t\t\t<div class=\"elementor-element elementor-element-8e022fb elementor-widget elementor-widget-heading\" data-id=\"8e022fb\" data-element_type=\"widget\" data-e-type=\"widget\" data-widget_type=\"heading.default\">\n\t\t\t\t\t<h2 class=\"elementor-heading-title elementor-size-default\">SP\u00c9CIFICATIONS TECHNIQUES<\/h2>\t\t\t\t<\/div>\n\t\t\t\t<div class=\"elementor-element elementor-element-7234b8b color-scheme-inherit text-left elementor-widget elementor-widget-text-editor\" data-id=\"7234b8b\" data-element_type=\"widget\" data-e-type=\"widget\" data-widget_type=\"text-editor.default\">\n\t\t\t\t\t\t\t\t\t<div id=\"cc-m-11616604293\" class=\"j-module n j-text \"><div class=\"rah-static rah-static--height-auto\" aria-hidden=\"false\"><div><div class=\"_1yvxJ cell\"><div class=\"WncCi\" data-hook=\"info-section-description\"><div><div><div><div><div><div><div class=\"rah-static rah-static--height-auto\" aria-hidden=\"false\"><div><div class=\"_1yvxJ cell\"><div class=\"WncCi\" data-hook=\"info-section-description\"><div><div><div class=\"rah-static rah-static--height-auto\" aria-hidden=\"false\"><div><div class=\"_1yvxJ cell\"><div class=\"WncCi\" data-hook=\"info-section-description\"><div><div><ul><li data-start=\"116\" data-end=\"204\"><strong data-start=\"116\" data-end=\"128\">MAT\u00c9RIAU <\/strong>Tissu en nylon 190T avec rev\u00eatement imperm\u00e9able double face et protection UV.<\/li><li data-start=\"206\" data-end=\"310\"><strong data-start=\"206\" data-end=\"222\">CONSTRUCTION <\/strong>Coutures renforc\u00e9es avec int\u00e9rieur thermosoud\u00e9 pour une meilleure imperm\u00e9abilit\u00e9 et une durabilit\u00e9 accrue.<\/li><li data-start=\"312\" data-end=\"411\"><strong data-start=\"312\" data-end=\"326\">PROPRI\u00c9T\u00c9S <\/strong>L\u00e9ger, enti\u00e8rement imperm\u00e9able et tr\u00e8s r\u00e9sistant au vent, aux impacts et aux d\u00e9chirures.<br> <br><\/li><li data-start=\"413\" data-end=\"509\"><strong data-start=\"413\" data-end=\"424\">STOCKAGE <\/strong>Comprend un sac de transport pratique avec bandouli\u00e8re pour faciliter le transport et le rangement.<br> <br><\/li><\/ul><p>Dimensions : 55 x 15 x 15 cm<\/p><p>Poids approximatif : 2,00 kg<\/p><\/div><\/div><\/div><\/div><\/div><\/div><\/div><\/div><\/div><\/div><\/div><\/div><p>Couleur: <span dir=\"auto\">Gris<\/span><\/p><\/div><\/div><\/div><\/div><\/div><\/div><\/div><\/div><\/div><\/div><\/div>\t\t\t\t\t\t\t\t<\/div>\n\t\t\t\t<div class=\"elementor-element elementor-element-07e3f04 color-scheme-inherit text-left elementor-widget elementor-widget-text-editor\" data-id=\"07e3f04\" data-element_type=\"widget\" data-e-type=\"widget\" data-widget_type=\"text-editor.default\">\n\t\t\t\t\t\t\t\t\t<div class=\"rah-static rah-static--height-auto\" aria-hidden=\"false\"><div><div class=\"_1yvxJ cell\"><div class=\"WncCi\" data-hook=\"info-section-description\"><div><div><div class=\"rah-static rah-static--height-auto\" aria-hidden=\"false\"><div><div class=\"_1yvxJ cell\"><div class=\"WncCi\" data-hook=\"info-section-description\"><div><div><strong><span dir=\"auto\">REMARQUE : Nous am\u00e9liorons nos produits quotidiennement. Par cons\u00e9quent, les mod\u00e8les pr\u00e9sent\u00e9s sur les photos et vid\u00e9os peuvent diff\u00e9rer l\u00e9g\u00e8rement de la version la plus r\u00e9cente. La couleur per\u00e7ue du tissu peut varier selon l\u2019\u00e9cran, la date et l\u2019heure de la prise de vue, etc. <\/span><\/strong><\/div><\/div><\/div><\/div><\/div><\/div><\/div><\/div><\/div><\/div><\/div><\/div>\t\t\t\t\t\t\t\t<\/div>\n\t\t\t\t<\/div>\n\t\t\t\t\t<\/div>\n\t\t\t\t<\/div>\n\t\t\t\t<\/div>\n\t\t","protected":false},"excerpt":{"rendered":"<p>D\u00c9TAILS DU PRODUIT Housse de protection pour toit relevable con\u00e7ue pour am\u00e9liorer la ventilation, pr\u00e9venir l\u2019accumulation d\u2019humidit\u00e9 et prolonger la<\/p>\n","protected":false},"featured_media":32929,"comment_status":"open","ping_status":"closed","template":"","meta":[],"product_brand":[],"product_cat":[97],"product_tag":[148],"class_list":{"0":"post-32932","1":"product","2":"type-product","3":"status-publish","4":"has-post-thumbnail","6":"product_cat-ford-transit-custom-nugget","7":"product_tag-housse-de-toit","9":"first","10":"instock","11":"shipping-taxable","12":"purchasable","13":"product-type-simple"},"_links":{"self":[{"href":"https:\/\/vancabin.mobrilz.io\/fr\/wp-json\/wp\/v2\/product\/32932","targetHints":{"allow":["GET"]}}],"collection":[{"href":"https:\/\/vancabin.mobrilz.io\/fr\/wp-json\/wp\/v2\/product"}],"about":[{"href":"https:\/\/vancabin.mobrilz.io\/fr\/wp-json\/wp\/v2\/types\/product"}],"replies":[{"embeddable":true,"href":"https:\/\/vancabin.mobrilz.io\/fr\/wp-json\/wp\/v2\/comments?post=32932"}],"version-history":[{"count":2,"href":"https:\/\/vancabin.mobrilz.io\/fr\/wp-json\/wp\/v2\/product\/32932\/revisions"}],"predecessor-version":[{"id":32947,"href":"https:\/\/vancabin.mobrilz.io\/fr\/wp-json\/wp\/v2\/product\/32932\/revisions\/32947"}],"wp:featuredmedia":[{"embeddable":true,"href":"https:\/\/vancabin.mobrilz.io\/fr\/wp-json\/wp\/v2\/media\/32929"}],"wp:attachment":[{"href":"https:\/\/vancabin.mobrilz.io\/fr\/wp-json\/wp\/v2\/media?parent=32932"}],"wp:term":[{"taxonomy":"product_brand","embeddable":true,"href":"https:\/\/vancabin.mobrilz.io\/fr\/wp-json\/wp\/v2\/product_brand?post=32932"},{"taxonomy":"product_cat","embeddable":true,"href":"https:\/\/vancabin.mobrilz.io\/fr\/wp-json\/wp\/v2\/product_cat?post=32932"},{"taxonomy":"product_tag","embeddable":true,"href":"https:\/\/vancabin.mobrilz.io\/fr\/wp-json\/wp\/v2\/product_tag?post=32932"}],"curies":[{"name":"wp","href":"https:\/\/api.w.org\/{rel}","templated":true}]}}