{"id":32912,"date":"2026-02-20T09:31:31","date_gmt":"2026-02-20T09:31:31","guid":{"rendered":"https:\/\/vancabin.mobrilz.io\/product\/t5t6cover-westfalia-bram\/"},"modified":"2026-04-12T11:00:09","modified_gmt":"2026-04-12T11:00:09","slug":"t5t6cover-westfalia-bram","status":"publish","type":"product","link":"https:\/\/vancabin.mobrilz.io\/fr\/produit\/t5t6cover-westfalia-bram\/","title":{"rendered":"T5T6COVER Westfalia &amp; Bram"},"content":{"rendered":"\t\t<div data-elementor-type=\"wp-post\" data-elementor-id=\"32912\" class=\"elementor elementor-32912 elementor-32597\">\n\t\t\t\t<div class=\"wd-negative-gap elementor-element elementor-element-2d9aa9c e-flex e-con-boxed e-con e-parent\" data-id=\"2d9aa9c\" data-element_type=\"container\" data-e-type=\"container\">\n\t\t\t\t\t<div class=\"e-con-inner\">\n\t\t<div class=\"elementor-element elementor-element-ff97c37 e-con-full e-flex e-con e-child\" data-id=\"ff97c37\" data-element_type=\"container\" data-e-type=\"container\">\n\t\t\t\t<div class=\"elementor-element elementor-element-ec0dca5 elementor-widget elementor-widget-heading\" data-id=\"ec0dca5\" data-element_type=\"widget\" data-e-type=\"widget\" data-widget_type=\"heading.default\">\n\t\t\t\t\t<h2 class=\"elementor-heading-title elementor-size-default\">D\u00c9TAILS DU PRODUIT<\/h2>\t\t\t\t<\/div>\n\t\t\t\t<div class=\"elementor-element elementor-element-a50bc74 color-scheme-inherit text-left elementor-widget elementor-widget-text-editor\" data-id=\"a50bc74\" data-element_type=\"widget\" data-e-type=\"widget\" data-widget_type=\"text-editor.default\">\n\t\t\t\t\t\t\t\t\t<p>Cette housse de toit comprend <strong>deux fen\u00eatres lat\u00e9rales<\/strong> avec fermeture \u00e9clair \u00e0 double tirette m\u00e9tallique, permettant une <strong>ventilation <\/strong>ad\u00e9quate et \u00e9vitant la condensation, l\u2019humidit\u00e9, la moisissure et la corrosion, garantissant ainsi une <strong>conservation optimale<\/strong> du v\u00e9hicule.<\/p><p>Le design int\u00e8gre \u00e9galement un<strong> toit transparent<\/strong>, essentiel si votre camper est \u00e9quip\u00e9 de panneaux solaires ou si vous pr\u00e9voyez d\u2019en installer \u00e0 l\u2019avenir. Cet \u00e9l\u00e9ment est indispensable pour <strong>ne pas compromettre la charge des batteries<\/strong> lorsque la housse est install\u00e9e.  <\/p><p><strong>Deux joncs de 2,50 m\u00e8tres avec velcro<\/strong> cousu sont inclus pour fixer la base de la housse de toit aux rails d\u2019origine du v\u00e9hicule.<\/p><ul><li><p>Si votre camper est \u00e9quip\u00e9 d\u2019un store, il vous suffira de couper l\u2019un des joncs \u00e0 la longueur n\u00e9cessaire.<\/p><\/li><li><p>S\u2019il n\u2019y a pas de rails, la housse peut \u00eatre fix\u00e9e \u00e0 l\u2019aide de cordes, de sandows, de ventouses ou d\u2019aimants (non inclus) gr\u00e2ce aux multiples \u0153illets situ\u00e9s sur le p\u00e9rim\u00e8tre inf\u00e9rieur.<\/p><\/li><\/ul><p>Veuillez noter que les fen\u00eatres, le toit transparent et les joncs sont inclus dans le prix, tandis que certains fabricants les proposent en options avec un co\u00fbt suppl\u00e9mentaire.<\/p>\t\t\t\t\t\t\t\t<\/div>\n\t\t\t\t<div class=\"elementor-element elementor-element-e9569de color-scheme-inherit text-left elementor-widget elementor-widget-text-editor\" data-id=\"e9569de\" data-element_type=\"widget\" data-e-type=\"widget\" data-widget_type=\"text-editor.default\">\n\t\t\t\t\t\t\t\t\t<div class=\"WncCi\" data-hook=\"info-section-description\"><ul><li>Volkswagen T5<\/li><li>Volkswagen T6<\/li><li>Volkswagen T6.1<\/li><\/ul><p><span style=\"color: #ff0000;\"><strong>UNIQUEMENT POUR TOITS RELEVABLES D\u2019ORIGINE VW<\/strong><\/span><\/p><\/div>\t\t\t\t\t\t\t\t<\/div>\n\t\t\t\t<div class=\"elementor-element elementor-element-6fbd352 elementor-widget elementor-widget-video\" data-id=\"6fbd352\" data-element_type=\"widget\" data-e-type=\"widget\" data-settings=\"{&quot;youtube_url&quot;:&quot;https:\\\/\\\/www.youtube.com\\\/watch?v=Kv3nEf265RI&amp;embeds_referring_euri=https%3A%2F%2Fwww.vancabin.net%2F&quot;,&quot;video_type&quot;:&quot;youtube&quot;,&quot;controls&quot;:&quot;yes&quot;}\" data-widget_type=\"video.default\">\n\t\t\t\t\t\t\t<div class=\"elementor-wrapper elementor-open-inline\">\n\t\t\t<div class=\"elementor-video\"><\/div>\t\t<\/div>\n\t\t\t\t\t\t<\/div>\n\t\t\t\t<\/div>\n\t\t<div class=\"elementor-element elementor-element-0679f5e e-con-full e-flex e-con e-child\" data-id=\"0679f5e\" data-element_type=\"container\" data-e-type=\"container\">\n\t\t\t\t<div class=\"elementor-element elementor-element-86f744f elementor-widget elementor-widget-heading\" data-id=\"86f744f\" data-element_type=\"widget\" data-e-type=\"widget\" data-widget_type=\"heading.default\">\n\t\t\t\t\t<h2 class=\"elementor-heading-title elementor-size-default\">MONTAGE<\/h2>\t\t\t\t<\/div>\n\t\t\t\t<div class=\"elementor-element elementor-element-9c38102 color-scheme-inherit text-left elementor-widget elementor-widget-text-editor\" data-id=\"9c38102\" data-element_type=\"widget\" data-e-type=\"widget\" data-widget_type=\"text-editor.default\">\n\t\t\t\t\t\t\t\t\t<ol><li><p><strong>D\u00e9but du montage :<\/strong><br>Commencez toujours par la <strong>partie avant du toit<\/strong>, en soulevant l\u00e9g\u00e8rement le toit du v\u00e9hicule et en <strong>ajustant les deux coins avant de la housse<\/strong>.<\/p><\/li><li><p><strong>Mise en place du reste de la housse :<\/strong><br>\u00c9tirez la housse vers l\u2019arri\u00e8re du v\u00e9hicule et ins\u00e9rez les deux joncs dans les rails lat\u00e9raux.<\/p><ul><li><p>Relevez le toit \u00e0 mi-course, <strong>assemblez les velcros de la base de la housse avec ceux des joncs<\/strong>, puis terminez de lever le toit jusqu\u2019\u00e0 sa position la plus haute.<\/p><\/li><\/ul><\/li><li><p>Adaptation en cas de store lat\u00e9ral :<br>Si votre camper est \u00e9quip\u00e9 d\u2019un store lat\u00e9ral, vous pouvez <strong>couper sur mesure deux morceaux de jonc<\/strong> afin de les placer dans les sections de rail libres, \u00e0 l\u2019avant et \u00e0 l\u2019arri\u00e8re du store.<\/p><\/li><li><p>Fixation alternative :<br>Le<strong> p\u00e9rim\u00e8tre inf\u00e9rieur <\/strong>de la housse comprend plusieurs \u0153illets m\u00e9talliques, permettant de la fixer \u00e0 l\u2019aide de <strong>sandows, de cordes, d\u2019aimants ou de ventouses<\/strong> (non fournis) si vous pr\u00e9f\u00e9rez cette m\u00e9thode.<\/p><\/li><\/ol>\t\t\t\t\t\t\t\t<\/div>\n\t\t\t\t<div class=\"elementor-element elementor-element-90c904a elementor-widget elementor-widget-heading\" data-id=\"90c904a\" data-element_type=\"widget\" data-e-type=\"widget\" data-widget_type=\"heading.default\">\n\t\t\t\t\t<h2 class=\"elementor-heading-title elementor-size-default\"> CARACT\u00c9RISTIQUES TECHNIQUES <\/h2>\t\t\t\t<\/div>\n\t\t\t\t<div class=\"elementor-element elementor-element-1de6dc8 color-scheme-inherit text-left elementor-widget elementor-widget-text-editor\" data-id=\"1de6dc8\" data-element_type=\"widget\" data-e-type=\"widget\" data-widget_type=\"text-editor.default\">\n\t\t\t\t\t\t\t\t\t<ul><li><p>Mat\u00e9riau : <strong>nylon 190T, PU 3000 mm<\/strong>, imperm\u00e9abilis\u00e9 des deux c\u00f4t\u00e9s, avec traitement anti-UV, <strong>coutures renforc\u00e9es et thermosoud\u00e9es<\/strong> \u00e0 l\u2019int\u00e9rieur. R\u00e9sistant, l\u00e9ger et totalement r\u00e9sistant au vent, aux chocs, aux d\u00e9chirures et \u00e0 l\u2019eau.  <\/p><\/li><li><p>Contenu du pack : housse de toit dans un sac pratique avec bandouli\u00e8re.<\/p><\/li><li><p>Dimensions du pack : <strong>55 \u00d7 15 \u00d7 15 cm<\/strong><\/p><\/li><li><p>Poids approximatif : <strong>2,0 kg<\/strong><\/p><\/li><li><p>Couleur : <strong>Gris<\/strong><\/p><\/li><\/ul>\t\t\t\t\t\t\t\t<\/div>\n\t\t\t\t<div class=\"elementor-element elementor-element-402d306 color-scheme-inherit text-left elementor-widget elementor-widget-text-editor\" data-id=\"402d306\" data-element_type=\"widget\" data-e-type=\"widget\" data-widget_type=\"text-editor.default\">\n\t\t\t\t\t\t\t\t\t<p><span dir=\"auto\"><strong>NOTE: Nous am\u00e9liorons nos produits chaque jour, c\u2019est pourquoi les mod\u00e8les pr\u00e9sent\u00e9s sur les photos et les vid\u00e9os peuvent l\u00e9g\u00e8rement diff\u00e9rer de la version la plus r\u00e9cente. La couleur per\u00e7ue du tissu peut varier selon l\u2019\u00e9cran, le moment de la prise de vue, etc.  <\/strong><br><\/span><\/p>\t\t\t\t\t\t\t\t<\/div>\n\t\t\t\t<\/div>\n\t\t\t\t\t<\/div>\n\t\t\t\t<\/div>\n\t\t\t\t<\/div>\n\t\t","protected":false},"excerpt":{"rendered":"<p>D\u00c9TAILS DU PRODUIT Cette housse de toit comprend deux fen\u00eatres lat\u00e9rales avec fermeture \u00e9clair \u00e0 double tirette m\u00e9tallique, permettant une<\/p>\n","protected":false},"featured_media":32908,"comment_status":"open","ping_status":"closed","template":"","meta":[],"product_brand":[],"product_cat":[82],"product_tag":[148],"class_list":{"0":"post-32912","1":"product","2":"type-product","3":"status-publish","4":"has-post-thumbnail","6":"product_cat-volkswagen","7":"product_tag-housse-de-toit","9":"first","10":"instock","11":"shipping-taxable","12":"purchasable","13":"product-type-simple"},"_links":{"self":[{"href":"https:\/\/vancabin.mobrilz.io\/fr\/wp-json\/wp\/v2\/product\/32912","targetHints":{"allow":["GET"]}}],"collection":[{"href":"https:\/\/vancabin.mobrilz.io\/fr\/wp-json\/wp\/v2\/product"}],"about":[{"href":"https:\/\/vancabin.mobrilz.io\/fr\/wp-json\/wp\/v2\/types\/product"}],"replies":[{"embeddable":true,"href":"https:\/\/vancabin.mobrilz.io\/fr\/wp-json\/wp\/v2\/comments?post=32912"}],"version-history":[{"count":1,"href":"https:\/\/vancabin.mobrilz.io\/fr\/wp-json\/wp\/v2\/product\/32912\/revisions"}],"predecessor-version":[{"id":32913,"href":"https:\/\/vancabin.mobrilz.io\/fr\/wp-json\/wp\/v2\/product\/32912\/revisions\/32913"}],"wp:featuredmedia":[{"embeddable":true,"href":"https:\/\/vancabin.mobrilz.io\/fr\/wp-json\/wp\/v2\/media\/32908"}],"wp:attachment":[{"href":"https:\/\/vancabin.mobrilz.io\/fr\/wp-json\/wp\/v2\/media?parent=32912"}],"wp:term":[{"taxonomy":"product_brand","embeddable":true,"href":"https:\/\/vancabin.mobrilz.io\/fr\/wp-json\/wp\/v2\/product_brand?post=32912"},{"taxonomy":"product_cat","embeddable":true,"href":"https:\/\/vancabin.mobrilz.io\/fr\/wp-json\/wp\/v2\/product_cat?post=32912"},{"taxonomy":"product_tag","embeddable":true,"href":"https:\/\/vancabin.mobrilz.io\/fr\/wp-json\/wp\/v2\/product_tag?post=32912"}],"curies":[{"name":"wp","href":"https:\/\/api.w.org\/{rel}","templated":true}]}}