{"id":32900,"date":"2026-03-22T19:57:43","date_gmt":"2026-03-22T19:57:43","guid":{"rendered":"https:\/\/vancabin.mobrilz.io\/product\/moustiquaire-c2-%c2%b7-arriere-%c2%b7\/"},"modified":"2026-04-11T21:58:09","modified_gmt":"2026-04-11T21:58:09","slug":"moustiquaire-c2-%c2%b7-arriere-%c2%b7","status":"publish","type":"product","link":"https:\/\/vancabin.mobrilz.io\/fr\/produit\/moustiquaire-c2-%c2%b7-arriere-%c2%b7\/","title":{"rendered":"MOUSTIQUAIRE C2 \u00b7 arri\u00e8re \u00b7"},"content":{"rendered":"\t\t<div data-elementor-type=\"wp-post\" data-elementor-id=\"32900\" class=\"elementor elementor-32900 elementor-32588\">\n\t\t\t\t<div class=\"wd-negative-gap elementor-element elementor-element-4d17212 e-flex e-con-boxed e-con e-parent\" data-id=\"4d17212\" data-element_type=\"container\" data-e-type=\"container\">\n\t\t\t\t\t<div class=\"e-con-inner\">\n\t\t<div class=\"elementor-element elementor-element-7cfb450 e-con-full e-flex e-con e-child\" data-id=\"7cfb450\" data-element_type=\"container\" data-e-type=\"container\">\n\t\t\t\t<div class=\"elementor-element elementor-element-c6296e1 elementor-widget elementor-widget-heading\" data-id=\"c6296e1\" data-element_type=\"widget\" data-e-type=\"widget\" data-widget_type=\"heading.default\">\n\t\t\t\t\t<h2 class=\"elementor-heading-title elementor-size-default\">D\u00c9TAILS DU PRODUIT<\/h2>\t\t\t\t<\/div>\n\t\t\t\t<div class=\"elementor-element elementor-element-ccd53df color-scheme-inherit text-left elementor-widget elementor-widget-text-editor\" data-id=\"ccd53df\" data-element_type=\"widget\" data-e-type=\"widget\" data-widget_type=\"text-editor.default\">\n\t\t\t\t\t\t\t\t\t<p>Les moustiquaires VANPAKKER \u00a9 <strong>by Vancabin \u00a9<\/strong> int\u00e8grent un syst\u00e8me innovant qui va bien au-del\u00e0 d\u2019une moustiquaire conventionnelle, offrant une solution polyvalente et multifonction pour votre van.<\/p><p>Son design repose sur un cadre en tissu <strong>Nylon Oxford 600D<\/strong>, ultra r\u00e9sistant et anti-d\u00e9chirures, qui s\u2019installe sur le v\u00e9hicule et sert de base pour jusqu\u2019\u00e0 <strong>5 utilisations diff\u00e9rentes :<\/strong><\/p><ul><li><p>Mosquitera<\/p><\/li><li><p>\u00c9cran d\u2019intimit\u00e9<\/p><\/li><li><p>Auvent<\/p><\/li><li><p>Douche ext\u00e9rieure<\/p><\/li><li><p>Isolant thermique*<\/p><\/li><\/ul><p>Vous pouvez utiliser chaque \u00e9l\u00e9ment s\u00e9par\u00e9ment, les combiner entre eux ou les d\u00e9monter compl\u00e8tement pour les ranger lorsque vous n\u2019en avez pas besoin, prolongeant ainsi leur dur\u00e9e de vie.<\/p><p><strong>Moustiquaire \u00e0 fermeture automatique<\/strong><br>Oubliez les fermetures \u00e9clair. Le syst\u00e8me de <strong>fermeture magn\u00e9tique<\/strong> permet d\u2019entrer et de sortir facilement, m\u00eame avec les mains occup\u00e9es.<br>De plus, il est parfait si vous voyagez avec des animaux, car ils peuvent passer librement sans avoir \u00e0 ouvrir et fermer.  <\/p><p><strong>Intimit\u00e9 totale ou mode auvent<\/strong><br>Inclut un rideau opaque enroulable dans la partie sup\u00e9rieure qui cr\u00e9e un espace compl\u00e8tement priv\u00e9 \u00e0 l\u2019int\u00e9rieur.<br>Combin\u00e9 avec le Pack Auvent, il peut \u00e9galement \u00eatre utilis\u00e9 comme protection contre le soleil ou la pluie.<\/p><p><strong>Douche ext\u00e9rieure ou vestiaire<\/strong><br>En d\u00e9montant le rideau d\u2019intimit\u00e9 et en le fixant aux portes \u00e0 l\u2019aide des crochets inclus, vous pouvez facilement cr\u00e9er un espace ext\u00e9rieur suppl\u00e9mentaire pour vous doucher ou vous changer en tout confort.<\/p><p><strong> Isolant thermique (optionnel)<\/strong><br>Pour les mois les plus froids, le m\u00eame cadre permet d\u2019installer un isolant thermique sur les portes arri\u00e8re, am\u00e9liorant le confort int\u00e9rieur du v\u00e9hicule.<br><em>Vendu s\u00e9par\u00e9ment.<\/em><\/p>\t\t\t\t\t\t\t\t<\/div>\n\t\t\t\t<div class=\"elementor-element elementor-element-d683d56 color-scheme-inherit text-left elementor-widget elementor-widget-text-editor\" data-id=\"d683d56\" data-element_type=\"widget\" data-e-type=\"widget\" data-widget_type=\"text-editor.default\">\n\t\t\t\t\t\t\t\t\t<p><strong>L\u2019ouverture de la porte doit mesurer<\/strong><\/p><p><strong>Largeur: 123\u2013185 cm<\/strong><br><strong>Hauteur: 124\u2013155 cm<\/strong><\/p>\t\t\t\t\t\t\t\t<\/div>\n\t\t\t\t<div class=\"elementor-element elementor-element-0cda7b5 elementor-widget elementor-widget-image\" data-id=\"0cda7b5\" data-element_type=\"widget\" data-e-type=\"widget\" data-widget_type=\"image.default\">\n\t\t\t\t\t\t\t\t\t\t\t\t\t\t\t<img fetchpriority=\"high\" decoding=\"async\" width=\"620\" height=\"676\" src=\"https:\/\/vancabin.mobrilz.io\/wp-content\/uploads\/2026\/02\/VANCABIN-MOSQUITERA-C2-POLYREAR-webp-11.webp\" class=\"attachment-medium_large size-medium_large wp-image-32891\" alt=\"\" srcset=\"https:\/\/vancabin.mobrilz.io\/wp-content\/uploads\/2026\/02\/VANCABIN-MOSQUITERA-C2-POLYREAR-webp-11.webp 620w, https:\/\/vancabin.mobrilz.io\/wp-content\/uploads\/2026\/02\/VANCABIN-MOSQUITERA-C2-POLYREAR-webp-11-275x300.webp 275w, https:\/\/vancabin.mobrilz.io\/wp-content\/uploads\/2026\/02\/VANCABIN-MOSQUITERA-C2-POLYREAR-webp-11-430x469.webp 430w, https:\/\/vancabin.mobrilz.io\/wp-content\/uploads\/2026\/02\/VANCABIN-MOSQUITERA-C2-POLYREAR-webp-11-150x164.webp 150w\" sizes=\"(max-width: 620px) 100vw, 620px\" \/>\t\t\t\t\t\t\t\t\t\t\t\t\t\t\t<\/div>\n\t\t\t\t<\/div>\n\t\t<div class=\"elementor-element elementor-element-e6e88d9 e-con-full e-flex e-con e-child\" data-id=\"e6e88d9\" data-element_type=\"container\" data-e-type=\"container\">\n\t\t\t\t<div class=\"elementor-element elementor-element-e24acea elementor-widget elementor-widget-heading\" data-id=\"e24acea\" data-element_type=\"widget\" data-e-type=\"widget\" data-widget_type=\"heading.default\">\n\t\t\t\t\t<h2 class=\"elementor-heading-title elementor-size-default\">MONTAGE<\/h2>\t\t\t\t<\/div>\n\t\t\t\t<div class=\"elementor-element elementor-element-27bccf2 color-scheme-inherit text-left elementor-widget elementor-widget-text-editor\" data-id=\"27bccf2\" data-element_type=\"widget\" data-e-type=\"widget\" data-widget_type=\"text-editor.default\">\n\t\t\t\t\t\t\t\t\t<p>Le syst\u00e8me multifonction VANPAKKER n\u00e9cessite une installation initiale un peu plus compl\u00e8te qu\u2019une moustiquaire conventionnelle, mais vous ne devrez le faire qu\u2019une seule fois pour profiter de toutes ses fonctions.<\/p><ol><li><strong>1. Mise en place du cadre<\/strong><br>Le cadre en nylon se fixe \u00e0 l\u2019aide du joint d\u2019\u00e9tanch\u00e9it\u00e9 des portes.<br>Retirez-le partiellement, placez le cadre, puis remettez le joint par-dessus pour assurer la fixation.<\/li><li><strong>2. Ajustement \u00e0 votre v\u00e9hicule<\/strong><br>Le cadre a une taille universelle, vous devrez donc d\u00e9couper l\u2019exc\u00e9dent de mati\u00e8re pour l\u2019adapter parfaitement \u00e0 votre van.<\/li><li><strong>3. Installation progressive<\/strong><br>Il est recommand\u00e9 de l\u2019installer par sections (30\u201340 cm), en commen\u00e7ant par la partie sup\u00e9rieure centrale et en alternant vers les deux c\u00f4t\u00e9s pour faciliter le processus.<\/li><li><strong>4. R\u00e9glage final<\/strong><br>V\u00e9rifiez que la moustiquaire s\u2019ouvre et se ferme correctement.<br>Si elle est trop tendue, ajustez le cadre depuis les c\u00f4t\u00e9s jusqu\u2019\u00e0 obtenir une fermeture automatique fluide.<\/li><\/ol>\t\t\t\t\t\t\t\t<\/div>\n\t\t\t\t<div class=\"elementor-element elementor-element-9f6a9e4 elementor-widget elementor-widget-video\" data-id=\"9f6a9e4\" data-element_type=\"widget\" data-e-type=\"widget\" data-settings=\"{&quot;youtube_url&quot;:&quot;https:\\\/\\\/www.youtube.com\\\/watch?v=rNJCkyuAT6A&quot;,&quot;video_type&quot;:&quot;youtube&quot;,&quot;controls&quot;:&quot;yes&quot;}\" data-widget_type=\"video.default\">\n\t\t\t\t\t\t\t<div class=\"elementor-wrapper elementor-open-inline\">\n\t\t\t<div class=\"elementor-video\"><\/div>\t\t<\/div>\n\t\t\t\t\t\t<\/div>\n\t\t\t\t<div class=\"elementor-element elementor-element-e31bd04 elementor-widget elementor-widget-heading\" data-id=\"e31bd04\" data-element_type=\"widget\" data-e-type=\"widget\" data-widget_type=\"heading.default\">\n\t\t\t\t\t<h2 class=\"elementor-heading-title elementor-size-default\"> CARACT\u00c9RISTIQUES TECHNIQUES <\/h2>\t\t\t\t<\/div>\n\t\t\t\t<div class=\"elementor-element elementor-element-578cfd6 color-scheme-inherit text-left elementor-widget elementor-widget-text-editor\" data-id=\"578cfd6\" data-element_type=\"widget\" data-e-type=\"widget\" data-widget_type=\"text-editor.default\">\n\t\t\t\t\t\t\t\t\t<ul><li><p>Moustiquaire : polyester de 40\u201342 g\/m\u00b2, l\u00e9ger, r\u00e9sistant et offrant une excellente ventilation<\/p><\/li><li><p><strong>Syst\u00e8me de fermeture :<\/strong> barres aimant\u00e9es de 5 cm en ouverture verticale et \u00e0 la base<\/p><\/li><li><p>Cadre : Nylon Oxford 600D, imperm\u00e9able et anti-d\u00e9chirures<\/p><\/li><li><p><strong>Entretien <\/strong>: lavable, ne se froisse pas et \u00e0 s\u00e9chage rapide<\/p><\/li><li><strong>Inclut : <\/strong>moustiquaire + cadre multifonction<\/li><\/ul><ul><li><p>Dimensions du sac :<strong> 20 \u00d7 30 \u00d7 5 cm<\/strong><\/p><\/li><li><p>Poids approx. : 1,3 kg<\/p><\/li><li><p>Couleur: <strong>Noir<\/strong><\/p><\/li><\/ul>\t\t\t\t\t\t\t\t<\/div>\n\t\t\t\t<div class=\"elementor-element elementor-element-9e13d2f color-scheme-inherit text-left elementor-widget elementor-widget-text-editor\" data-id=\"9e13d2f\" data-element_type=\"widget\" data-e-type=\"widget\" data-widget_type=\"text-editor.default\">\n\t\t\t\t\t\t\t\t\t<p><span dir=\"auto\"><strong>NOTE: Nous am\u00e9liorons nos produits chaque jour, c\u2019est pourquoi les mod\u00e8les pr\u00e9sent\u00e9s sur les photos et les vid\u00e9os peuvent l\u00e9g\u00e8rement diff\u00e9rer de la version la plus r\u00e9cente. La couleur per\u00e7ue du tissu peut varier selon l\u2019\u00e9cran, le moment de la prise de vue, etc.  <\/strong><br><\/span><\/p>\t\t\t\t\t\t\t\t<\/div>\n\t\t\t\t<\/div>\n\t\t\t\t\t<\/div>\n\t\t\t\t<\/div>\n\t\t\t\t<\/div>\n\t\t","protected":false},"excerpt":{"rendered":"<p>D\u00c9TAILS DU PRODUIT Les moustiquaires VANPAKKER \u00a9 by Vancabin \u00a9 int\u00e8grent un syst\u00e8me innovant qui va bien au-del\u00e0 d\u2019une moustiquaire<\/p>\n","protected":false},"featured_media":32872,"comment_status":"open","ping_status":"closed","template":"","meta":[],"product_brand":[],"product_cat":[97,99,82,100],"product_tag":[145],"class_list":{"0":"post-32900","1":"product","2":"type-product","3":"status-publish","4":"has-post-thumbnail","6":"product_cat-ford-transit-custom-nugget","7":"product_cat-spacetourer-jumpy-expert-proace-vivaro-traveller","8":"product_cat-volkswagen","9":"product_cat-trafic-primastar-nv300-talento-vivaro","10":"product_tag-moustiquaire","12":"first","13":"instock","14":"shipping-taxable","15":"product-type-grouped"},"_links":{"self":[{"href":"https:\/\/vancabin.mobrilz.io\/fr\/wp-json\/wp\/v2\/product\/32900","targetHints":{"allow":["GET"]}}],"collection":[{"href":"https:\/\/vancabin.mobrilz.io\/fr\/wp-json\/wp\/v2\/product"}],"about":[{"href":"https:\/\/vancabin.mobrilz.io\/fr\/wp-json\/wp\/v2\/types\/product"}],"replies":[{"embeddable":true,"href":"https:\/\/vancabin.mobrilz.io\/fr\/wp-json\/wp\/v2\/comments?post=32900"}],"version-history":[{"count":1,"href":"https:\/\/vancabin.mobrilz.io\/fr\/wp-json\/wp\/v2\/product\/32900\/revisions"}],"predecessor-version":[{"id":32901,"href":"https:\/\/vancabin.mobrilz.io\/fr\/wp-json\/wp\/v2\/product\/32900\/revisions\/32901"}],"wp:featuredmedia":[{"embeddable":true,"href":"https:\/\/vancabin.mobrilz.io\/fr\/wp-json\/wp\/v2\/media\/32872"}],"wp:attachment":[{"href":"https:\/\/vancabin.mobrilz.io\/fr\/wp-json\/wp\/v2\/media?parent=32900"}],"wp:term":[{"taxonomy":"product_brand","embeddable":true,"href":"https:\/\/vancabin.mobrilz.io\/fr\/wp-json\/wp\/v2\/product_brand?post=32900"},{"taxonomy":"product_cat","embeddable":true,"href":"https:\/\/vancabin.mobrilz.io\/fr\/wp-json\/wp\/v2\/product_cat?post=32900"},{"taxonomy":"product_tag","embeddable":true,"href":"https:\/\/vancabin.mobrilz.io\/fr\/wp-json\/wp\/v2\/product_tag?post=32900"}],"curies":[{"name":"wp","href":"https:\/\/api.w.org\/{rel}","templated":true}]}}