{"id":32830,"date":"2026-03-23T16:13:56","date_gmt":"2026-03-23T16:13:56","guid":{"rendered":"https:\/\/vancabin.mobrilz.io\/product\/m2-versa-%c2%b7-double-porte-arriere-%c2%b7\/"},"modified":"2026-04-11T21:27:25","modified_gmt":"2026-04-11T21:27:25","slug":"m2-versa-%c2%b7-double-porte-arriere-%c2%b7","status":"publish","type":"product","link":"https:\/\/vancabin.mobrilz.io\/fr\/produit\/m2-versa-%c2%b7-double-porte-arriere-%c2%b7\/","title":{"rendered":"M2 VERSA \u00b7 double porte arri\u00e8re \u00b7"},"content":{"rendered":"\t\t<div data-elementor-type=\"wp-post\" data-elementor-id=\"32830\" class=\"elementor elementor-32830 elementor-32548\">\n\t\t\t\t<div class=\"wd-negative-gap elementor-element elementor-element-a5e7fe2 e-flex e-con-boxed e-con e-parent\" data-id=\"a5e7fe2\" data-element_type=\"container\" data-e-type=\"container\">\n\t\t\t\t\t<div class=\"e-con-inner\">\n\t\t<div class=\"elementor-element elementor-element-c41c937 e-con-full e-flex e-con e-child\" data-id=\"c41c937\" data-element_type=\"container\" data-e-type=\"container\">\n\t\t\t\t<div class=\"elementor-element elementor-element-861f86f elementor-widget elementor-widget-heading\" data-id=\"861f86f\" data-element_type=\"widget\" data-e-type=\"widget\" data-widget_type=\"heading.default\">\n\t\t\t\t\t<h2 class=\"elementor-heading-title elementor-size-default\">D\u00c9TAILS DU PRODUIT<\/h2>\t\t\t\t<\/div>\n\t\t\t\t<div class=\"elementor-element elementor-element-ffaa48c color-scheme-inherit text-left elementor-widget elementor-widget-text-editor\" data-id=\"ffaa48c\" data-element_type=\"widget\" data-e-type=\"widget\" data-widget_type=\"text-editor.default\">\n\t\t\t\t\t\t\t\t\t<p>Notre mod\u00e8le de cabine pr\u00e9sente un <strong>design innovant<\/strong> qui utilise les portes arri\u00e8re comme support, sans besoin de structures complexes, ce qui permet un montage rapide et simple, m\u00eame si votre van est \u00e9quip\u00e9 d\u2019un porte-v\u00e9los. <strong>NON COMPATIBLE AVEC SPOILER.<\/strong><\/p><p>Inclut de s\u00e9rie un <strong>s\u00e9parateur entre l\u2019auvent et le v\u00e9hicule<\/strong>, qui peut s\u2019ouvrir ou se fermer selon vos besoins :<\/p><ul><li>Comme <strong>espace ind\u00e9pendant<\/strong>, id\u00e9al pour la douche, le vestiaire ou les toilettes.<\/li><li>Comme <strong>extension du v\u00e9hicule<\/strong>, permettant d\u2019acc\u00e9der \u00e0 l\u2019int\u00e9rieur quelle que soit la configuration de votre van (lit, tiroirs, etc.).<\/li><\/ul><p><strong> L\u2019acc\u00e8s frontal <\/strong>se fait par une grande porte qui garantit <strong>ventilation et visibilit\u00e9<\/strong> depuis l\u2019int\u00e9rieur lorsque le s\u00e9parateur est ouvert. Cette porte peut \u00e9galement se transformer en <strong>auvent <\/strong>gr\u00e2ce \u00e0 notre <strong>Pack Auvent<\/strong>, qui comprend 2 m\u00e2ts t\u00e9lescopiques, des piquets et des cordes\/tendeurs.  <\/p><p>Les <strong>c\u00f4t\u00e9s de la cabine <\/strong>sont \u00e9quip\u00e9s d\u2019un velcro vertical pour la fixer au cadre arri\u00e8re du van. Aucun velcro int\u00e9rieur n\u2019est inclus, afin que vous puissiez choisir la couleur qui s\u2019adapte le mieux \u00e0 votre v\u00e9hicule.  <\/p><p>Les <strong>arceaux en fibre de verre<\/strong> forment une structure \u00e0 la base de l\u2019auvent, maintenant la forme de la cabine m\u00eame en cas de vents forts. Pour les terrains meubles, <strong>4 piquets m\u00e9talliques<\/strong> sont inclus.  <\/p><p>Le<strong> toit int\u00e8gre deux arceaux<\/strong> qui augmentent la hauteur int\u00e9rieure, permettant de ranger des planches de surf, des skis ou d\u2019autres objets volumineux. Il offre \u00e9galement la possibilit\u00e9 de suspendre une douche ou une lampe si n\u00e9cessaire.  <\/p>\t\t\t\t\t\t\t\t<\/div>\n\t\t\t\t<div class=\"elementor-element elementor-element-00e34fe color-scheme-inherit text-left elementor-widget elementor-widget-text-editor\" data-id=\"00e34fe\" data-element_type=\"widget\" data-e-type=\"widget\" data-widget_type=\"text-editor.default\">\n\t\t\t\t\t\t\t\t\t<div class=\"WncCi\" data-hook=\"info-section-description\"><ul><li>Citro\u00ebn Spacetourer &#8211; Jumpy<\/li><li>Peugeot Traveller &#8211; Expert<\/li><li>Toyota ProAce Verso<\/li><li>Opel Zafira Life &#8211; Vivaro (depuis 2018)<\/li><li>Fiat Scudo &#8211; Ulysse<\/li><\/ul><\/div>\t\t\t\t\t\t\t\t<\/div>\n\t\t\t\t<div class=\"elementor-element elementor-element-65d5d39 elementor-widget elementor-widget-video\" data-id=\"65d5d39\" data-element_type=\"widget\" data-e-type=\"widget\" data-settings=\"{&quot;youtube_url&quot;:&quot;https:\\\/\\\/www.youtube.com\\\/watch?v=1idFah_YBh4&quot;,&quot;video_type&quot;:&quot;youtube&quot;,&quot;controls&quot;:&quot;yes&quot;}\" data-widget_type=\"video.default\">\n\t\t\t\t\t\t\t<div class=\"elementor-wrapper elementor-open-inline\">\n\t\t\t<div class=\"elementor-video\"><\/div>\t\t<\/div>\n\t\t\t\t\t\t<\/div>\n\t\t\t\t<\/div>\n\t\t<div class=\"elementor-element elementor-element-548174f e-con-full e-flex e-con e-child\" data-id=\"548174f\" data-element_type=\"container\" data-e-type=\"container\">\n\t\t\t\t<div class=\"elementor-element elementor-element-b892ddc elementor-widget elementor-widget-heading\" data-id=\"b892ddc\" data-element_type=\"widget\" data-e-type=\"widget\" data-widget_type=\"heading.default\">\n\t\t\t\t\t<h2 class=\"elementor-heading-title elementor-size-default\">MONTAGE<\/h2>\t\t\t\t<\/div>\n\t\t\t\t<div class=\"elementor-element elementor-element-e800213 color-scheme-inherit text-left elementor-widget elementor-widget-text-editor\" data-id=\"e800213\" data-element_type=\"widget\" data-e-type=\"widget\" data-widget_type=\"text-editor.default\">\n\t\t\t\t\t\t\t\t\t<ol><li><p><strong>Suspendre la cabine :<\/strong><br>Placez la cabine sur les deux portes en utilisant ses rabats lat\u00e9raux. Les <strong>\u00e9lastiques <\/strong>fixent les c\u00f4t\u00e9s au bord inf\u00e9rieur des portes de mani\u00e8re s\u00e9curis\u00e9e. <\/p><\/li><li><p><strong>R\u00e9glage du toit :<\/strong><br>La jonction entre le toit de la cabine et le v\u00e9hicule se fait \u00e0 l\u2019aide d\u2019un autre <strong>\u00e9lastique <\/strong>qui recouvre la partie sup\u00e9rieure et se fixe aux charni\u00e8res des portes avec <strong>deux crochets<\/strong>, assurant un ajustement ferme.<\/p><\/li><li><p><strong>Formation de la cabine :<\/strong><br>Les <strong>arceaux du toit en forme de croix<\/strong> donnent sa forme \u00e0 la cabine, offrant un <strong>volume spacieux et confortable<\/strong> pour vos s\u00e9jours en camping.<\/p><\/li><li><p><strong>Renforcement par temps venteux :<\/strong><br>Les <strong>arceaux en fibre de verre<\/strong> et les piquets m\u00e9talliques ne sont n\u00e9cessaires qu\u2019en cas de vents forts.<\/p><ul><li><p>La partie inf\u00e9rieure de la cabine dispose d\u2019un ourlet pour ins\u00e9rer les arceaux.<\/p><\/li><li><p>Quatre pi\u00e8ces en caoutchouc permettent de fixer les piquets au sol.<\/p><\/li><\/ul><\/li><\/ol>\t\t\t\t\t\t\t\t<\/div>\n\t\t\t\t<div class=\"elementor-element elementor-element-9a78317 elementor-widget elementor-widget-video\" data-id=\"9a78317\" data-element_type=\"widget\" data-e-type=\"widget\" data-settings=\"{&quot;youtube_url&quot;:&quot;https:\\\/\\\/www.youtube.com\\\/watch?v=FrhHyVhfg-Y&quot;,&quot;video_type&quot;:&quot;youtube&quot;,&quot;controls&quot;:&quot;yes&quot;}\" data-widget_type=\"video.default\">\n\t\t\t\t\t\t\t<div class=\"elementor-wrapper elementor-open-inline\">\n\t\t\t<div class=\"elementor-video\"><\/div>\t\t<\/div>\n\t\t\t\t\t\t<\/div>\n\t\t\t\t<div class=\"elementor-element elementor-element-0d9b5d8 elementor-widget elementor-widget-heading\" data-id=\"0d9b5d8\" data-element_type=\"widget\" data-e-type=\"widget\" data-widget_type=\"heading.default\">\n\t\t\t\t\t<h2 class=\"elementor-heading-title elementor-size-default\"> CARACT\u00c9RISTIQUES TECHNIQUES <\/h2>\t\t\t\t<\/div>\n\t\t\t\t<div class=\"elementor-element elementor-element-b1ec42f color-scheme-inherit text-left elementor-widget elementor-widget-text-editor\" data-id=\"b1ec42f\" data-element_type=\"widget\" data-e-type=\"widget\" data-widget_type=\"text-editor.default\">\n\t\t\t\t\t\t\t\t\t<ul><li><p><strong>Mat\u00e9riau: tissu en nylon 190T PU3000mm<\/strong>, imperm\u00e9abilis\u00e9 des deux c\u00f4t\u00e9s, avec traitement anti-UV et coutures renforc\u00e9es. Solide, l\u00e9ger et r\u00e9sistant au vent, aux chocs et aux d\u00e9chirures.  <\/p><\/li><li><p>Contenido del pack:<strong> Cabina, 6 varillas de fibra de vidrio y 4 piquetas met\u00e1lica<\/strong><strong>s<\/strong>, todo guardado en una pr\u00e1ctica bolsa con bandolera.<\/p><\/li><li><p>Dimensions du pack : <strong>55 \u00d7 15 \u00d7 15 cm<\/strong><\/p><\/li><li><p>Poids approximatif : <strong>2,0 kg<\/strong><\/p><\/li><li><p>Couleur : <strong>Gris<\/strong><\/p><\/li><\/ul>\t\t\t\t\t\t\t\t<\/div>\n\t\t\t\t<div class=\"elementor-element elementor-element-6648c0c color-scheme-inherit text-left elementor-widget elementor-widget-text-editor\" data-id=\"6648c0c\" data-element_type=\"widget\" data-e-type=\"widget\" data-widget_type=\"text-editor.default\">\n\t\t\t\t\t\t\t\t\t<p><span dir=\"auto\"><strong>NOTE: Nous am\u00e9liorons nos produits chaque jour, c\u2019est pourquoi les mod\u00e8les pr\u00e9sent\u00e9s sur les photos et les vid\u00e9os peuvent l\u00e9g\u00e8rement diff\u00e9rer de la version la plus r\u00e9cente. La couleur per\u00e7ue du tissu peut varier selon l\u2019\u00e9cran, le moment de la prise de vue, etc.  <\/strong><br><\/span><\/p>\t\t\t\t\t\t\t\t<\/div>\n\t\t\t\t<\/div>\n\t\t\t\t\t<\/div>\n\t\t\t\t<\/div>\n\t\t\t\t<\/div>\n\t\t","protected":false},"excerpt":{"rendered":"<p>D\u00c9TAILS DU PRODUIT Notre mod\u00e8le de cabine pr\u00e9sente un design innovant qui utilise les portes arri\u00e8re comme support, sans besoin<\/p>\n","protected":false},"featured_media":32819,"comment_status":"open","ping_status":"closed","template":"","meta":[],"product_brand":[],"product_cat":[99],"product_tag":[147],"class_list":{"0":"post-32830","1":"product","2":"type-product","3":"status-publish","4":"has-post-thumbnail","6":"product_cat-spacetourer-jumpy-expert-proace-vivaro-traveller","7":"product_tag-tente","9":"first","10":"instock","11":"shipping-taxable","12":"product-type-grouped"},"_links":{"self":[{"href":"https:\/\/vancabin.mobrilz.io\/fr\/wp-json\/wp\/v2\/product\/32830","targetHints":{"allow":["GET"]}}],"collection":[{"href":"https:\/\/vancabin.mobrilz.io\/fr\/wp-json\/wp\/v2\/product"}],"about":[{"href":"https:\/\/vancabin.mobrilz.io\/fr\/wp-json\/wp\/v2\/types\/product"}],"replies":[{"embeddable":true,"href":"https:\/\/vancabin.mobrilz.io\/fr\/wp-json\/wp\/v2\/comments?post=32830"}],"version-history":[{"count":1,"href":"https:\/\/vancabin.mobrilz.io\/fr\/wp-json\/wp\/v2\/product\/32830\/revisions"}],"predecessor-version":[{"id":32831,"href":"https:\/\/vancabin.mobrilz.io\/fr\/wp-json\/wp\/v2\/product\/32830\/revisions\/32831"}],"wp:featuredmedia":[{"embeddable":true,"href":"https:\/\/vancabin.mobrilz.io\/fr\/wp-json\/wp\/v2\/media\/32819"}],"wp:attachment":[{"href":"https:\/\/vancabin.mobrilz.io\/fr\/wp-json\/wp\/v2\/media?parent=32830"}],"wp:term":[{"taxonomy":"product_brand","embeddable":true,"href":"https:\/\/vancabin.mobrilz.io\/fr\/wp-json\/wp\/v2\/product_brand?post=32830"},{"taxonomy":"product_cat","embeddable":true,"href":"https:\/\/vancabin.mobrilz.io\/fr\/wp-json\/wp\/v2\/product_cat?post=32830"},{"taxonomy":"product_tag","embeddable":true,"href":"https:\/\/vancabin.mobrilz.io\/fr\/wp-json\/wp\/v2\/product_tag?post=32830"}],"curies":[{"name":"wp","href":"https:\/\/api.w.org\/{rel}","templated":true}]}}