{"id":32811,"date":"2026-03-22T23:02:58","date_gmt":"2026-03-22T23:02:58","guid":{"rendered":"https:\/\/vancabin.mobrilz.io\/product\/t5t6cabin1-%c2%b7-hayon-%c2%b7\/"},"modified":"2026-04-11T21:17:00","modified_gmt":"2026-04-11T21:17:00","slug":"t5t6cabin1-%c2%b7-hayon-%c2%b7","status":"publish","type":"product","link":"https:\/\/vancabin.mobrilz.io\/fr\/produit\/t5t6cabin1-%c2%b7-hayon-%c2%b7\/","title":{"rendered":"T5T6CABIN(1) \u00b7 hayon \u00b7"},"content":{"rendered":"\t\t<div data-elementor-type=\"wp-post\" data-elementor-id=\"32811\" class=\"elementor elementor-32811 elementor-32556\">\n\t\t\t\t<div class=\"wd-negative-gap elementor-element elementor-element-ceb901e e-flex e-con-boxed e-con e-parent\" data-id=\"ceb901e\" data-element_type=\"container\" data-e-type=\"container\">\n\t\t\t\t\t<div class=\"e-con-inner\">\n\t\t<div class=\"elementor-element elementor-element-4c2f382 e-con-full e-flex e-con e-child\" data-id=\"4c2f382\" data-element_type=\"container\" data-e-type=\"container\">\n\t\t\t\t<div class=\"elementor-element elementor-element-6e8df2b elementor-widget elementor-widget-heading\" data-id=\"6e8df2b\" data-element_type=\"widget\" data-e-type=\"widget\" data-widget_type=\"heading.default\">\n\t\t\t\t\t<h2 class=\"elementor-heading-title elementor-size-default\">D\u00c9TAILS DU PRODUIT<\/h2>\t\t\t\t<\/div>\n\t\t\t\t<div class=\"elementor-element elementor-element-0dd2f38 color-scheme-inherit text-left elementor-widget elementor-widget-text-editor\" data-id=\"0dd2f38\" data-element_type=\"widget\" data-e-type=\"widget\" data-widget_type=\"text-editor.default\">\n\t\t\t\t\t\t\t\t\t<p>Notre mod\u00e8le de cabine pr\u00e9sente un <strong>design innovant<\/strong> qui utilise les portes arri\u00e8re comme support, sans besoin de structures complexes, ce qui permet un <strong>montage rapide et simple<\/strong>, m\u00eame si votre van est \u00e9quip\u00e9 d\u2019un porte-v\u00e9los. <strong>NON COMPATIBLE AVEC SPOILER.<\/strong><\/p><p>Inclut de s\u00e9rie un <strong>s\u00e9parateur entre l\u2019auvent et le v\u00e9hicule<\/strong>, qui peut s\u2019ouvrir ou se fermer selon vos besoins :<\/p><ul><li><p>Comme <strong>espace ind\u00e9pendant<\/strong>, id\u00e9al pour la douche, le vestiaire ou les toilettes.<\/p><\/li><li><p>Comme <strong>extension du v\u00e9hicule<\/strong>, permettant d\u2019acc\u00e9der \u00e0 l\u2019int\u00e9rieur quelle que soit la configuration de votre van (lit, tiroirs, etc.).<\/p><\/li><\/ul><p>La cabine dispose de <strong>2 possibilit\u00e9s d\u2019acc\u00e8s<\/strong> afin de s\u2019adapter \u00e0 toutes les configurations d\u2019am\u00e9nagement du van :<\/p><ul><li><p><strong> L\u2019acc\u00e8s frontal <\/strong>se fait par une grande porte qui garantit <strong>ventilation et visibilit\u00e9<\/strong> depuis l\u2019int\u00e9rieur lorsque le s\u00e9parateur est ouvert. Cette porte peut \u00e9galement se transformer en <strong>auvent <\/strong>gr\u00e2ce \u00e0 notre <strong>Pack Auvent<\/strong>, qui comprend 2 m\u00e2ts t\u00e9lescopiques, des piquets et des cordes\/tendeurs.  <\/p><\/li><li><p><strong>L\u2019acc\u00e8s par le c\u00f4t\u00e9 droit<\/strong>, avec une large porte \u00e0 fermeture \u00e9clair.<\/p><\/li><\/ul><p>Les <strong>arceaux en fibre de verre<\/strong> forment une structure \u00e0 la base de l\u2019auvent, maintenant la forme de la cabine m\u00eame en cas de vents forts. Pour les terrains meubles, <strong>4 piquets m\u00e9talliques<\/strong> sont inclus.  <\/p>\t\t\t\t\t\t\t\t<\/div>\n\t\t\t\t<div class=\"elementor-element elementor-element-349948c color-scheme-inherit text-left elementor-widget elementor-widget-text-editor\" data-id=\"349948c\" data-element_type=\"widget\" data-e-type=\"widget\" data-widget_type=\"text-editor.default\">\n\t\t\t\t\t\t\t\t\t<div class=\"WncCi\" data-hook=\"info-section-description\"><ul><li>Volkswagen T5<\/li><li>Volkswagen T6<\/li><li>Volkswagen T6.1<\/li><\/ul><\/div>\t\t\t\t\t\t\t\t<\/div>\n\t\t\t\t<div class=\"elementor-element elementor-element-ed27f84 elementor-widget elementor-widget-video\" data-id=\"ed27f84\" data-element_type=\"widget\" data-e-type=\"widget\" data-settings=\"{&quot;youtube_url&quot;:&quot;https:\\\/\\\/www.youtube.com\\\/watch?v=wUUjlNWtR_E&quot;,&quot;video_type&quot;:&quot;youtube&quot;,&quot;controls&quot;:&quot;yes&quot;}\" data-widget_type=\"video.default\">\n\t\t\t\t\t\t\t<div class=\"elementor-wrapper elementor-open-inline\">\n\t\t\t<div class=\"elementor-video\"><\/div>\t\t<\/div>\n\t\t\t\t\t\t<\/div>\n\t\t\t\t<\/div>\n\t\t<div class=\"elementor-element elementor-element-1cdb592 e-con-full e-flex e-con e-child\" data-id=\"1cdb592\" data-element_type=\"container\" data-e-type=\"container\">\n\t\t\t\t<div class=\"elementor-element elementor-element-4e0c261 elementor-widget elementor-widget-heading\" data-id=\"4e0c261\" data-element_type=\"widget\" data-e-type=\"widget\" data-widget_type=\"heading.default\">\n\t\t\t\t\t<h2 class=\"elementor-heading-title elementor-size-default\">MONTAGE<\/h2>\t\t\t\t<\/div>\n\t\t\t\t<div class=\"elementor-element elementor-element-be97ca2 color-scheme-inherit text-left elementor-widget elementor-widget-text-editor\" data-id=\"be97ca2\" data-element_type=\"widget\" data-e-type=\"widget\" data-widget_type=\"text-editor.default\">\n\t\t\t\t\t\t\t\t\t<ol><li><p>Installation de la cabine :<br>Avec le hayon presque compl\u00e8tement lev\u00e9, placez <strong>d\u2019abord l\u2019avant de la cabine<\/strong> sur la partie basse du hayon, puis ajustez les <strong>deux bandes lat\u00e9rales du toit.<\/strong><\/p><\/li><li><p><strong>R\u00e9glage de l\u2019\u00e9lastique :<\/strong><br>Pour faciliter l\u2019installation, abaissez l\u00e9g\u00e8rement le hayon et croisez l\u2019<strong>\u00e9lastique <\/strong>qui relie les deux bandes lat\u00e9rales. Ensuite, terminez de lever le hayon.  <\/p><\/li><li><p><strong>Fixation du s\u00e9parateur :<\/strong><br>La pi\u00e8ce qui s\u00e9pare la cabine du v\u00e9hicule <strong>comprend des velcros sup\u00e9rieurs<\/strong> pour la fixer aux c\u00f4t\u00e9s de la cabine.<\/p><ul><li><p>S\u00e9parez les velcros, contournez les v\u00e9rins qui soul\u00e8vent le hayon et refermez-les.<\/p><\/li><\/ul><\/li><li><p><strong>Fixation suppl\u00e9mentaire (optionnelle) :<\/strong><br>Pour plus de s\u00e9curit\u00e9, vous pouvez utiliser du velcro adh\u00e9sif \u00e0 l\u2019int\u00e9rieur des c\u00f4t\u00e9s du v\u00e9hicule et sur la partie sup\u00e9rieure.<\/p><ul><li><p>La cabine comprend d\u00e9j\u00e0 du velcro cousu qui s\u2019attachera au velcro adh\u00e9sif.<\/p><\/li><\/ul><\/li><li><p><strong>Renforcement par temps venteux :<\/strong><br>Les <strong>arceaux en fibre de verre<\/strong> et les piquets m\u00e9talliques ne sont n\u00e9cessaires qu\u2019en cas de vents forts.<\/p><ul><li><p>La partie inf\u00e9rieure de la cabine dispose d\u2019un ourlet pour ins\u00e9rer les arceaux.<\/p><\/li><li><p>Quatre pi\u00e8ces en caoutchouc permettent de fixer les piquets au sol.<\/p><\/li><\/ul><\/li><\/ol>\t\t\t\t\t\t\t\t<\/div>\n\t\t\t\t<div class=\"elementor-element elementor-element-5e85e98 elementor-widget elementor-widget-heading\" data-id=\"5e85e98\" data-element_type=\"widget\" data-e-type=\"widget\" data-widget_type=\"heading.default\">\n\t\t\t\t\t<h2 class=\"elementor-heading-title elementor-size-default\"> CARACT\u00c9RISTIQUES TECHNIQUES <\/h2>\t\t\t\t<\/div>\n\t\t\t\t<div class=\"elementor-element elementor-element-c58b955 color-scheme-inherit text-left elementor-widget elementor-widget-text-editor\" data-id=\"c58b955\" data-element_type=\"widget\" data-e-type=\"widget\" data-widget_type=\"text-editor.default\">\n\t\t\t\t\t\t\t\t\t<ul><li><p><strong>Mat\u00e9riau: tissu en nylon 190T PU3000mm<\/strong>, imperm\u00e9abilis\u00e9 des deux c\u00f4t\u00e9s, avec traitement anti-UV et coutures renforc\u00e9es. Solide, l\u00e9ger et r\u00e9sistant au vent, aux chocs et aux d\u00e9chirures.  <\/p><\/li><li><p><strong>Contenu du pack :<\/strong> cabine, 4 arceaux en fibre de verre et 4 piquets m\u00e9talliques, le tout rang\u00e9 dans un sac pratique avec bandouli\u00e8re.<\/p><\/li><li><p>Dimensions du pack : <strong>55 \u00d7 15 \u00d7 15 cm<\/strong><\/p><\/li><li><p>Poids approximatif : <strong>2,0 kg<\/strong><\/p><\/li><li><p>Couleur : <strong>Gris<\/strong><\/p><\/li><\/ul>\t\t\t\t\t\t\t\t<\/div>\n\t\t\t\t<div class=\"elementor-element elementor-element-91aa6e3 color-scheme-inherit text-left elementor-widget elementor-widget-text-editor\" data-id=\"91aa6e3\" data-element_type=\"widget\" data-e-type=\"widget\" data-widget_type=\"text-editor.default\">\n\t\t\t\t\t\t\t\t\t<p><span dir=\"auto\"><strong>NOTE: Nous am\u00e9liorons nos produits chaque jour, c\u2019est pourquoi les mod\u00e8les pr\u00e9sent\u00e9s sur les photos et les vid\u00e9os peuvent l\u00e9g\u00e8rement diff\u00e9rer de la version la plus r\u00e9cente. La couleur per\u00e7ue du tissu peut varier selon l\u2019\u00e9cran, le moment de la prise de vue, etc.  <\/strong><br><\/span><\/p>\t\t\t\t\t\t\t\t<\/div>\n\t\t\t\t<\/div>\n\t\t\t\t\t<\/div>\n\t\t\t\t<\/div>\n\t\t\t\t<\/div>\n\t\t","protected":false},"excerpt":{"rendered":"<p>D\u00c9TAILS DU PRODUIT Notre mod\u00e8le de cabine pr\u00e9sente un design innovant qui utilise les portes arri\u00e8re comme support, sans besoin<\/p>\n","protected":false},"featured_media":32809,"comment_status":"open","ping_status":"closed","template":"","meta":[],"product_brand":[],"product_cat":[82],"product_tag":[147],"class_list":{"0":"post-32811","1":"product","2":"type-product","3":"status-publish","4":"has-post-thumbnail","6":"product_cat-volkswagen","7":"product_tag-tente","9":"first","10":"instock","11":"shipping-taxable","12":"product-type-grouped"},"_links":{"self":[{"href":"https:\/\/vancabin.mobrilz.io\/fr\/wp-json\/wp\/v2\/product\/32811","targetHints":{"allow":["GET"]}}],"collection":[{"href":"https:\/\/vancabin.mobrilz.io\/fr\/wp-json\/wp\/v2\/product"}],"about":[{"href":"https:\/\/vancabin.mobrilz.io\/fr\/wp-json\/wp\/v2\/types\/product"}],"replies":[{"embeddable":true,"href":"https:\/\/vancabin.mobrilz.io\/fr\/wp-json\/wp\/v2\/comments?post=32811"}],"version-history":[{"count":1,"href":"https:\/\/vancabin.mobrilz.io\/fr\/wp-json\/wp\/v2\/product\/32811\/revisions"}],"predecessor-version":[{"id":32812,"href":"https:\/\/vancabin.mobrilz.io\/fr\/wp-json\/wp\/v2\/product\/32811\/revisions\/32812"}],"wp:featuredmedia":[{"embeddable":true,"href":"https:\/\/vancabin.mobrilz.io\/fr\/wp-json\/wp\/v2\/media\/32809"}],"wp:attachment":[{"href":"https:\/\/vancabin.mobrilz.io\/fr\/wp-json\/wp\/v2\/media?parent=32811"}],"wp:term":[{"taxonomy":"product_brand","embeddable":true,"href":"https:\/\/vancabin.mobrilz.io\/fr\/wp-json\/wp\/v2\/product_brand?post=32811"},{"taxonomy":"product_cat","embeddable":true,"href":"https:\/\/vancabin.mobrilz.io\/fr\/wp-json\/wp\/v2\/product_cat?post=32811"},{"taxonomy":"product_tag","embeddable":true,"href":"https:\/\/vancabin.mobrilz.io\/fr\/wp-json\/wp\/v2\/product_tag?post=32811"}],"curies":[{"name":"wp","href":"https:\/\/api.w.org\/{rel}","templated":true}]}}