{"id":32790,"date":"2026-04-03T18:43:34","date_gmt":"2026-04-03T18:43:34","guid":{"rendered":"https:\/\/vancabin.mobrilz.io\/product\/auvent-arriere-%c2%b7-double-porte-%c2%b7\/"},"modified":"2026-04-11T21:05:08","modified_gmt":"2026-04-11T21:05:08","slug":"auvent-arriere-%c2%b7-double-porte-%c2%b7","status":"publish","type":"product","link":"https:\/\/vancabin.mobrilz.io\/fr\/produit\/auvent-arriere-%c2%b7-double-porte-%c2%b7\/","title":{"rendered":"AUVENT ARRI\u00c8RE \u00b7 double porte \u00b7"},"content":{"rendered":"\t\t<div data-elementor-type=\"wp-post\" data-elementor-id=\"32790\" class=\"elementor elementor-32790 elementor-32613\">\n\t\t\t\t<div class=\"wd-negative-gap elementor-element elementor-element-18f13e5 e-flex e-con-boxed e-con e-parent\" data-id=\"18f13e5\" data-element_type=\"container\" data-e-type=\"container\">\n\t\t\t\t\t<div class=\"e-con-inner\">\n\t\t<div class=\"elementor-element elementor-element-ac6c56c e-con-full e-flex e-con e-child\" data-id=\"ac6c56c\" data-element_type=\"container\" data-e-type=\"container\">\n\t\t\t\t<div class=\"elementor-element elementor-element-7e6ec14 elementor-widget elementor-widget-heading\" data-id=\"7e6ec14\" data-element_type=\"widget\" data-e-type=\"widget\" data-widget_type=\"heading.default\">\n\t\t\t\t\t<h2 class=\"elementor-heading-title elementor-size-default\">D\u00c9TAILS DU PRODUIT<\/h2>\t\t\t\t<\/div>\n\t\t\t\t<div class=\"elementor-element elementor-element-6d95ce6 color-scheme-inherit text-left elementor-widget elementor-widget-text-editor\" data-id=\"6d95ce6\" data-element_type=\"widget\" data-e-type=\"widget\" data-widget_type=\"text-editor.default\">\n\t\t\t\t\t\t\t\t\t<p data-start=\"136\" data-end=\"255\">Le <strong data-start=\"140\" data-end=\"162\">auvent arri\u00e8re CAN-M2<\/strong> pour double porte est la solution id\u00e9ale pour obtenir de <strong data-start=\"212\" data-end=\"236\">l\u2019ombre rapidement et facilement <\/strong>lors de tout voyage.<\/p><ul data-start=\"257\" data-end=\"1003\"><li data-section-id=\"1qm9mb7\" data-start=\"257\" data-end=\"366\"><strong data-start=\"259\" data-end=\"286\">Comprend un \u00e9cran d\u2019intimit\u00e9<\/strong> : cr\u00e9e un espace totalement priv\u00e9 pour se doucher, se changer ou utiliser les toilettes.<\/li><li data-section-id=\"dlwjnt\" data-start=\"367\" data-end=\"483\"><strong data-start=\"369\" data-end=\"404\">Extensible avec notre Pack Auvent<\/strong> : transformez l\u2019\u00e9cran en extension d\u2019auvent pour obtenir plus d\u2019ombre lors des journ\u00e9es ensoleill\u00e9es.<\/li><li data-section-id=\"daq6bc\" data-start=\"484\" data-end=\"583\"><strong data-start=\"486\" data-end=\"513\">Conception sp\u00e9cifique pour chaque v\u00e9hicule<\/strong> : s\u2019adapte parfaitement aux mod\u00e8les Trafic, NV300, Primastar, Vivaro et Talento.<\/li><li data-section-id=\"j4655u\" data-start=\"584\" data-end=\"671\"><strong data-start=\"586\" data-end=\"607\">Installation facile :<\/strong> se monte sur les portes arri\u00e8re sans besoin d\u2019ancrages et est pr\u00eat en quelques minutes.<\/li><li data-section-id=\"sedg7q\" data-start=\"672\" data-end=\"772\"><strong data-start=\"674\" data-end=\"688\">Pr\u00eat pour le vent<\/strong>: la barre t\u00e9lescopique incluse renforce l\u2019auvent pour une meilleure stabilit\u00e9 les jours de vent.<\/li><li data-section-id=\"1e75wcs\" data-start=\"773\" data-end=\"908\"><strong data-start=\"775\" data-end=\"798\">Durable et compact:<\/strong> fabriqu\u00e9 en tissu <strong data-start=\"811\" data-end=\"844\">Oxford 300D avec traitement UV<\/strong> ; \u00e0 s\u00e9chage rapide et se plie pour occuper peu d\u2019espace pour un rangement r\u00e9duit.<\/li><li data-section-id=\"1y5z5e3\" data-start=\"909\" data-end=\"1003\"><strong data-start=\"911\" data-end=\"927\">R\u00e9sistant aux intemp\u00e9ries: <\/strong>sa colonne d\u2019eau de 2000 mm garantit une protection contre la pluie et les conditions m\u00e9t\u00e9orologiques difficiles.<\/li><\/ul><hr>\t\t\t\t\t\t\t\t<\/div>\n\t\t\t\t<div class=\"elementor-element elementor-element-04952f5 elementor-widget elementor-widget-heading\" data-id=\"04952f5\" data-element_type=\"widget\" data-e-type=\"widget\" data-widget_type=\"heading.default\">\n\t\t\t\t\t<h2 class=\"elementor-heading-title elementor-size-default\"> CARACT\u00c9RISTIQUES TECHNIQUES <\/h2>\t\t\t\t<\/div>\n\t\t\t\t<div class=\"elementor-element elementor-element-3e14c7a color-scheme-inherit text-left elementor-widget elementor-widget-text-editor\" data-id=\"3e14c7a\" data-element_type=\"widget\" data-e-type=\"widget\" data-widget_type=\"text-editor.default\">\n\t\t\t\t\t\t\t\t\t<ul><li><strong data-start=\"317\" data-end=\"327\">Tissu: polyester Oxford 300D PU2000MM, l\u00e9ger et durable.<\/strong><\/li><li>Coutures: renforc\u00e9es avec \u00e9tanch\u00e9it\u00e9 imperm\u00e9able pour une meilleure protection.<\/li><li>Barre t\u00e9lescopique: barre creuse en acier de 19 mm avec embouts en caoutchouc pour \u00e9viter d\u2019endommager les portes ; conception en 3 sections.<\/li><li>Dimensions du sac de transport: 60 \u00d7 8 \u00d7 8 cm<\/li><li>Poids approx.: 1,3 kg <\/li><li>Couleur: <strong data-start=\"577\" data-end=\"587\">Noir<\/strong><\/li><\/ul>\t\t\t\t\t\t\t\t<\/div>\n\t\t\t\t<div class=\"elementor-element elementor-element-8bac806 color-scheme-inherit text-left elementor-widget elementor-widget-text-editor\" data-id=\"8bac806\" data-element_type=\"widget\" data-e-type=\"widget\" data-widget_type=\"text-editor.default\">\n\t\t\t\t\t\t\t\t\t<p><span dir=\"auto\"><strong>NOTE: Nous am\u00e9liorons nos produits chaque jour, c\u2019est pourquoi les mod\u00e8les pr\u00e9sent\u00e9s sur les photos et les vid\u00e9os peuvent l\u00e9g\u00e8rement diff\u00e9rer de la version la plus r\u00e9cente. La couleur per\u00e7ue du tissu peut varier selon l\u2019\u00e9cran, le moment de la prise de vue, etc.  <\/strong><br><\/span><\/p>\t\t\t\t\t\t\t\t<\/div>\n\t\t\t\t<\/div>\n\t\t<div class=\"elementor-element elementor-element-8952aeb e-con-full e-flex e-con e-child\" data-id=\"8952aeb\" data-element_type=\"container\" data-e-type=\"container\">\n\t\t\t\t<div class=\"elementor-element elementor-element-100e758 elementor-widget elementor-widget-heading\" data-id=\"100e758\" data-element_type=\"widget\" data-e-type=\"widget\" data-widget_type=\"heading.default\">\n\t\t\t\t\t<h2 class=\"elementor-heading-title elementor-size-default\">MONTAGE<\/h2>\t\t\t\t<\/div>\n\t\t\t\t<div class=\"elementor-element elementor-element-2b18352 color-scheme-inherit text-left elementor-widget elementor-widget-text-editor\" data-id=\"2b18352\" data-element_type=\"widget\" data-e-type=\"widget\" data-widget_type=\"text-editor.default\">\n\t\t\t\t\t\t\t\t\t<h3 data-section-id=\"1deonls\" data-start=\"212\" data-end=\"228\">Auvent arri\u00e8re<\/h3><p data-start=\"229\" data-end=\"289\">Installer l\u2019auvent arri\u00e8re prend litt\u00e9ralement une minute.<\/p><ol data-start=\"291\" data-end=\"740\"><li data-section-id=\"692ink\" data-start=\"291\" data-end=\"333\">Ouvrez les deux portes arri\u00e8re de votre v\u00e9hicule.<\/li><li data-section-id=\"8v0hmx\" data-start=\"334\" data-end=\"419\">D\u00e9ployez l\u2019auvent sur les portes et ins\u00e9rez la barre t\u00e9lescopique entre elles.<\/li><li data-section-id=\"92sq9w\" data-start=\"420\" data-end=\"567\">Placez l\u2019auvent sur la partie sup\u00e9rieure des portes, en le posant sur le rail sup\u00e9rieur pour \u00e9vacuer l\u2019eau, et fixez-le \u00e0 la barre t\u00e9lescopique \u00e0 l\u2019aide des languettes en velcro.<\/li><li data-section-id=\"s175a7\" data-start=\"568\" data-end=\"660\">Tendez le cordon \u00e9lastique et accrochez les clips en plastique afin que l\u2019auvent recouvre la goutti\u00e8re anti-goutte.<\/li><li data-section-id=\"36issz\" data-start=\"661\" data-end=\"740\">\u00c0 l\u2019avant, tendez les cordons \u00e9lastiques et fixez-les aux serrures des portes.<\/li><li data-section-id=\"36issz\" data-start=\"661\" data-end=\"740\"> C\u2019est tout. Pr\u00eat \u00e0 l\u2019emploi.  <\/li><\/ol><hr data-start=\"772\" data-end=\"775\"><h3 data-section-id=\"haibo8\" data-start=\"777\" data-end=\"815\">\u00c9cran d\u2019intimit\u00e9 \/ Extension d\u2019auvent<\/h3><ul data-start=\"816\" data-end=\"1088\"><li data-section-id=\"l1lkzs\" data-start=\"816\" data-end=\"923\">Fixez la partie sup\u00e9rieure en velcro de l\u2019\u00e9cran d\u2019intimit\u00e9 au velcro du bord avant de l\u2019auvent (\u00e0 l\u2019int\u00e9rieur).<\/li><li data-section-id=\"17pnmf2\" data-start=\"924\" data-end=\"1001\">Nettoyez les bords des portes et appliquez le velcro adh\u00e9sif inclus.<\/li><li data-section-id=\"bt1vnp\" data-start=\"1002\" data-end=\"1088\">Fixez l\u2019\u00e9cran d\u2019intimit\u00e9 \u00e0 ces bandes de velcro afin de cr\u00e9er un espace vaste et priv\u00e9.<\/li><\/ul><p data-start=\"1090\" data-end=\"1117\"><strong data-start=\"1090\" data-end=\"1115\">Avec le Pack Auvent:<\/strong><\/p><ul data-start=\"1118\" data-end=\"1326\"><li data-section-id=\"1k99xqs\" data-start=\"1118\" data-end=\"1233\">Retirez les derni\u00e8res bandes de velcro, assemblez les arceaux et ins\u00e9rez-les dans les \u0153illets m\u00e9talliques de l\u2019\u00e9cran d\u2019intimit\u00e9.<\/li><li data-section-id=\"1d14rj9\" data-start=\"1234\" data-end=\"1326\">Vous disposez maintenant d\u2019une large extension d\u2019auvent offrant une ombre suppl\u00e9mentaire ou une protection contre la pluie.<\/li><\/ul>\t\t\t\t\t\t\t\t<\/div>\n\t\t\t\t<\/div>\n\t\t\t\t\t<\/div>\n\t\t\t\t<\/div>\n\t\t\t\t<\/div>\n\t\t","protected":false},"excerpt":{"rendered":"<p>D\u00c9TAILS DU PRODUIT Le auvent arri\u00e8re CAN-M2 pour double porte est la solution id\u00e9ale pour obtenir de l\u2019ombre rapidement et<\/p>\n","protected":false},"featured_media":32763,"comment_status":"open","ping_status":"closed","template":"","meta":[],"product_brand":[],"product_cat":[100],"product_tag":[146],"class_list":{"0":"post-32790","1":"product","2":"type-product","3":"status-publish","4":"has-post-thumbnail","6":"product_cat-trafic-primastar-nv300-talento-vivaro","7":"product_tag-auvent","9":"first","10":"outofstock","11":"shipping-taxable","12":"product-type-grouped"},"_links":{"self":[{"href":"https:\/\/vancabin.mobrilz.io\/fr\/wp-json\/wp\/v2\/product\/32790","targetHints":{"allow":["GET"]}}],"collection":[{"href":"https:\/\/vancabin.mobrilz.io\/fr\/wp-json\/wp\/v2\/product"}],"about":[{"href":"https:\/\/vancabin.mobrilz.io\/fr\/wp-json\/wp\/v2\/types\/product"}],"replies":[{"embeddable":true,"href":"https:\/\/vancabin.mobrilz.io\/fr\/wp-json\/wp\/v2\/comments?post=32790"}],"version-history":[{"count":1,"href":"https:\/\/vancabin.mobrilz.io\/fr\/wp-json\/wp\/v2\/product\/32790\/revisions"}],"predecessor-version":[{"id":32791,"href":"https:\/\/vancabin.mobrilz.io\/fr\/wp-json\/wp\/v2\/product\/32790\/revisions\/32791"}],"wp:featuredmedia":[{"embeddable":true,"href":"https:\/\/vancabin.mobrilz.io\/fr\/wp-json\/wp\/v2\/media\/32763"}],"wp:attachment":[{"href":"https:\/\/vancabin.mobrilz.io\/fr\/wp-json\/wp\/v2\/media?parent=32790"}],"wp:term":[{"taxonomy":"product_brand","embeddable":true,"href":"https:\/\/vancabin.mobrilz.io\/fr\/wp-json\/wp\/v2\/product_brand?post=32790"},{"taxonomy":"product_cat","embeddable":true,"href":"https:\/\/vancabin.mobrilz.io\/fr\/wp-json\/wp\/v2\/product_cat?post=32790"},{"taxonomy":"product_tag","embeddable":true,"href":"https:\/\/vancabin.mobrilz.io\/fr\/wp-json\/wp\/v2\/product_tag?post=32790"}],"curies":[{"name":"wp","href":"https:\/\/api.w.org\/{rel}","templated":true}]}}