{"id":33217,"date":"2026-03-31T19:01:47","date_gmt":"2026-03-31T19:01:47","guid":{"rendered":"https:\/\/vancabin.mobrilz.io\/politique-de-confidentialite\/"},"modified":"2026-04-14T18:34:30","modified_gmt":"2026-04-14T18:34:30","slug":"politique-de-confidentialite","status":"publish","type":"page","link":"https:\/\/vancabin.mobrilz.io\/fr\/politique-de-confidentialite\/","title":{"rendered":"Politique de confidentialit\u00e9"},"content":{"rendered":"\t\t<div data-elementor-type=\"wp-page\" data-elementor-id=\"33217\" class=\"elementor elementor-33217 elementor-32676\">\n\t\t\t\t<div class=\"wd-negative-gap elementor-element elementor-element-30cb8ce e-flex e-con-boxed e-con e-parent\" data-id=\"30cb8ce\" data-element_type=\"container\" data-e-type=\"container\">\n\t\t\t\t\t<div class=\"e-con-inner\">\n\t\t\t\t<div class=\"elementor-element elementor-element-5618663 color-scheme-inherit text-left elementor-widget elementor-widget-text-editor\" data-id=\"5618663\" data-element_type=\"widget\" data-e-type=\"widget\" data-widget_type=\"text-editor.default\">\n\t\t\t\t\t\t\t\t\t<p data-start=\"185\" data-end=\"203\"><strong data-start=\"185\" data-end=\"203\">POLITIQUE DE CONFIDENTIALITE<\/strong><\/p><p data-start=\"205\" data-end=\"336\">Sur ce site web, les donn\u00e9es personnelles des utilisateurs sont respect\u00e9es et prot\u00e9g\u00e9es. En tant qu\u2019utilisateur, vous devez savoir que vos droits sont garantis.  <\/p><ol data-start=\"338\" data-end=\"356\"><li data-section-id=\"1247rzq\" data-start=\"338\" data-end=\"356\"><strong>Responsable du traitement<\/strong><\/li><\/ol><p data-start=\"358\" data-end=\"543\">Identit\u00e9 du responsable : Campers Advisor SL<br data-start=\"409\" data-end=\"412\">Nom commercial : VanCabin<br data-start=\"432\" data-end=\"435\">Num\u00e9ro d\u2019identification fiscale (CIF) : _____________<br data-start=\"462\" data-end=\"465\">Adresse : __________________<br data-start=\"492\" data-end=\"495\">Adresse \u00e9lectronique : <a class=\"decorated-link cursor-pointer\" rel=\"noopener\" data-start=\"502\" data-end=\"519\">info@vancabin.net<\/a><br data-start=\"519\" data-end=\"522\">Site web : vancabin.net<\/p><ol start=\"2\" data-start=\"545\" data-end=\"571\"><li data-section-id=\"1io57wu\" data-start=\"545\" data-end=\"571\"><strong>Donn\u00e9es personnelles collect\u00e9es<\/strong><\/li><\/ol><p data-start=\"573\" data-end=\"649\">Pour effectuer des achats sur ce site web, les donn\u00e9es personnelles suivantes sont demand\u00e9es :<\/p><ul data-start=\"651\" data-end=\"740\"><li data-section-id=\"apwdks\" data-start=\"651\" data-end=\"664\">Nom et pr\u00e9nom<\/li><li data-section-id=\"1fnvrhx\" data-start=\"665\" data-end=\"684\">Adresse de facturation<\/li><li data-section-id=\"rl0qi4\" data-start=\"685\" data-end=\"705\">Adresse de livraison<\/li><li data-section-id=\"wk4jiq\" data-start=\"706\" data-end=\"723\">Adresse \u00e9lectronique<\/li><li data-section-id=\"1tzdck7\" data-start=\"724\" data-end=\"740\">Num\u00e9ro de t\u00e9l\u00e9phone<\/li><\/ul><p data-start=\"742\" data-end=\"800\">Ces donn\u00e9es sont collect\u00e9es uniquement dans le cadre du processus de commande<\/p><ol start=\"3\" data-start=\"802\" data-end=\"826\"><li data-section-id=\"12907us\" data-start=\"802\" data-end=\"826\"><strong>Finalit\u00e9 du traitement<\/strong><\/li><\/ol><p data-start=\"828\" data-end=\"849\">Les donn\u00e9es sont utilis\u00e9es pour :<\/p><ul data-start=\"851\" data-end=\"999\"><li data-section-id=\"1jojvec\" data-start=\"851\" data-end=\"868\">G\u00e9rer les commandes<\/li><li data-section-id=\"kuly96\" data-start=\"869\" data-end=\"889\">Traiter les paiements<\/li><li data-section-id=\"eos6lu\" data-start=\"890\" data-end=\"907\">Exp\u00e9dier les produits<\/li><li data-section-id=\"1mjhtjn\" data-start=\"908\" data-end=\"926\">\u00c9mettre des factures<\/li><li data-section-id=\"1gf63e4\" data-start=\"927\" data-end=\"965\">R\u00e9pondre aux demandes li\u00e9es aux commandes<\/li><li data-section-id=\"m4gks\" data-start=\"966\" data-end=\"999\">Respecter les obligations l\u00e9gales<\/li><\/ul><p data-start=\"1001\" data-end=\"1070\">Aucune publicit\u00e9 ni communication commerciale n\u2019est envoy\u00e9e sans consentement<\/p><ol start=\"4\" data-start=\"1072\" data-end=\"1101\"><li data-section-id=\"1c8buue\" data-start=\"1072\" data-end=\"1101\"><strong>Base l\u00e9gale du traitement<\/strong><\/li><\/ol><p data-start=\"1103\" data-end=\"1147\">La base l\u00e9gale du traitement de vos donn\u00e9es est :<\/p><ul data-start=\"1149\" data-end=\"1274\"><li data-section-id=\"p8pys2\" data-start=\"1149\" data-end=\"1189\">L\u2019ex\u00e9cution d\u2019un contrat de vente<\/li><li data-section-id=\"q35ifp\" data-start=\"1190\" data-end=\"1227\">Le respect des obligations l\u00e9gales<\/li><li data-section-id=\"et1i4\" data-start=\"1228\" data-end=\"1274\">L\u2019int\u00e9r\u00eat l\u00e9gitime pour la gestion du service<\/li><\/ul><ol start=\"5\" data-start=\"1276\" data-end=\"1293\"><li data-section-id=\"1pylomy\" data-start=\"1276\" data-end=\"1293\"><strong>Conservation des donn\u00e9es<\/strong><\/li><\/ol><p data-start=\"1295\" data-end=\"1317\">Les donn\u00e9es seront conserv\u00e9es :<\/p><ul data-start=\"1319\" data-end=\"1476\"><li data-section-id=\"1x6hf6i\" data-start=\"1319\" data-end=\"1363\">Tant que la relation commerciale est en vigueur<\/li><li data-section-id=\"1qvf08t\" data-start=\"1364\" data-end=\"1424\">Pendant les d\u00e9lais l\u00e9gaux applicables (fiscaux et comptables)<\/li><li data-section-id=\"12l8oxi\" data-start=\"1425\" data-end=\"1476\">Jusqu\u2019\u00e0 ce que vous demandiez leur suppression lorsque cela est possible<\/li><\/ul><ol start=\"6\" data-start=\"1478\" data-end=\"1496\"><li data-section-id=\"1nrabk5\" data-start=\"1478\" data-end=\"1496\"><strong>Destinataires des donn\u00e9e<\/strong><\/li><\/ol><p data-start=\"1498\" data-end=\"1522\">Les donn\u00e9es peuvent \u00eatre communiqu\u00e9es \u00e0 :<\/p><ul data-start=\"1524\" data-end=\"1671\"><li data-section-id=\"1ud1zcp\" data-start=\"1524\" data-end=\"1548\">Fournisseur d\u2019h\u00e9bergement web<\/li><li data-section-id=\"ae4k93\" data-start=\"1549\" data-end=\"1597\">Plateforme de paiement Stripe Payments Europe Ltd.<\/li><li data-section-id=\"11q7bmc\" data-start=\"1598\" data-end=\"1637\">Entreprise de transport pour la livraison de la commande<\/li><li data-section-id=\"1x1wdf4\" data-start=\"1638\" data-end=\"1671\">Asesor\u00eda contable o fiscal<\/li><\/ul><p data-start=\"1673\" data-end=\"1802\">Les paiements sont trait\u00e9s via Stripe. Les donn\u00e9es de la carte ne sont pas stock\u00e9es sur ce site web, mais directement par Stripe via une connexion s\u00e9curis\u00e9e.  <\/p><p data-start=\"1804\" data-end=\"1868\">Vous pouvez consulter la politique de confidentialit\u00e9 de Stripe sur son site web officiel.<\/p><ol start=\"7\" data-start=\"1870\" data-end=\"1884\"><li data-section-id=\"jt3rb2\" data-start=\"1870\" data-end=\"1884\"><strong>Droits de l\u2019utilisateur<\/strong><\/li><\/ol><p data-start=\"1886\" data-end=\"1908\">Vous disposez des droits suivants :<\/p><ul data-start=\"1910\" data-end=\"2101\"><li data-section-id=\"16myggl\" data-start=\"1910\" data-end=\"1939\">Acc\u00e9der \u00e0 vos donn\u00e9es personnelles<\/li><li data-section-id=\"uaq8ja\" data-start=\"1940\" data-end=\"1984\">Demander la rectification des donn\u00e9es inexactes<\/li><li data-section-id=\"1dxhsrx\" data-start=\"1985\" data-end=\"2005\">Demander leur suppression<\/li><li data-section-id=\"q8sgnq\" data-start=\"2006\" data-end=\"2047\">Demander la limitation du traitement<\/li><li data-section-id=\"1h52t71\" data-start=\"2048\" data-end=\"2072\">Vous opposer au traitement<\/li><li data-section-id=\"hacwqa\" data-start=\"2073\" data-end=\"2101\">Demander la portabilit\u00e9 des donn\u00e9es<\/li><\/ul><p data-start=\"2103\" data-end=\"2174\">Vous pouvez exercer ces droits en envoyant un e-mail \u00e0:<a class=\"decorated-link cursor-pointer\" rel=\"noopener\" data-start=\"2157\" data-end=\"2174\"> info@vancabin.net<\/a><\/p><ol start=\"8\" data-start=\"2176\" data-end=\"2192\"><li data-section-id=\"esm6dx\" data-start=\"2176\" data-end=\"2192\"><strong>S\u00e9curit\u00e9 des donn\u00e9es<\/strong><\/li><\/ol><p data-start=\"2194\" data-end=\"2298\">Ce site web utilise une connexion s\u00e9curis\u00e9e SSL ainsi que des mesures techniques appropri\u00e9es afin de prot\u00e9ger les donn\u00e9es personnelles des utilisateurs.<\/p><ol start=\"9\" data-start=\"2300\" data-end=\"2310\"><li data-section-id=\"1f6zusl\" data-start=\"2300\" data-end=\"2310\"><strong>Cookies<\/strong><\/li><\/ol><p data-start=\"2312\" data-end=\"2454\">Ce site web utilise des cookies techniques n\u00e9cessaires au bon fonctionnement de la boutique en ligne. Vous pouvez consulter les informations compl\u00e8tes dans la Politique de cookies.  <\/p>\t\t\t\t\t\t\t\t<\/div>\n\t\t\t\t\t<\/div>\n\t\t\t\t<\/div>\n\t\t\t\t<\/div>\n\t\t","protected":false},"excerpt":{"rendered":"<p>POLITIQUE DE CONFIDENTIALITE Sur ce site web, les donn\u00e9es personnelles des utilisateurs sont respect\u00e9es et prot\u00e9g\u00e9es. En tant qu\u2019utilisateur, vous<\/p>\n","protected":false},"author":1,"featured_media":0,"parent":0,"menu_order":0,"comment_status":"closed","ping_status":"closed","template":"","meta":{"footnotes":""},"class_list":["post-33217","page","type-page","status-publish","hentry"],"_links":{"self":[{"href":"https:\/\/vancabin.mobrilz.io\/fr\/wp-json\/wp\/v2\/pages\/33217","targetHints":{"allow":["GET"]}}],"collection":[{"href":"https:\/\/vancabin.mobrilz.io\/fr\/wp-json\/wp\/v2\/pages"}],"about":[{"href":"https:\/\/vancabin.mobrilz.io\/fr\/wp-json\/wp\/v2\/types\/page"}],"author":[{"embeddable":true,"href":"https:\/\/vancabin.mobrilz.io\/fr\/wp-json\/wp\/v2\/users\/1"}],"replies":[{"embeddable":true,"href":"https:\/\/vancabin.mobrilz.io\/fr\/wp-json\/wp\/v2\/comments?post=33217"}],"version-history":[{"count":1,"href":"https:\/\/vancabin.mobrilz.io\/fr\/wp-json\/wp\/v2\/pages\/33217\/revisions"}],"predecessor-version":[{"id":33218,"href":"https:\/\/vancabin.mobrilz.io\/fr\/wp-json\/wp\/v2\/pages\/33217\/revisions\/33218"}],"wp:attachment":[{"href":"https:\/\/vancabin.mobrilz.io\/fr\/wp-json\/wp\/v2\/media?parent=33217"}],"curies":[{"name":"wp","href":"https:\/\/api.w.org\/{rel}","templated":true}]}}