{"id":33213,"date":"2026-03-31T20:22:16","date_gmt":"2026-03-31T20:22:16","guid":{"rendered":"https:\/\/vancabin.mobrilz.io\/politique-de-cookies\/"},"modified":"2026-04-14T18:03:31","modified_gmt":"2026-04-14T18:03:31","slug":"politique-de-cookies","status":"publish","type":"page","link":"https:\/\/vancabin.mobrilz.io\/fr\/politique-de-cookies\/","title":{"rendered":"Politique de cookies"},"content":{"rendered":"\t\t<div data-elementor-type=\"wp-page\" data-elementor-id=\"33213\" class=\"elementor elementor-33213 elementor-32657\">\n\t\t\t\t<div class=\"wd-negative-gap elementor-element elementor-element-0c6040c e-flex e-con-boxed e-con e-parent\" data-id=\"0c6040c\" data-element_type=\"container\" data-e-type=\"container\">\n\t\t\t\t\t<div class=\"e-con-inner\">\n\t\t\t\t<div class=\"elementor-element elementor-element-787efdb color-scheme-inherit text-left elementor-widget elementor-widget-text-editor\" data-id=\"787efdb\" data-element_type=\"widget\" data-e-type=\"widget\" data-widget_type=\"text-editor.default\">\n\t\t\t\t\t\t\t\t\t<p data-start=\"154\" data-end=\"187\"><strong data-start=\"154\" data-end=\"187\">POLITIQUE DE COOKIES<\/strong><\/p><ol data-start=\"189\" data-end=\"208\"><li data-section-id=\"175mqxd\" data-start=\"189\" data-end=\"208\"><strong>Que sont les cookies<\/strong><\/li><\/ol><p data-start=\"210\" data-end=\"449\">Les cookies sont des fichiers qui sont t\u00e9l\u00e9charg\u00e9s sur votre ordinateur, t\u00e9l\u00e9phone mobile ou tablette lorsque vous visitez un site web. Ils permettent au site de m\u00e9moriser vos actions et pr\u00e9f\u00e9rences (telles que le panier d\u2019achat, la langue ou la session) pendant une certaine dur\u00e9e. <br> <\/p><ol start=\"2\" data-start=\"451\" data-end=\"475\"><li data-section-id=\"1sba44r\" data-start=\"451\" data-end=\"475\"><strong>Types de cookies utilis\u00e9es<\/strong><\/li><\/ol><p data-start=\"477\" data-end=\"553\">Sur vancabin.net, nous utilisons uniquement des cookies techniques et fonctionnels, n\u00e9cessaires pour :<\/p><ul data-start=\"555\" data-end=\"717\"><li data-section-id=\"1yx8yxx\" data-start=\"555\" data-end=\"585\">G\u00e9rer le panier d\u2019achat<\/li><li data-section-id=\"21eenx\" data-start=\"586\" data-end=\"620\">Traiter les paiements via Stripe<\/li><li data-section-id=\"ahaig7\" data-start=\"621\" data-end=\"668\">Maintenir la session pendant le processus d\u2019achat<\/li><li data-section-id=\"1g2yj44\" data-start=\"669\" data-end=\"717\">M\u00e9moriser les pr\u00e9f\u00e9rences de langue et d\u2019affichage<\/li><\/ul><p data-start=\"719\" data-end=\"786\">Nous n\u2019utilisons pas de cookies \u00e0 des fins de suivi des utilisateurs ni de publicit\u00e9 de tiers<\/p><ol start=\"3\" data-start=\"788\" data-end=\"808\"><li data-section-id=\"ft309q\" data-start=\"788\" data-end=\"808\"><strong>D\u00e9sactivation des cookies<\/strong><\/li><\/ol><p data-start=\"810\" data-end=\"929\">Vous pouvez configurer votre navigateur afin de refuser ou de supprimer les cookies ; toutefois, cela peut affecter le bon fonctionnement de la boutique en ligne.<\/p><p data-start=\"931\" data-end=\"1034\">Pour plus d\u2019informations sur la gestion des cookies dans votre navigateur : [Lien d\u2019aide de votre navigateur]<\/p><ol start=\"4\" data-start=\"1036\" data-end=\"1046\"><li data-section-id=\"11vtsfl\" data-start=\"1036\" data-end=\"1046\"><strong>Consentement<\/strong><\/li><\/ol><p data-start=\"1048\" data-end=\"1178\">En utilisant ce site web, vous acceptez l\u2019utilisation de cookies techniques n\u00e9cessaires au bon fonctionnement du service de la boutique en ligne.<\/p>\t\t\t\t\t\t\t\t<\/div>\n\t\t\t\t\t<\/div>\n\t\t\t\t<\/div>\n\t\t\t\t<\/div>\n\t\t","protected":false},"excerpt":{"rendered":"<p>POLITIQUE DE COOKIES Que sont les cookies Les cookies sont des fichiers qui sont t\u00e9l\u00e9charg\u00e9s sur votre ordinateur, t\u00e9l\u00e9phone mobile<\/p>\n","protected":false},"author":1,"featured_media":0,"parent":0,"menu_order":0,"comment_status":"closed","ping_status":"closed","template":"","meta":{"footnotes":""},"class_list":["post-33213","page","type-page","status-publish","hentry"],"_links":{"self":[{"href":"https:\/\/vancabin.mobrilz.io\/fr\/wp-json\/wp\/v2\/pages\/33213","targetHints":{"allow":["GET"]}}],"collection":[{"href":"https:\/\/vancabin.mobrilz.io\/fr\/wp-json\/wp\/v2\/pages"}],"about":[{"href":"https:\/\/vancabin.mobrilz.io\/fr\/wp-json\/wp\/v2\/types\/page"}],"author":[{"embeddable":true,"href":"https:\/\/vancabin.mobrilz.io\/fr\/wp-json\/wp\/v2\/users\/1"}],"replies":[{"embeddable":true,"href":"https:\/\/vancabin.mobrilz.io\/fr\/wp-json\/wp\/v2\/comments?post=33213"}],"version-history":[{"count":3,"href":"https:\/\/vancabin.mobrilz.io\/fr\/wp-json\/wp\/v2\/pages\/33213\/revisions"}],"predecessor-version":[{"id":33216,"href":"https:\/\/vancabin.mobrilz.io\/fr\/wp-json\/wp\/v2\/pages\/33213\/revisions\/33216"}],"wp:attachment":[{"href":"https:\/\/vancabin.mobrilz.io\/fr\/wp-json\/wp\/v2\/media?parent=33213"}],"curies":[{"name":"wp","href":"https:\/\/api.w.org\/{rel}","templated":true}]}}