{"id":33207,"date":"2026-03-31T19:31:22","date_gmt":"2026-03-31T19:31:22","guid":{"rendered":"https:\/\/vancabin.mobrilz.io\/conditions-dachat\/"},"modified":"2026-04-14T17:54:50","modified_gmt":"2026-04-14T17:54:50","slug":"conditions-dachat","status":"publish","type":"page","link":"https:\/\/vancabin.mobrilz.io\/fr\/conditions-dachat\/","title":{"rendered":"Conditions d\u2019achat"},"content":{"rendered":"\t\t<div data-elementor-type=\"wp-page\" data-elementor-id=\"33207\" class=\"elementor elementor-33207 elementor-32678\">\n\t\t\t\t<div class=\"wd-negative-gap elementor-element elementor-element-a00f9c8 e-flex e-con-boxed e-con e-parent\" data-id=\"a00f9c8\" data-element_type=\"container\" data-e-type=\"container\">\n\t\t\t\t\t<div class=\"e-con-inner\">\n\t\t\t\t<div class=\"elementor-element elementor-element-effae57 color-scheme-inherit text-left elementor-widget elementor-widget-text-editor\" data-id=\"effae57\" data-element_type=\"widget\" data-e-type=\"widget\" data-widget_type=\"text-editor.default\">\n\t\t\t\t\t\t\t\t\t<p data-start=\"212\" data-end=\"233\"><strong data-start=\"212\" data-end=\"233\">CONDITIONS D&rsquo;ACHAT<\/strong><\/p>\n<ol data-start=\"235\" data-end=\"244\">\n<li data-section-id=\"bytl2n\" data-start=\"235\" data-end=\"244\"><strong>Objet<\/strong><\/li>\n<\/ol>\n<p data-start=\"246\" data-end=\"500\">Les pr\u00e9sentes Conditions d\u2019achat r\u00e9gissent la vente de produits et d\u2019accessoires pour campers via le site web vancabin.net, propri\u00e9t\u00e9 de Campers Advisor SL, CIF ________, dont le si\u00e8ge social est situ\u00e9 \u00e0 ________.<br data-start=\"443\" data-end=\"446\">En passant commande, le client accepte les pr\u00e9sentes conditions.<\/p>\n<ol start=\"2\" data-start=\"502\" data-end=\"513\">\n<li data-section-id=\"nv7nxd\" data-start=\"502\" data-end=\"513\"><strong>Productos<\/strong><\/li>\n<\/ol>\n<p data-start=\"515\" data-end=\"679\">Les produits propos\u00e9s sur le site web sont d\u00e9crits avec la plus grande pr\u00e9cision possible (images, caract\u00e9ristiques, prix). Toutefois, de l\u00e9g\u00e8res diff\u00e9rences peuvent exister par rapport au produit final.  <\/p>\n<ol start=\"3\" data-start=\"681\" data-end=\"702\">\n<li data-section-id=\"lozk12\" data-start=\"681\" data-end=\"702\"><strong>Prix et facturation<\/strong><\/li>\n<\/ol>\n<p data-start=\"704\" data-end=\"948\">Tous les prix incluent la TVA conform\u00e9ment \u00e0 la l\u00e9gislation espagnole.<br data-start=\"760\" data-end=\"763\">Le prix affich\u00e9 est le prix final dans le panier.<br data-start=\"810\" data-end=\"813\">La facturation est effectu\u00e9e automatiquement via WooCommerce lors de la finalisation de la commande.<br data-start=\"899\" data-end=\"902\">Seuls les paiements par carte via Stripe sont accept\u00e9s.<\/p>\n<ol start=\"4\" data-start=\"950\" data-end=\"1173\">\n<li data-section-id=\"11scxoa\" data-start=\"950\" data-end=\"966\"><strong>Processus de commande<\/strong><\/li>\n<\/ol>\n<ul data-start=\"950\" data-end=\"1173\">\n<li data-section-id=\"jily91\" data-start=\"968\" data-end=\"1018\">S\u00e9lectionnez les produits et ajoutez-les au panier.<\/li>\n<li data-section-id=\"yc3cpl\" data-start=\"1019\" data-end=\"1085\">Renseignez les informations n\u00e9cessaires (livraison, facturation, adresse \u00e9lectronique).<\/li>\n<li data-section-id=\"1giq5wg\" data-start=\"1086\" data-end=\"1119\">Effectuez le paiement via Stripe.<\/li>\n<li data-section-id=\"nii8im\" data-start=\"1120\" data-end=\"1173\">Vous recevrez une confirmation de commande par e-mail.<\/li>\n<\/ul>\n<p data-start=\"1175\" data-end=\"1250\">Le contrat de vente est r\u00e9put\u00e9 conclu au moment de la confirmation du paiement.<\/p>\n<ol start=\"5\" data-start=\"1252\" data-end=\"1263\">\n<li data-section-id=\"16ksve4\" data-start=\"1252\" data-end=\"1263\"><strong>Livraison<\/strong><\/li>\n<\/ol>\n<p data-start=\"1265\" data-end=\"1565\">Les livraisons sont effectu\u00e9es \u00e0 l\u2019adresse indiqu\u00e9e par le client lors du processus de commande.<br data-start=\"1353\" data-end=\"1356\">Les d\u00e9lais de livraison sont indiqu\u00e9s sur la page du produit et peuvent varier en fonction de la disponibilit\u00e9 et d\u2019autres circonstances ind\u00e9pendantes de VanCabin.<br data-start=\"1494\" data-end=\"1497\">Les frais de livraison sont affich\u00e9s dans le panier avant la finalisation de la commande.<\/p>\n<ol start=\"6\" data-start=\"1567\" data-end=\"1595\">\n<li data-section-id=\"lgavij\" data-start=\"1567\" data-end=\"1595\"><strong>Retours et annulations<\/strong><\/li>\n<\/ol>\n<p data-start=\"1597\" data-end=\"2028\">Le client peut exercer son droit de r\u00e9tractation dans un d\u00e9lai de 14 jours calendaires \u00e0 compter de la r\u00e9ception du produit, \u00e0 condition que celui-ci soit dans le m\u00eame \u00e9tat que celui dans lequel il a \u00e9t\u00e9 re\u00e7u et dans son emballage d\u2019origine.<br data-start=\"1779\" data-end=\"1782\">En cas de retour du produit, les frais de livraison ne seront pas rembours\u00e9s.<br data-start=\"1851\" data-end=\"1854\">Les retours de produits personnalis\u00e9s ou fabriqu\u00e9s sur mesure ne sont pas accept\u00e9s.<br data-start=\"1919\" data-end=\"1922\">Les frais de retour sont \u00e0 la charge du client, sauf en cas d\u2019erreur d\u2019exp\u00e9dition ou de produit d\u00e9fectueux.<\/p>\n<ol start=\"7\" data-start=\"2030\" data-end=\"2049\">\n<li data-section-id=\"19hcsom\" data-start=\"2030\" data-end=\"2049\"><strong>Responsabilit\u00e9s<\/strong><\/li>\n<\/ol>\n<p data-start=\"2051\" data-end=\"2227\">VanCabin ne saurait \u00eatre tenu responsable des retards de transport ind\u00e9pendants de sa volont\u00e9.<br data-start=\"2124\" data-end=\"2127\">Les informations pr\u00e9sentes sur le site web sont mises \u00e0 jour r\u00e9guli\u00e8rement, toutefois, l\u2019absence totale d\u2019erreurs ne peut \u00eatre garantie.<\/p>\n<ol start=\"8\" data-start=\"2229\" data-end=\"2262\">\n<li data-section-id=\"11b6qao\" data-start=\"2229\" data-end=\"2262\"><strong>L\u00e9gislation applicable et juridiction<\/strong><\/li>\n<\/ol>\n<p data-start=\"2264\" data-end=\"2387\">Les pr\u00e9sentes conditions sont r\u00e9gies par la l\u00e9gislation espagnole en vigueur.<br data-start=\"2324\" data-end=\"2327\">Pour tout litige, les parties se soumettent aux tribunaux de Madrid.<\/p><br>\t\t\t\t\t\t\t\t<\/div>\n\t\t\t\t\t<\/div>\n\t\t\t\t<\/div>\n\t\t\t\t<\/div>\n\t\t","protected":false},"excerpt":{"rendered":"<p>CONDITIONS D&rsquo;ACHAT Objet Les pr\u00e9sentes Conditions d\u2019achat r\u00e9gissent la vente de produits et d\u2019accessoires pour campers via le site web<\/p>\n","protected":false},"author":1,"featured_media":0,"parent":0,"menu_order":0,"comment_status":"closed","ping_status":"closed","template":"","meta":{"footnotes":""},"class_list":["post-33207","page","type-page","status-publish","hentry"],"_links":{"self":[{"href":"https:\/\/vancabin.mobrilz.io\/fr\/wp-json\/wp\/v2\/pages\/33207","targetHints":{"allow":["GET"]}}],"collection":[{"href":"https:\/\/vancabin.mobrilz.io\/fr\/wp-json\/wp\/v2\/pages"}],"about":[{"href":"https:\/\/vancabin.mobrilz.io\/fr\/wp-json\/wp\/v2\/types\/page"}],"author":[{"embeddable":true,"href":"https:\/\/vancabin.mobrilz.io\/fr\/wp-json\/wp\/v2\/users\/1"}],"replies":[{"embeddable":true,"href":"https:\/\/vancabin.mobrilz.io\/fr\/wp-json\/wp\/v2\/comments?post=33207"}],"version-history":[{"count":3,"href":"https:\/\/vancabin.mobrilz.io\/fr\/wp-json\/wp\/v2\/pages\/33207\/revisions"}],"predecessor-version":[{"id":33210,"href":"https:\/\/vancabin.mobrilz.io\/fr\/wp-json\/wp\/v2\/pages\/33207\/revisions\/33210"}],"wp:attachment":[{"href":"https:\/\/vancabin.mobrilz.io\/fr\/wp-json\/wp\/v2\/media?parent=33207"}],"curies":[{"name":"wp","href":"https:\/\/api.w.org\/{rel}","templated":true}]}}