{"id":33201,"date":"2026-03-31T20:08:56","date_gmt":"2026-03-31T20:08:56","guid":{"rendered":"https:\/\/vancabin.mobrilz.io\/mentions-legales\/"},"modified":"2026-04-14T17:43:17","modified_gmt":"2026-04-14T17:43:17","slug":"mentions-legales","status":"publish","type":"page","link":"https:\/\/vancabin.mobrilz.io\/fr\/mentions-legales\/","title":{"rendered":"Mentions L\u00e9gales"},"content":{"rendered":"\t\t<div data-elementor-type=\"wp-page\" data-elementor-id=\"33201\" class=\"elementor elementor-33201 elementor-32662\">\n\t\t\t\t<div class=\"wd-negative-gap elementor-element elementor-element-132f423 e-flex e-con-boxed e-con e-parent\" data-id=\"132f423\" data-element_type=\"container\" data-e-type=\"container\">\n\t\t\t\t\t<div class=\"e-con-inner\">\n\t\t\t\t<div class=\"elementor-element elementor-element-5e211f7 color-scheme-inherit text-left elementor-widget elementor-widget-text-editor\" data-id=\"5e211f7\" data-element_type=\"widget\" data-e-type=\"widget\" data-widget_type=\"text-editor.default\">\n\t\t\t\t\t\t\t\t\t<p data-start=\"185\" data-end=\"201\"><strong data-start=\"185\" data-end=\"201\">INFORMATIONS GENERALES<\/strong><\/p><ol data-start=\"203\" data-end=\"225\"><li data-section-id=\"12ww9s\" data-start=\"203\" data-end=\"225\"><strong>Informations g\u00e9n\u00e9rales<\/strong><\/li><\/ol><p data-start=\"227\" data-end=\"580\">Conform\u00e9ment \u00e0 la Loi 34\/2002 relative aux services de la soci\u00e9t\u00e9 de l&rsquo;information et au commerce \u00e9lectronique (LSSI), ainsi qu\u2019\u00e0 la l\u00e9gislation espagnole en vigueur, les informations suivantes sont mises \u00e0 disposition :<br data-start=\"399\" data-end=\"402\">Titulaire du site web : Campers Advisor SL<br data-start=\"435\" data-end=\"438\">Nom commercial : VanCabin<br data-start=\"458\" data-end=\"461\">Num\u00e9ro d\u2019identification fiscale (CIF) : _____________<br data-start=\"488\" data-end=\"491\">Si\u00e8ge social : ______________<br data-start=\"525\" data-end=\"528\">Adresse \u00e9lectronique : <a class=\"decorated-link cursor-pointer\" rel=\"noopener\" data-start=\"535\" data-end=\"552\">info@vancabin.net<\/a><br data-start=\"552\" data-end=\"555\">WhatsApp : +34 744 708 091<\/p><ol start=\"2\" data-start=\"582\" data-end=\"592\"><li data-section-id=\"19ay5k7\" data-start=\"582\" data-end=\"592\"><strong>Objet<\/strong><\/li><\/ol><p data-start=\"594\" data-end=\"757\">Le pr\u00e9sent Avis l\u00e9gal r\u00e9git l\u2019acc\u00e8s et l\u2019utilisation du site web vancabin.com.<br data-start=\"666\" data-end=\"669\">L\u2019acc\u00e8s et l\u2019utilisation du site impliquent l\u2019acceptation de l\u2019ensemble des conditions \u00e9nonc\u00e9es dans les pr\u00e9sentes.<\/p><ol start=\"3\" data-start=\"759\" data-end=\"798\"><li data-section-id=\"1s3kwpb\" data-start=\"759\" data-end=\"798\"><strong>Propri\u00e9t\u00e9 intellectuelle et industrielle<\/strong><\/li><\/ol><p data-start=\"800\" data-end=\"1115\">L\u2019ensemble des contenus du site web, y compris les textes, images, logotypes, ic\u00f4nes, marques, dessins et logiciels, sont la propri\u00e9t\u00e9 de VanCabin ou de tiers ayant autoris\u00e9 leur utilisation.<br data-start=\"968\" data-end=\"971\">Toute reproduction, distribution, communication au public ou transformation, totale ou partielle, des contenus est interdite sans autorisation expresse.<\/p><ol start=\"4\" data-start=\"1117\" data-end=\"1132\"><li data-section-id=\"qjkbqg\" data-start=\"1117\" data-end=\"1132\"><strong>Conditions d\u2019utilisation<\/strong><\/li><\/ol><p data-start=\"1134\" data-end=\"1416\">L\u2019utilisateur s\u2019engage \u00e0 utiliser le site web de mani\u00e8re appropri\u00e9e et conform\u00e9ment \u00e0 la loi.<br data-start=\"1214\" data-end=\"1217\">Il est interdit d\u2019acc\u00e9der au site ou de l\u2019utiliser \u00e0 des fins illicites ou contraires aux pr\u00e9sentes conditions.<br data-start=\"1328\" data-end=\"1331\">VanCabin se r\u00e9serve le droit de suspendre l\u2019acc\u00e8s au site en cas d\u2019utilisation abusive.<\/p><ol start=\"5\" data-start=\"1418\" data-end=\"1444\"><li data-section-id=\"8lc0tv\" data-start=\"1418\" data-end=\"1444\"><strong>Exon\u00e9ration de responsabilit\u00e9<\/strong><\/li><\/ol><p data-start=\"1446\" data-end=\"1742\">VanCabin ne saurait \u00eatre tenu responsable des dommages r\u00e9sultant de l\u2019acc\u00e8s ou de l\u2019utilisation du site web, y compris des erreurs dans les informations, des interruptions du service ou de la pr\u00e9sence de virus informatiques.<br data-start=\"1608\" data-end=\"1611\">Le site web peut contenir des liens vers des sites tiers ; VanCabin n\u2019assume aucune responsabilit\u00e9 quant au contenu ni aux pratiques de confidentialit\u00e9 de ces sites.<\/p><ol start=\"6\" data-start=\"1744\" data-end=\"1777\"><li data-section-id=\"1eugxta\" data-start=\"1744\" data-end=\"1777\"><strong>L\u00e9gislation applicable et juridiction<\/strong><\/li><\/ol><p data-start=\"1779\" data-end=\"1903\">Les pr\u00e9sentes conditions sont r\u00e9gies par la l\u00e9gislation espagnole en vigueur.<br data-start=\"1840\" data-end=\"1843\">Pour tout litige, les parties se soumettent aux tribunaux de Madrid.<\/p>\t\t\t\t\t\t\t\t<\/div>\n\t\t\t\t\t<\/div>\n\t\t\t\t<\/div>\n\t\t\t\t<\/div>\n\t\t","protected":false},"excerpt":{"rendered":"<p>INFORMATIONS GENERALES Informations g\u00e9n\u00e9rales Conform\u00e9ment \u00e0 la Loi 34\/2002 relative aux services de la soci\u00e9t\u00e9 de l&rsquo;information et au commerce<\/p>\n","protected":false},"author":1,"featured_media":0,"parent":0,"menu_order":0,"comment_status":"closed","ping_status":"closed","template":"","meta":{"footnotes":""},"class_list":["post-33201","page","type-page","status-publish","hentry"],"_links":{"self":[{"href":"https:\/\/vancabin.mobrilz.io\/fr\/wp-json\/wp\/v2\/pages\/33201","targetHints":{"allow":["GET"]}}],"collection":[{"href":"https:\/\/vancabin.mobrilz.io\/fr\/wp-json\/wp\/v2\/pages"}],"about":[{"href":"https:\/\/vancabin.mobrilz.io\/fr\/wp-json\/wp\/v2\/types\/page"}],"author":[{"embeddable":true,"href":"https:\/\/vancabin.mobrilz.io\/fr\/wp-json\/wp\/v2\/users\/1"}],"replies":[{"embeddable":true,"href":"https:\/\/vancabin.mobrilz.io\/fr\/wp-json\/wp\/v2\/comments?post=33201"}],"version-history":[{"count":3,"href":"https:\/\/vancabin.mobrilz.io\/fr\/wp-json\/wp\/v2\/pages\/33201\/revisions"}],"predecessor-version":[{"id":33204,"href":"https:\/\/vancabin.mobrilz.io\/fr\/wp-json\/wp\/v2\/pages\/33201\/revisions\/33204"}],"wp:attachment":[{"href":"https:\/\/vancabin.mobrilz.io\/fr\/wp-json\/wp\/v2\/media?parent=33201"}],"curies":[{"name":"wp","href":"https:\/\/api.w.org\/{rel}","templated":true}]}}