{"id":32636,"date":"2026-03-23T19:18:45","date_gmt":"2026-03-23T19:18:45","guid":{"rendered":"https:\/\/vancabin.mobrilz.io\/product\/mosquitera-c3-%c2%b7-trasera-%c2%b7\/"},"modified":"2026-04-11T21:46:18","modified_gmt":"2026-04-11T21:46:18","slug":"mosquitera-c3-%c2%b7-trasera-%c2%b7","status":"publish","type":"product","link":"https:\/\/vancabin.mobrilz.io\/es\/producto\/mosquitera-c3-%c2%b7-trasera-%c2%b7\/","title":{"rendered":"MOSQUITERA C3 \u00b7 trasera \u00b7"},"content":{"rendered":"\t\t<div data-elementor-type=\"wp-post\" data-elementor-id=\"32636\" class=\"elementor elementor-32636 elementor-31711\">\n\t\t\t\t<div class=\"wd-negative-gap elementor-element elementor-element-97c776f e-flex e-con-boxed e-con e-parent\" data-id=\"97c776f\" data-element_type=\"container\" data-e-type=\"container\">\n\t\t\t\t\t<div class=\"e-con-inner\">\n\t\t<div class=\"elementor-element elementor-element-ff1082a e-con-full e-flex e-con e-child\" data-id=\"ff1082a\" data-element_type=\"container\" data-e-type=\"container\">\n\t\t\t\t<div class=\"elementor-element elementor-element-e6d2785 elementor-widget elementor-widget-heading\" data-id=\"e6d2785\" data-element_type=\"widget\" data-e-type=\"widget\" data-widget_type=\"heading.default\">\n\t\t\t\t\t<h2 class=\"elementor-heading-title elementor-size-default\">DETALLES DEL PRODUCTO<\/h2>\t\t\t\t<\/div>\n\t\t\t\t<div class=\"elementor-element elementor-element-db490ca color-scheme-inherit text-left elementor-widget elementor-widget-text-editor\" data-id=\"db490ca\" data-element_type=\"widget\" data-e-type=\"widget\" data-widget_type=\"text-editor.default\">\n\t\t\t\t\t\t\t\t\t<p>Las mosquiteras VANPAKKER <strong>\u00a9 by Vancabin \u00a9<\/strong> incorporan un sistema innovador que va mucho m\u00e1s all\u00e1 de una mosquitera convencional, ofreciendo una soluci\u00f3n vers\u00e1til y multifunci\u00f3n para tu camper.<\/p><p>Su dise\u00f1o se basa en un marco de tejido <strong>Nylon Oxford 600D<\/strong>, ultra resistente y antidesgarros, que se instala en el veh\u00edculo y act\u00faa como base para hasta <strong>5 usos diferentes:<\/strong><\/p><ul><li><p>Mosquitera<\/p><\/li><li><p>Pantalla de privacidad<\/p><\/li><li><p>Toldo<\/p><\/li><li><p>Ducha exterior<\/p><\/li><li><p>Aislante t\u00e9rmico*<\/p><\/li><\/ul><p>Puedes utilizar cada elemento por separado, combinarlos entre s\u00ed o desmontarlos completamente para guardarlos cuando no los necesites, alargando as\u00ed su vida \u00fatil.<\/p><p><strong>Mosquitera con cierre autom\u00e1tico<\/strong><br>Olv\u00eddate de las cremalleras. El sistema de <strong>cierre con imanes<\/strong> permite entrar y salir c\u00f3modamente incluso con las manos ocupadas.<br>Adem\u00e1s, es perfecto si viajas con mascotas, ya que pueden pasar libremente sin necesidad de abrir y cerrar. <\/p><p><strong>Privacidad total o modo toldo<\/strong><br>Incluye una cortina opaca enrollable en la parte superior que crea un espacio completamente privado en el interior.<br>Combinada con el Pack Toldo, tambi\u00e9n puedes usarla como protecci\u00f3n frente al sol o la lluvia.<\/p><p><strong>Ducha exterior o cambiador<\/strong><br>Desmontando la cortina de privacidad y fij\u00e1ndola a las puertas con los ganchos incluidos, puedes crear f\u00e1cilmente un espacio exterior adicional para ducharte o cambiarte con total comodidad.<\/p><p><strong>Aislante t\u00e9rmico (opcional)<\/strong><br>Para los meses m\u00e1s fr\u00edos, el mismo marco permite instalar un aislante t\u00e9rmico en las puertas traseras, mejorando el confort interior del veh\u00edculo.<br><em>Se vende por separado.<\/em><\/p>\t\t\t\t\t\t\t\t<\/div>\n\t\t\t\t<div class=\"elementor-element elementor-element-dc941c7 color-scheme-inherit text-left elementor-widget elementor-widget-text-editor\" data-id=\"dc941c7\" data-element_type=\"widget\" data-e-type=\"widget\" data-widget_type=\"text-editor.default\">\n\t\t\t\t\t\t\t\t\t<div class=\"WncCi\" data-hook=\"info-section-description\"><ul><li>Ducato, Boxer, Jumper H2 desde 2007<\/li><\/ul><\/div><ul><li>Comprueba las medidas para verificar la compatibilidad.<\/li><\/ul>\t\t\t\t\t\t\t\t<\/div>\n\t\t\t\t<div class=\"elementor-element elementor-element-5506b75 color-scheme-inherit text-left elementor-widget elementor-widget-text-editor\" data-id=\"5506b75\" data-element_type=\"widget\" data-e-type=\"widget\" data-widget_type=\"text-editor.default\">\n\t\t\t\t\t\t\t\t\t<p><strong>El hueco de la puerta debe medir<\/strong><\/p><p><strong>X &gt;&gt;&gt; ancho: 154\u2013175 cm<\/strong><br><strong>Y &gt;&gt;&gt; alto: 183\u2013200 cm<\/strong><\/p>\t\t\t\t\t\t\t\t<\/div>\n\t\t\t\t<div class=\"elementor-element elementor-element-beabd21 elementor-widget elementor-widget-image\" data-id=\"beabd21\" data-element_type=\"widget\" data-e-type=\"widget\" data-widget_type=\"image.default\">\n\t\t\t\t\t\t\t\t\t\t\t\t\t\t\t<img fetchpriority=\"high\" decoding=\"async\" width=\"256\" height=\"300\" src=\"https:\/\/vancabin.mobrilz.io\/wp-content\/uploads\/2026\/02\/VANCABIN-MOSQUITERA-C3-webp-12-256x300.webp\" class=\"attachment-medium size-medium wp-image-32562\" alt=\"\" srcset=\"https:\/\/vancabin.mobrilz.io\/wp-content\/uploads\/2026\/02\/VANCABIN-MOSQUITERA-C3-webp-12-256x300.webp 256w, https:\/\/vancabin.mobrilz.io\/wp-content\/uploads\/2026\/02\/VANCABIN-MOSQUITERA-C3-webp-12-684x800.webp 684w, https:\/\/vancabin.mobrilz.io\/wp-content\/uploads\/2026\/02\/VANCABIN-MOSQUITERA-C3-webp-12-768x899.webp 768w, https:\/\/vancabin.mobrilz.io\/wp-content\/uploads\/2026\/02\/VANCABIN-MOSQUITERA-C3-webp-12-430x503.webp 430w, https:\/\/vancabin.mobrilz.io\/wp-content\/uploads\/2026\/02\/VANCABIN-MOSQUITERA-C3-webp-12-700x819.webp 700w, https:\/\/vancabin.mobrilz.io\/wp-content\/uploads\/2026\/02\/VANCABIN-MOSQUITERA-C3-webp-12-150x176.webp 150w, https:\/\/vancabin.mobrilz.io\/wp-content\/uploads\/2026\/02\/VANCABIN-MOSQUITERA-C3-webp-12.webp 974w\" sizes=\"(max-width: 256px) 100vw, 256px\" \/>\t\t\t\t\t\t\t\t\t\t\t\t\t\t\t<\/div>\n\t\t\t\t<\/div>\n\t\t<div class=\"elementor-element elementor-element-3b50c02 e-con-full e-flex e-con e-child\" data-id=\"3b50c02\" data-element_type=\"container\" data-e-type=\"container\">\n\t\t\t\t<div class=\"elementor-element elementor-element-8259b51 elementor-widget elementor-widget-heading\" data-id=\"8259b51\" data-element_type=\"widget\" data-e-type=\"widget\" data-widget_type=\"heading.default\">\n\t\t\t\t\t<h2 class=\"elementor-heading-title elementor-size-default\">MONTAJE<\/h2>\t\t\t\t<\/div>\n\t\t\t\t<div class=\"elementor-element elementor-element-3800114 color-scheme-inherit text-left elementor-widget elementor-widget-text-editor\" data-id=\"3800114\" data-element_type=\"widget\" data-e-type=\"widget\" data-widget_type=\"text-editor.default\">\n\t\t\t\t\t\t\t\t\t<p>El sistema multifunci\u00f3n VANPAKKER requiere una instalaci\u00f3n inicial algo m\u00e1s completa que una mosquitera convencional, pero solo tendr\u00e1s que hacerlo una vez para disfrutar de todas sus funciones.<\/p><ol><li><strong>1. Colocaci\u00f3n del marco<\/strong><br>El marco de nylon se fija utilizando la goma de estanqueidad de las puertas.<br>Ret\u00edrala parcialmente, coloca el marco y vuelve a colocar la goma encima para asegurar la fijaci\u00f3n.<\/li><li><strong>2. Ajuste a tu veh\u00edculo<\/strong><br>El marco tiene un tama\u00f1o universal, por lo que deber\u00e1s recortar el exceso de material para adaptarlo perfectamente a tu camper.<\/li><li><strong>3. Instalaci\u00f3n progresiva<\/strong><br>Se recomienda instalarlo por tramos (30\u201340 cm), empezando por la parte superior central y alternando hacia ambos lados para facilitar el proceso.<\/li><li><strong>4. Ajuste final<\/strong><br>Comprueba que la mosquitera abre y cierra correctamente.<br>Si est\u00e1 demasiado tensa, ajusta el marco desde los laterales hasta conseguir un cierre autom\u00e1tico fluido.<\/li><\/ol>\t\t\t\t\t\t\t\t<\/div>\n\t\t\t\t<div class=\"elementor-element elementor-element-4990a2b elementor-widget elementor-widget-video\" data-id=\"4990a2b\" data-element_type=\"widget\" data-e-type=\"widget\" data-settings=\"{&quot;youtube_url&quot;:&quot;https:\\\/\\\/www.youtube.com\\\/watch?v=rNJCkyuAT6A&quot;,&quot;video_type&quot;:&quot;youtube&quot;,&quot;controls&quot;:&quot;yes&quot;}\" data-widget_type=\"video.default\">\n\t\t\t\t\t\t\t<div class=\"elementor-wrapper elementor-open-inline\">\n\t\t\t<div class=\"elementor-video\"><\/div>\t\t<\/div>\n\t\t\t\t\t\t<\/div>\n\t\t\t\t<div class=\"elementor-element elementor-element-7139c11 elementor-widget elementor-widget-heading\" data-id=\"7139c11\" data-element_type=\"widget\" data-e-type=\"widget\" data-widget_type=\"heading.default\">\n\t\t\t\t\t<h2 class=\"elementor-heading-title elementor-size-default\"> CARACT. T\u00c9CNICAS<\/h2>\t\t\t\t<\/div>\n\t\t\t\t<div class=\"elementor-element elementor-element-0ab1507 color-scheme-inherit text-left elementor-widget elementor-widget-text-editor\" data-id=\"0ab1507\" data-element_type=\"widget\" data-e-type=\"widget\" data-widget_type=\"text-editor.default\">\n\t\t\t\t\t\t\t\t\t<ul><li><p>Mosquitera: Poli\u00e9ster de 40\u201342 g\/m\u00b2, ligera, resistente y con excelente ventilaci\u00f3n<\/p><\/li><li><p><strong>Sistema de cierre<\/strong>: Barras de imanes de 5 cm en apertura vertical y base<\/p><\/li><li><p><strong>Marco: <\/strong>Nylon Oxford 600D, impermeable y antidesgarros<\/p><\/li><li><p><strong>Mantenimiento:<\/strong> Lavable, no se arruga y de secado r\u00e1pido<\/p><\/li><li><strong>Incluye: <\/strong>Mosquitera + marco multifunci\u00f3n<\/li><\/ul><ul><li><p><strong>Dimensiones de la bolsa:<\/strong> 20 \u00d7 30 \u00d7 9 cm<\/p><\/li><li><p><strong>Peso aprox.:<\/strong> 1.7 kg<\/p><\/li><li><p><strong>Color:<\/strong> Negro<\/p><\/li><\/ul>\t\t\t\t\t\t\t\t<\/div>\n\t\t\t\t<div class=\"elementor-element elementor-element-3806271 color-scheme-inherit text-left elementor-widget elementor-widget-text-editor\" data-id=\"3806271\" data-element_type=\"widget\" data-e-type=\"widget\" data-widget_type=\"text-editor.default\">\n\t\t\t\t\t\t\t\t\t<p><span dir=\"auto\"><strong>NOTA: Mejoramos nuestros productos a diario, por lo que los modelos que se muestran en las fotos y los videos pueden variar ligeramente de la versi\u00f3n m\u00e1s reciente. El color percibido de la tela puede variar seg\u00fan la pantalla, la hora de la foto, etc. <\/strong><br><\/span><\/p>\t\t\t\t\t\t\t\t<\/div>\n\t\t\t\t<\/div>\n\t\t\t\t\t<\/div>\n\t\t\t\t<\/div>\n\t\t\t\t<\/div>\n\t\t","protected":false},"excerpt":{"rendered":"<p>DETALLES DEL PRODUCTO Las mosquiteras VANPAKKER \u00a9 by Vancabin \u00a9 incorporan un sistema innovador que va mucho m\u00e1s all\u00e1 de<\/p>\n","protected":false},"featured_media":32865,"comment_status":"open","ping_status":"closed","template":"","meta":[],"product_brand":[],"product_cat":[110],"product_tag":[128],"class_list":{"0":"post-32636","1":"product","2":"type-product","3":"status-publish","4":"has-post-thumbnail","6":"product_cat-otros-vehiculos","7":"product_tag-mosquitera","9":"first","10":"instock","11":"sale","12":"shipping-taxable","13":"product-type-grouped"},"_links":{"self":[{"href":"https:\/\/vancabin.mobrilz.io\/es\/wp-json\/wp\/v2\/product\/32636","targetHints":{"allow":["GET"]}}],"collection":[{"href":"https:\/\/vancabin.mobrilz.io\/es\/wp-json\/wp\/v2\/product"}],"about":[{"href":"https:\/\/vancabin.mobrilz.io\/es\/wp-json\/wp\/v2\/types\/product"}],"replies":[{"embeddable":true,"href":"https:\/\/vancabin.mobrilz.io\/es\/wp-json\/wp\/v2\/comments?post=32636"}],"version-history":[{"count":1,"href":"https:\/\/vancabin.mobrilz.io\/es\/wp-json\/wp\/v2\/product\/32636\/revisions"}],"predecessor-version":[{"id":32637,"href":"https:\/\/vancabin.mobrilz.io\/es\/wp-json\/wp\/v2\/product\/32636\/revisions\/32637"}],"wp:featuredmedia":[{"embeddable":true,"href":"https:\/\/vancabin.mobrilz.io\/es\/wp-json\/wp\/v2\/media\/32865"}],"wp:attachment":[{"href":"https:\/\/vancabin.mobrilz.io\/es\/wp-json\/wp\/v2\/media?parent=32636"}],"wp:term":[{"taxonomy":"product_brand","embeddable":true,"href":"https:\/\/vancabin.mobrilz.io\/es\/wp-json\/wp\/v2\/product_brand?post=32636"},{"taxonomy":"product_cat","embeddable":true,"href":"https:\/\/vancabin.mobrilz.io\/es\/wp-json\/wp\/v2\/product_cat?post=32636"},{"taxonomy":"product_tag","embeddable":true,"href":"https:\/\/vancabin.mobrilz.io\/es\/wp-json\/wp\/v2\/product_tag?post=32636"}],"curies":[{"name":"wp","href":"https:\/\/api.w.org\/{rel}","templated":true}]}}