{"id":32611,"date":"2026-04-03T18:21:21","date_gmt":"2026-04-03T18:21:21","guid":{"rendered":"https:\/\/vancabin.mobrilz.io\/product\/toldo-trasero-doble-puerta\/"},"modified":"2026-04-06T20:02:57","modified_gmt":"2026-04-06T20:02:57","slug":"toldo-trasero-doble-puerta","status":"publish","type":"product","link":"https:\/\/vancabin.mobrilz.io\/es\/producto\/toldo-trasero-doble-puerta\/","title":{"rendered":"TOLDO TRASERO doble puerta"},"content":{"rendered":"\t\t<div data-elementor-type=\"wp-post\" data-elementor-id=\"32611\" class=\"elementor elementor-32611 elementor-32439\">\n\t\t\t\t<div class=\"wd-negative-gap elementor-element elementor-element-18f13e5 e-flex e-con-boxed e-con e-parent\" data-id=\"18f13e5\" data-element_type=\"container\" data-e-type=\"container\">\n\t\t\t\t\t<div class=\"e-con-inner\">\n\t\t<div class=\"elementor-element elementor-element-ac6c56c e-con-full e-flex e-con e-child\" data-id=\"ac6c56c\" data-element_type=\"container\" data-e-type=\"container\">\n\t\t\t\t<div class=\"elementor-element elementor-element-7e6ec14 elementor-widget elementor-widget-heading\" data-id=\"7e6ec14\" data-element_type=\"widget\" data-e-type=\"widget\" data-widget_type=\"heading.default\">\n\t\t\t\t\t<h2 class=\"elementor-heading-title elementor-size-default\">DETALLES DEL PRODUCTO<\/h2>\t\t\t\t<\/div>\n\t\t\t\t<div class=\"elementor-element elementor-element-6d95ce6 color-scheme-inherit text-left elementor-widget elementor-widget-text-editor\" data-id=\"6d95ce6\" data-element_type=\"widget\" data-e-type=\"widget\" data-widget_type=\"text-editor.default\">\n\t\t\t\t\t\t\t\t\t<p data-start=\"136\" data-end=\"255\">El<strong data-start=\"140\" data-end=\"162\"> toldo trasero CAN-M2<\/strong> para puertas traseras dobles es la soluci\u00f3n ideal para obtener <strong data-start=\"212\" data-end=\"236\">sombra de forma r\u00e1pida<\/strong> y sencilla durante cualquier viaje.<\/p><ul data-start=\"257\" data-end=\"1003\"><li data-section-id=\"1qm9mb7\" data-start=\"257\" data-end=\"366\"><strong data-start=\"259\" data-end=\"286\">Incluye pantalla de privacidad<\/strong>: crea un espacio totalmente privado para ducharse, cambiarse o usar el inodoro.<\/li><li data-section-id=\"dlwjnt\" data-start=\"367\" data-end=\"483\"><strong data-start=\"369\" data-end=\"404\">Ampliable con nuestro Pack Toldo:<\/strong> convierta la pantalla en una extensi\u00f3n de toldo para obtener sombra adicional en los d\u00edas soleados.<\/li><li data-section-id=\"daq6bc\" data-start=\"484\" data-end=\"583\"><strong data-start=\"486\" data-end=\"513\">Dise\u00f1o espec\u00edfico para cada veh\u00edculo:<\/strong> se adapta perfectamente a los modelos Trafic, NV300, Primastar, Vivaro y Talento.<\/li><li data-section-id=\"j4655u\" data-start=\"584\" data-end=\"671\"><strong data-start=\"586\" data-end=\"607\">F\u00e1cil instalaci\u00f3n:<\/strong> se monta en las puertas traseras sin necesidad de anclajes y est\u00e1 listo en minutos.<\/li><li data-section-id=\"sedg7q\" data-start=\"672\" data-end=\"772\"><strong data-start=\"674\" data-end=\"688\">Preparado para el viento: <\/strong>la barra telesc\u00f3pica incluida refuerza el toldo para mayor estabilidad en d\u00edas ventosos.<\/li><li data-section-id=\"1e75wcs\" data-start=\"773\" data-end=\"908\"><strong data-start=\"775\" data-end=\"798\">Duradero y compacto:<\/strong> fabricado con tejido <strong data-start=\"811\" data-end=\"844\">Oxford 300D con tratamiento UV<\/strong>; de secado r\u00e1pido y se pliega hasta ocupar poco espacio para un almacenamiento reducido.<\/li><li data-section-id=\"1y5z5e3\" data-start=\"909\" data-end=\"1003\"><strong data-start=\"911\" data-end=\"927\">Resistente a la intemperie:<\/strong> su columna de agua de 2000 mm garantiza la protecci\u00f3n contra la lluvia y las condiciones clim\u00e1ticas adversas.<\/li><\/ul><hr>\t\t\t\t\t\t\t\t<\/div>\n\t\t\t\t<div class=\"elementor-element elementor-element-04952f5 elementor-widget elementor-widget-heading\" data-id=\"04952f5\" data-element_type=\"widget\" data-e-type=\"widget\" data-widget_type=\"heading.default\">\n\t\t\t\t\t<h2 class=\"elementor-heading-title elementor-size-default\"> CARACT. T\u00c9CNICAS<\/h2>\t\t\t\t<\/div>\n\t\t\t\t<div class=\"elementor-element elementor-element-3e14c7a color-scheme-inherit text-left elementor-widget elementor-widget-text-editor\" data-id=\"3e14c7a\" data-element_type=\"widget\" data-e-type=\"widget\" data-widget_type=\"text-editor.default\">\n\t\t\t\t\t\t\t\t\t<ul><li><strong data-start=\"317\" data-end=\"327\">Tejido: poli\u00e9ster Oxford 300D PU2000MM, ligero y duradero.<\/strong><\/li><li>Costuras: Reforzadas con sellado impermeable para mayor protecci\u00f3n.<\/li><li>Barra telesc\u00f3pica: Barra hueca de acero de 19 mm con extremos de goma para evitar da\u00f1ar las puertas; dise\u00f1o de 3 secciones.<\/li><li>Dimensiones de la bolsa de transporte: 60 \u00d7 8 \u00d7 8 cm<\/li><li>Peso aprox.: 1,3 kg <\/li><li><strong data-start=\"577\" data-end=\"587\">Color:<\/strong> Negro<\/li><\/ul>\t\t\t\t\t\t\t\t<\/div>\n\t\t\t\t<div class=\"elementor-element elementor-element-8bac806 color-scheme-inherit text-left elementor-widget elementor-widget-text-editor\" data-id=\"8bac806\" data-element_type=\"widget\" data-e-type=\"widget\" data-widget_type=\"text-editor.default\">\n\t\t\t\t\t\t\t\t\t<p><span dir=\"auto\"><strong>NOTA: Mejoramos nuestros productos a diario, por lo que los modelos que se muestran en las fotos y los videos pueden variar ligeramente de la versi\u00f3n m\u00e1s reciente. El color percibido de la tela puede variar seg\u00fan la pantalla, la hora de la foto, etc. <\/strong><br><\/span><\/p>\t\t\t\t\t\t\t\t<\/div>\n\t\t\t\t<\/div>\n\t\t<div class=\"elementor-element elementor-element-8952aeb e-con-full e-flex e-con e-child\" data-id=\"8952aeb\" data-element_type=\"container\" data-e-type=\"container\">\n\t\t\t\t<div class=\"elementor-element elementor-element-100e758 elementor-widget elementor-widget-heading\" data-id=\"100e758\" data-element_type=\"widget\" data-e-type=\"widget\" data-widget_type=\"heading.default\">\n\t\t\t\t\t<h2 class=\"elementor-heading-title elementor-size-default\">MONTAJE<\/h2>\t\t\t\t<\/div>\n\t\t\t\t<div class=\"elementor-element elementor-element-2b18352 color-scheme-inherit text-left elementor-widget elementor-widget-text-editor\" data-id=\"2b18352\" data-element_type=\"widget\" data-e-type=\"widget\" data-widget_type=\"text-editor.default\">\n\t\t\t\t\t\t\t\t\t<h3 data-section-id=\"1deonls\" data-start=\"212\" data-end=\"228\">Toldo Trasero:<\/h3><p data-start=\"229\" data-end=\"289\">Instalar el toldo trasero lleva literalmente un minuto.<\/p><ol data-start=\"291\" data-end=\"740\"><li data-section-id=\"692ink\" data-start=\"291\" data-end=\"333\">Abra ambas puertas traseras de su veh\u00edculo.<\/li><li data-section-id=\"8v0hmx\" data-start=\"334\" data-end=\"419\">Despliega el toldo sobre las puertas e inserta la barra telesc\u00f3pica entre ellas.<\/li><li data-section-id=\"92sq9w\" data-start=\"420\" data-end=\"567\">Coloque el toldo sobre la parte superior de las puertas, apoy\u00e1ndolo en el riel superior para recoger el agua, y f\u00edjelo a la barra telesc\u00f3pica mediante las leng\u00fcetas de velcro.<\/li><li data-section-id=\"s175a7\" data-start=\"568\" data-end=\"660\">Estire el cord\u00f3n el\u00e1stico y enganche los clips de pl\u00e1stico para que el toldo cubra el canal\u00f3n antigoteo.<\/li><li data-section-id=\"36issz\" data-start=\"661\" data-end=\"740\">En la parte delantera, estire los cordones el\u00e1sticos y f\u00edjelos a las cerraduras de las puertas.<\/li><li data-section-id=\"36issz\" data-start=\"661\" data-end=\"740\"> Eso es todo. Listo para usar. <\/li><\/ol><hr data-start=\"772\" data-end=\"775\"><h3 data-section-id=\"haibo8\" data-start=\"777\" data-end=\"815\">Pantalla de privacidad \/ Extensi\u00f3n de toldo:<\/h3><ul data-start=\"816\" data-end=\"1088\"><li data-section-id=\"l1lkzs\" data-start=\"816\" data-end=\"923\">Fije la parte superior de velcro de la pantalla de privacidad al velcro del borde frontal del toldo (en el interior).<\/li><li data-section-id=\"17pnmf2\" data-start=\"924\" data-end=\"1001\">Limpie los bordes de las puertas y coloque el velcro adhesivo incluido.<\/li><li data-section-id=\"bt1vnp\" data-start=\"1002\" data-end=\"1088\">Sujeta la pantalla de privacidad a estas tiras de velcro para crear un espacio amplio y privado.<\/li><\/ul><p data-start=\"1090\" data-end=\"1117\"><strong data-start=\"1090\" data-end=\"1115\">Con el Pack Toldo:<\/strong><\/p><ul data-start=\"1118\" data-end=\"1326\"><li data-section-id=\"1k99xqs\" data-start=\"1118\" data-end=\"1233\">Retire las \u00faltimas tiras de velcro, ensamble las varillas e ins\u00e9rtelas en los ojales met\u00e1licos de la pantalla de privacidad.<\/li><li data-section-id=\"1d14rj9\" data-start=\"1234\" data-end=\"1326\">Ahora dispone de una amplia extensi\u00f3n de toldo que proporciona sombra adicional o protecci\u00f3n contra la lluvia.<\/li><\/ul>\t\t\t\t\t\t\t\t<\/div>\n\t\t\t\t<\/div>\n\t\t\t\t\t<\/div>\n\t\t\t\t<\/div>\n\t\t\t\t<\/div>\n\t\t","protected":false},"excerpt":{"rendered":"<p>DETALLES DEL PRODUCTO El toldo trasero CAN-M2 para puertas traseras dobles es la soluci\u00f3n ideal para obtener sombra de forma<\/p>\n","protected":false},"featured_media":32763,"comment_status":"open","ping_status":"closed","template":"","meta":[],"product_brand":[],"product_cat":[107],"product_tag":[],"class_list":{"0":"post-32611","1":"product","2":"type-product","3":"status-publish","4":"has-post-thumbnail","6":"product_cat-sin-categoria","8":"first","9":"outofstock","10":"shipping-taxable","11":"purchasable","12":"product-type-simple"},"_links":{"self":[{"href":"https:\/\/vancabin.mobrilz.io\/es\/wp-json\/wp\/v2\/product\/32611","targetHints":{"allow":["GET"]}}],"collection":[{"href":"https:\/\/vancabin.mobrilz.io\/es\/wp-json\/wp\/v2\/product"}],"about":[{"href":"https:\/\/vancabin.mobrilz.io\/es\/wp-json\/wp\/v2\/types\/product"}],"replies":[{"embeddable":true,"href":"https:\/\/vancabin.mobrilz.io\/es\/wp-json\/wp\/v2\/comments?post=32611"}],"version-history":[{"count":1,"href":"https:\/\/vancabin.mobrilz.io\/es\/wp-json\/wp\/v2\/product\/32611\/revisions"}],"predecessor-version":[{"id":32612,"href":"https:\/\/vancabin.mobrilz.io\/es\/wp-json\/wp\/v2\/product\/32611\/revisions\/32612"}],"wp:featuredmedia":[{"embeddable":true,"href":"https:\/\/vancabin.mobrilz.io\/es\/wp-json\/wp\/v2\/media\/32763"}],"wp:attachment":[{"href":"https:\/\/vancabin.mobrilz.io\/es\/wp-json\/wp\/v2\/media?parent=32611"}],"wp:term":[{"taxonomy":"product_brand","embeddable":true,"href":"https:\/\/vancabin.mobrilz.io\/es\/wp-json\/wp\/v2\/product_brand?post=32611"},{"taxonomy":"product_cat","embeddable":true,"href":"https:\/\/vancabin.mobrilz.io\/es\/wp-json\/wp\/v2\/product_cat?post=32611"},{"taxonomy":"product_tag","embeddable":true,"href":"https:\/\/vancabin.mobrilz.io\/es\/wp-json\/wp\/v2\/product_tag?post=32611"}],"curies":[{"name":"wp","href":"https:\/\/api.w.org\/{rel}","templated":true}]}}