{"id":32608,"date":"2026-02-20T10:47:52","date_gmt":"2026-02-20T10:47:52","guid":{"rendered":"https:\/\/vancabin.mobrilz.io\/product\/cabina-de-ducha\/"},"modified":"2026-04-06T19:52:50","modified_gmt":"2026-04-06T19:52:50","slug":"cabina-de-ducha","status":"publish","type":"product","link":"https:\/\/vancabin.mobrilz.io\/es\/producto\/cabina-de-ducha\/","title":{"rendered":"CABINA DE DUCHA"},"content":{"rendered":"\t\t<div data-elementor-type=\"wp-post\" data-elementor-id=\"32608\" class=\"elementor elementor-32608 elementor-29341\">\n\t\t\t\t<div class=\"wd-negative-gap elementor-element elementor-element-18f13e5 e-flex e-con-boxed e-con e-parent\" data-id=\"18f13e5\" data-element_type=\"container\" data-e-type=\"container\">\n\t\t\t\t\t<div class=\"e-con-inner\">\n\t\t<div class=\"elementor-element elementor-element-ac6c56c e-con-full e-flex e-con e-child\" data-id=\"ac6c56c\" data-element_type=\"container\" data-e-type=\"container\">\n\t\t\t\t<div class=\"elementor-element elementor-element-7e6ec14 elementor-widget elementor-widget-heading\" data-id=\"7e6ec14\" data-element_type=\"widget\" data-e-type=\"widget\" data-widget_type=\"heading.default\">\n\t\t\t\t\t<h2 class=\"elementor-heading-title elementor-size-default\">DETALLES DEL PRODUCTO<\/h2>\t\t\t\t<\/div>\n\t\t\t\t<div class=\"elementor-element elementor-element-6d95ce6 color-scheme-inherit text-left elementor-widget elementor-widget-text-editor\" data-id=\"6d95ce6\" data-element_type=\"widget\" data-e-type=\"widget\" data-widget_type=\"text-editor.default\">\n\t\t\t\t\t\t\t\t\t<p>Cabina de ducha s\u00faper ligera y f\u00e1cil de instalar, ideal para<strong> veh\u00edculos de gran volumen y furgonetas medianas.<\/strong><br>Incluye 4 cuerdas con ganchos para colgarla del techo del veh\u00edculo de manera segura.<\/p><p><strong>Base estanca 60 \u00d7 60 cm<\/strong><\/p><ul><li><p>Fabricada en PVC resistente a golpes, ara\u00f1azos y desgarros<\/p><\/li><li><p>Salida de agua con tap\u00f3n roscado<\/p><\/li><li><p>Incluye tubo de PVC transparente con racord para evacuar el agua hacia el exterior<\/p><\/li><li><p>Salida situada para dejar la puerta corredera casi cerrada mientras te duchas<\/p><\/li><li><p>Incluye 2 garrafas plegables de 10 L para recoger el agua sucia<\/p><\/li><\/ul><p><strong>Acceso c\u00f3modo<\/strong><\/p><ul><li><p>Cremallera estanca desde la base hasta la parte superior<\/p><\/li><li><p>Forma ensanchada: 60 \u00d7 60 cm en la base \u2192 75 \u00d7 75 cm en la mitad superior<\/p><\/li><li><p>Varillas integradas a media altura y en la parte superior para un interior amplio y estable<\/p><\/li><\/ul><p><strong>Adaptable y pr\u00e1ctico<\/strong><\/p><ul><li><p>4 cintas de enganche a media altura para techos bajos<\/p><\/li><li><p>Apertura lateral para pasar el grifo de la ducha (desde cocina o garrafa)<\/p><\/li><li><p>Bolsillo de rejilla con cremallera para guardar geles y champ\u00fas, incluso al plegar la cabina<\/p><\/li><\/ul><hr>\t\t\t\t\t\t\t\t<\/div>\n\t\t\t\t<\/div>\n\t\t<div class=\"elementor-element elementor-element-8952aeb e-con-full e-flex e-con e-child\" data-id=\"8952aeb\" data-element_type=\"container\" data-e-type=\"container\">\n\t\t\t\t<div class=\"elementor-element elementor-element-100e758 elementor-widget elementor-widget-heading\" data-id=\"100e758\" data-element_type=\"widget\" data-e-type=\"widget\" data-widget_type=\"heading.default\">\n\t\t\t\t\t<h2 class=\"elementor-heading-title elementor-size-default\">MONTAJE<\/h2>\t\t\t\t<\/div>\n\t\t\t\t<div class=\"elementor-element elementor-element-2b18352 color-scheme-inherit text-left elementor-widget elementor-widget-text-editor\" data-id=\"2b18352\" data-element_type=\"widget\" data-e-type=\"widget\" data-widget_type=\"text-editor.default\">\n\t\t\t\t\t\t\t\t\t<ol><li><p><strong>Sacar y desplegar la cabina<\/strong><br>Saca la cabina de ducha de su bolsa.<br>Despli\u00e9gala completamente sobre una superficie plana.<\/p><\/li><li><p><strong>Colgar la cabina<\/strong><br>Usa las cuerdas suministradas y engancha los ganchos en las cintas de las esquinas superiores.<br>Orienta la salida del desag\u00fce hacia la puerta del veh\u00edculo.<\/p><\/li><li><p>Abrir las paredes<br>Abre la cremallera de arriba hacia abajo.<br>Separa las paredes de la cabina; las varillas de fibra integradas dar\u00e1n la forma cuadrada.<\/p><\/li><li><p><strong>Adaptaci\u00f3n para techo bajo (opcional)<\/strong><br>Si el veh\u00edculo tiene techo bajo, abre la cremallera hasta la mitad de la altura.<br>Engancha los ganchos a las cintas a media altura del interior de la cabina.<br>Cuelga del techo usando las cuerdas.<\/p><\/li><li><p><strong>Verificaci\u00f3n final<\/strong><br>Comprueba que la cabina queda estable y que el desag\u00fce est\u00e1 correctamente orientado.<br>Ajusta cuerdas o ganchos si es necesario para una instalaci\u00f3n firme.<\/p><\/li><\/ol>\t\t\t\t\t\t\t\t<\/div>\n\t\t\t\t<div class=\"elementor-element elementor-element-04952f5 elementor-widget elementor-widget-heading\" data-id=\"04952f5\" data-element_type=\"widget\" data-e-type=\"widget\" data-widget_type=\"heading.default\">\n\t\t\t\t\t<h2 class=\"elementor-heading-title elementor-size-default\"> CARACT. T\u00c9CNICAS<\/h2>\t\t\t\t<\/div>\n\t\t\t\t<div class=\"elementor-element elementor-element-3e14c7a color-scheme-inherit text-left elementor-widget elementor-widget-text-editor\" data-id=\"3e14c7a\" data-element_type=\"widget\" data-e-type=\"widget\" data-widget_type=\"text-editor.default\">\n\t\t\t\t\t\t\t\t\t<ul><li><p>Tejido: Nylon 190T, PU3000mm, impermeabilizado por ambas caras, anti-UV y con costuras reforzadas y termoselladas. Fuerte, ligero y resistente al viento, golpes y desgarros. <\/p><\/li><li><p><strong>Base:<\/strong> PVC 500D with high-frequency welded seams<\/p><\/li><li><p>Varillas: Fibra de vidrio flexibles y s\u00faper resistentes, 6 mm de di\u00e1metro<\/p><\/li><li><p>Incluye: Cabina de ducha, tubo de desag\u00fce, 4 cuerdas y 8 ganchos, 2 bidones plegables de 10L, todo en una bolsa con bandolera<\/p><\/li><\/ul>\t\t\t\t\t\t\t\t<\/div>\n\t\t\t\t<div class=\"elementor-element elementor-element-8bac806 color-scheme-inherit text-left elementor-widget elementor-widget-text-editor\" data-id=\"8bac806\" data-element_type=\"widget\" data-e-type=\"widget\" data-widget_type=\"text-editor.default\">\n\t\t\t\t\t\t\t\t\t<p><span dir=\"auto\"><strong>NOTA: Mejoramos nuestros productos a diario, por lo que los modelos que se muestran en las fotos y los videos pueden variar ligeramente de la versi\u00f3n m\u00e1s reciente. El color percibido de la tela puede variar seg\u00fan la pantalla, la hora de la foto, etc. <\/strong><br><\/span><\/p>\t\t\t\t\t\t\t\t<\/div>\n\t\t\t\t<\/div>\n\t\t\t\t\t<\/div>\n\t\t\t\t<\/div>\n\t\t\t\t<\/div>\n\t\t","protected":false},"excerpt":{"rendered":"<p>DETALLES DEL PRODUCTO Cabina de ducha s\u00faper ligera y f\u00e1cil de instalar, ideal para veh\u00edculos de gran volumen y furgonetas<\/p>\n","protected":false},"featured_media":31039,"comment_status":"open","ping_status":"closed","template":"","meta":[],"product_brand":[],"product_cat":[110,111,109,84,108],"product_tag":[130],"class_list":{"0":"post-32608","1":"product","2":"type-product","3":"status-publish","4":"has-post-thumbnail","6":"product_cat-otros-vehiculos","7":"product_cat-ford-transit-custom-nugget","8":"product_cat-spacetourer-jumpy-expert-proace-vivaro-traveller","9":"product_cat-volkswagen","10":"product_cat-trafic-primastar-nv300-talento-vivaro","11":"product_tag-ducha","13":"first","14":"outofstock","15":"shipping-taxable","16":"purchasable","17":"product-type-simple"},"_links":{"self":[{"href":"https:\/\/vancabin.mobrilz.io\/es\/wp-json\/wp\/v2\/product\/32608","targetHints":{"allow":["GET"]}}],"collection":[{"href":"https:\/\/vancabin.mobrilz.io\/es\/wp-json\/wp\/v2\/product"}],"about":[{"href":"https:\/\/vancabin.mobrilz.io\/es\/wp-json\/wp\/v2\/types\/product"}],"replies":[{"embeddable":true,"href":"https:\/\/vancabin.mobrilz.io\/es\/wp-json\/wp\/v2\/comments?post=32608"}],"version-history":[{"count":1,"href":"https:\/\/vancabin.mobrilz.io\/es\/wp-json\/wp\/v2\/product\/32608\/revisions"}],"predecessor-version":[{"id":32609,"href":"https:\/\/vancabin.mobrilz.io\/es\/wp-json\/wp\/v2\/product\/32608\/revisions\/32609"}],"wp:featuredmedia":[{"embeddable":true,"href":"https:\/\/vancabin.mobrilz.io\/es\/wp-json\/wp\/v2\/media\/31039"}],"wp:attachment":[{"href":"https:\/\/vancabin.mobrilz.io\/es\/wp-json\/wp\/v2\/media?parent=32608"}],"wp:term":[{"taxonomy":"product_brand","embeddable":true,"href":"https:\/\/vancabin.mobrilz.io\/es\/wp-json\/wp\/v2\/product_brand?post=32608"},{"taxonomy":"product_cat","embeddable":true,"href":"https:\/\/vancabin.mobrilz.io\/es\/wp-json\/wp\/v2\/product_cat?post=32608"},{"taxonomy":"product_tag","embeddable":true,"href":"https:\/\/vancabin.mobrilz.io\/es\/wp-json\/wp\/v2\/product_tag?post=32608"}],"curies":[{"name":"wp","href":"https:\/\/api.w.org\/{rel}","templated":true}]}}