{"id":32600,"date":"2026-02-20T09:32:44","date_gmt":"2026-02-20T09:32:44","guid":{"rendered":"https:\/\/vancabin.mobrilz.io\/product\/t3cover-westfalia\/"},"modified":"2026-04-06T19:07:17","modified_gmt":"2026-04-06T19:07:17","slug":"t3cover-westfalia","status":"publish","type":"product","link":"https:\/\/vancabin.mobrilz.io\/es\/producto\/t3cover-westfalia\/","title":{"rendered":"T3COVER Westfalia"},"content":{"rendered":"\t\t<div data-elementor-type=\"wp-post\" data-elementor-id=\"32600\" class=\"elementor elementor-32600 elementor-29286\">\n\t\t\t\t<div class=\"wd-negative-gap elementor-element elementor-element-485be41 e-flex e-con-boxed e-con e-parent\" data-id=\"485be41\" data-element_type=\"container\" data-e-type=\"container\">\n\t\t\t\t\t<div class=\"e-con-inner\">\n\t\t<div class=\"elementor-element elementor-element-89954ad e-con-full e-flex e-con e-child\" data-id=\"89954ad\" data-element_type=\"container\" data-e-type=\"container\">\n\t\t\t\t<div class=\"elementor-element elementor-element-34d505e elementor-widget elementor-widget-heading\" data-id=\"34d505e\" data-element_type=\"widget\" data-e-type=\"widget\" data-widget_type=\"heading.default\">\n\t\t\t\t\t<h2 class=\"elementor-heading-title elementor-size-default\">DETALLES DEL PRODUCTO<\/h2>\t\t\t\t<\/div>\n\t\t\t\t<div class=\"elementor-element elementor-element-d9c217d color-scheme-inherit text-left elementor-widget elementor-widget-text-editor\" data-id=\"d9c217d\" data-element_type=\"widget\" data-e-type=\"widget\" data-widget_type=\"text-editor.default\">\n\t\t\t\t\t\t\t\t\t<p>Esta funda incluye una <strong>ventana frontal con doble cremallera<\/strong>, que permite una <strong>ventilaci\u00f3n adecuada<\/strong>, evitando condensaci\u00f3n, humedad, moho o corrosi\u00f3n, y garantizando la <strong>correcta conservaci\u00f3n del veh\u00edculo.<\/strong><\/p><p>El per\u00edmetro inferior cuenta con m\u00faltiples <strong>ollaos met\u00e1licos<\/strong>, que permiten fijar la funda de diferentes formas seg\u00fan tus necesidades: cuerdas, gomas el\u00e1sticas, ventosas o imanes (no incluidos).<\/p>\t\t\t\t\t\t\t\t<\/div>\n\t\t\t\t<div class=\"elementor-element elementor-element-f8f3ff6 color-scheme-inherit text-left elementor-widget elementor-widget-text-editor\" data-id=\"f8f3ff6\" data-element_type=\"widget\" data-e-type=\"widget\" data-widget_type=\"text-editor.default\">\n\t\t\t\t\t\t\t\t\t<div class=\"WncCi\" data-hook=\"info-section-description\"><ul><li>Volkswagen T3<\/li><\/ul><p><strong><span style=\"color: #ff0000;\">SOLO PARA TECHOS ELEVABLES ORIGINALES DE VW<\/span><\/strong><\/p><\/div>\t\t\t\t\t\t\t\t<\/div>\n\t\t\t\t<div class=\"elementor-element elementor-element-2bb3b4d elementor-widget elementor-widget-video\" data-id=\"2bb3b4d\" data-element_type=\"widget\" data-e-type=\"widget\" data-settings=\"{&quot;youtube_url&quot;:&quot;https:\\\/\\\/www.youtube.com\\\/watch?v=Kv3nEf265RI&amp;embeds_referring_euri=https%3A%2F%2Fwww.vancabin.net%2F&quot;,&quot;video_type&quot;:&quot;youtube&quot;,&quot;controls&quot;:&quot;yes&quot;}\" data-widget_type=\"video.default\">\n\t\t\t\t\t\t\t<div class=\"elementor-wrapper elementor-open-inline\">\n\t\t\t<div class=\"elementor-video\"><\/div>\t\t<\/div>\n\t\t\t\t\t\t<\/div>\n\t\t\t\t<\/div>\n\t\t<div class=\"elementor-element elementor-element-eb01acd e-con-full e-flex e-con e-child\" data-id=\"eb01acd\" data-element_type=\"container\" data-e-type=\"container\">\n\t\t\t\t<div class=\"elementor-element elementor-element-307667c elementor-widget elementor-widget-heading\" data-id=\"307667c\" data-element_type=\"widget\" data-e-type=\"widget\" data-widget_type=\"heading.default\">\n\t\t\t\t\t<h2 class=\"elementor-heading-title elementor-size-default\">MONTAJE<\/h2>\t\t\t\t<\/div>\n\t\t\t\t<div class=\"elementor-element elementor-element-ba5ba9c color-scheme-inherit text-left elementor-widget elementor-widget-text-editor\" data-id=\"ba5ba9c\" data-element_type=\"widget\" data-e-type=\"widget\" data-widget_type=\"text-editor.default\">\n\t\t\t\t\t\t\t\t\t<ol><li><p><strong>Inicio del montaje:<\/strong><br>Comienza por la parte delantera del techo, elev\u00e1ndolo ligeramente y encajando las <strong>dos esquinas delanteras de la funda.<\/strong><\/p><\/li><li><p><strong>Colocaci\u00f3n de la funda:<\/strong><br>Estira la funda hacia la parte trasera del veh\u00edculo y, una vez colocada, abre completamente el techo elevable.<\/p><\/li><li><p><strong>Fijaci\u00f3n:<\/strong><br>Los ollaos met\u00e1licos permiten sujetar la funda de forma segura a diferentes puntos del veh\u00edculo, utilizando el sistema de fijaci\u00f3n que prefieras: cuerdas, gomas el\u00e1sticas, ventosas o imanes.<\/p><\/li><\/ol>\t\t\t\t\t\t\t\t<\/div>\n\t\t\t\t<div class=\"elementor-element elementor-element-aa6047f elementor-widget elementor-widget-heading\" data-id=\"aa6047f\" data-element_type=\"widget\" data-e-type=\"widget\" data-widget_type=\"heading.default\">\n\t\t\t\t\t<h2 class=\"elementor-heading-title elementor-size-default\"> CARACT. T\u00c9CNICAS<\/h2>\t\t\t\t<\/div>\n\t\t\t\t<div class=\"elementor-element elementor-element-d4e7a24 color-scheme-inherit text-left elementor-widget elementor-widget-text-editor\" data-id=\"d4e7a24\" data-element_type=\"widget\" data-e-type=\"widget\" data-widget_type=\"text-editor.default\">\n\t\t\t\t\t\t\t\t\t<ul><li><p>Material:<strong> Nylon 190T, PU3000mm<\/strong>, impermeabilizado por ambas caras, con tratamiento anti-UV, <strong>costuras reforzadas y termoselladas<\/strong> por el interior. Fuerte, ligero y totalmente resistente a viento, golpes, desgarros y agua. <\/p><\/li><li><p>Contenido del pack: Funda de techo en una pr\u00e1ctica bolsa con bandolera.<\/p><\/li><li><p>Dimensiones del pack: <strong>55 \u00d7 15 \u00d7 15 cm<\/strong><\/p><\/li><li><p><strong>Peso aprox.:<\/strong> 1.0 kg<\/p><\/li><li><p>Color: <strong>Gris<\/strong><\/p><\/li><\/ul>\t\t\t\t\t\t\t\t<\/div>\n\t\t\t\t<div class=\"elementor-element elementor-element-2dfbedf color-scheme-inherit text-left elementor-widget elementor-widget-text-editor\" data-id=\"2dfbedf\" data-element_type=\"widget\" data-e-type=\"widget\" data-widget_type=\"text-editor.default\">\n\t\t\t\t\t\t\t\t\t<p><span dir=\"auto\"><strong>NOTA: Mejoramos nuestros productos a diario, por lo que los modelos que se muestran en las fotos y los videos pueden variar ligeramente de la versi\u00f3n m\u00e1s reciente. El color percibido de la tela puede variar seg\u00fan la pantalla, la hora de la foto, etc. <\/strong><br><\/span><\/p>\t\t\t\t\t\t\t\t<\/div>\n\t\t\t\t<\/div>\n\t\t\t\t\t<\/div>\n\t\t\t\t<\/div>\n\t\t\t\t<\/div>\n\t\t","protected":false},"excerpt":{"rendered":"<p>DETALLES DEL PRODUCTO Esta funda incluye una ventana frontal con doble cremallera, que permite una ventilaci\u00f3n adecuada, evitando condensaci\u00f3n, humedad,<\/p>\n","protected":false},"featured_media":31337,"comment_status":"open","ping_status":"closed","template":"","meta":[],"product_brand":[],"product_cat":[84],"product_tag":[129],"class_list":{"0":"post-32600","1":"product","2":"type-product","3":"status-publish","4":"has-post-thumbnail","6":"product_cat-volkswagen","7":"product_tag-funda-de-techo","9":"first","10":"instock","11":"shipping-taxable","12":"purchasable","13":"product-type-simple"},"_links":{"self":[{"href":"https:\/\/vancabin.mobrilz.io\/es\/wp-json\/wp\/v2\/product\/32600","targetHints":{"allow":["GET"]}}],"collection":[{"href":"https:\/\/vancabin.mobrilz.io\/es\/wp-json\/wp\/v2\/product"}],"about":[{"href":"https:\/\/vancabin.mobrilz.io\/es\/wp-json\/wp\/v2\/types\/product"}],"replies":[{"embeddable":true,"href":"https:\/\/vancabin.mobrilz.io\/es\/wp-json\/wp\/v2\/comments?post=32600"}],"version-history":[{"count":1,"href":"https:\/\/vancabin.mobrilz.io\/es\/wp-json\/wp\/v2\/product\/32600\/revisions"}],"predecessor-version":[{"id":32601,"href":"https:\/\/vancabin.mobrilz.io\/es\/wp-json\/wp\/v2\/product\/32600\/revisions\/32601"}],"wp:featuredmedia":[{"embeddable":true,"href":"https:\/\/vancabin.mobrilz.io\/es\/wp-json\/wp\/v2\/media\/31337"}],"wp:attachment":[{"href":"https:\/\/vancabin.mobrilz.io\/es\/wp-json\/wp\/v2\/media?parent=32600"}],"wp:term":[{"taxonomy":"product_brand","embeddable":true,"href":"https:\/\/vancabin.mobrilz.io\/es\/wp-json\/wp\/v2\/product_brand?post=32600"},{"taxonomy":"product_cat","embeddable":true,"href":"https:\/\/vancabin.mobrilz.io\/es\/wp-json\/wp\/v2\/product_cat?post=32600"},{"taxonomy":"product_tag","embeddable":true,"href":"https:\/\/vancabin.mobrilz.io\/es\/wp-json\/wp\/v2\/product_tag?post=32600"}],"curies":[{"name":"wp","href":"https:\/\/api.w.org\/{rel}","templated":true}]}}