{"id":32597,"date":"2026-02-20T09:31:31","date_gmt":"2026-02-20T09:31:31","guid":{"rendered":"https:\/\/vancabin.mobrilz.io\/product\/t5t6cover-westfalia-bram\/"},"modified":"2026-04-06T19:04:21","modified_gmt":"2026-04-06T19:04:21","slug":"t5t6cover-westfalia-bram","status":"publish","type":"product","link":"https:\/\/vancabin.mobrilz.io\/es\/producto\/t5t6cover-westfalia-bram\/","title":{"rendered":"T5T6COVER Westfalia &amp; Bram"},"content":{"rendered":"\t\t<div data-elementor-type=\"wp-post\" data-elementor-id=\"32597\" class=\"elementor elementor-32597 elementor-29284\">\n\t\t\t\t<div class=\"wd-negative-gap elementor-element elementor-element-2d9aa9c e-flex e-con-boxed e-con e-parent\" data-id=\"2d9aa9c\" data-element_type=\"container\" data-e-type=\"container\">\n\t\t\t\t\t<div class=\"e-con-inner\">\n\t\t<div class=\"elementor-element elementor-element-ff97c37 e-con-full e-flex e-con e-child\" data-id=\"ff97c37\" data-element_type=\"container\" data-e-type=\"container\">\n\t\t\t\t<div class=\"elementor-element elementor-element-ec0dca5 elementor-widget elementor-widget-heading\" data-id=\"ec0dca5\" data-element_type=\"widget\" data-e-type=\"widget\" data-widget_type=\"heading.default\">\n\t\t\t\t\t<h2 class=\"elementor-heading-title elementor-size-default\">DETALLES DEL PRODUCTO<\/h2>\t\t\t\t<\/div>\n\t\t\t\t<div class=\"elementor-element elementor-element-a50bc74 color-scheme-inherit text-left elementor-widget elementor-widget-text-editor\" data-id=\"a50bc74\" data-element_type=\"widget\" data-e-type=\"widget\" data-widget_type=\"text-editor.default\">\n\t\t\t\t\t\t\t\t\t<p>Esta funda incluye <strong>dos ventanas laterales<\/strong> con cremallera de doble tirador met\u00e1lico, que permiten una correcta <strong>ventilaci\u00f3n<\/strong>, evitando condensaci\u00f3n, humedad, moho o corrosi\u00f3n, garantizando as\u00ed la <strong>perfecta conservaci\u00f3<\/strong>n del veh\u00edculo.<\/p><p>El dise\u00f1o incorpora tambi\u00e9n un<strong> techo transparente<\/strong>, fundamental si tu camper cuenta con placas solares o planeas instalarlas en el futuro. Este elemento es imprescindible para <strong>no comprometer la carga de las bater\u00edas <\/strong>con la funda instalada. <\/p><p>Se incluyen <strong>2 bordones de 2,50 metros con velcro<\/strong> cosido para sujetar la base de la funda de techo a las gu\u00edas originales del veh\u00edculo.<\/p><ul><li><p>Si tu camper lleva un toldo instalado, solo tendr\u00e1s que cortar uno de los bordones a la medida necesaria.<\/p><\/li><li><p>Si no hay gu\u00edas, la funda puede fijarse con cuerdas, gomas el\u00e1sticas, ventosas o imanes (no incluidos) en los m\u00faltiples ollaos del per\u00edmetro inferior.<\/p><\/li><\/ul><p>Ten en cuenta que ventanas, techo transparente y bordones est\u00e1n incluidos en el precio, mientras que algunos fabricantes los ofrecen con costes adicionales.<\/p>\t\t\t\t\t\t\t\t<\/div>\n\t\t\t\t<div class=\"elementor-element elementor-element-e9569de color-scheme-inherit text-left elementor-widget elementor-widget-text-editor\" data-id=\"e9569de\" data-element_type=\"widget\" data-e-type=\"widget\" data-widget_type=\"text-editor.default\">\n\t\t\t\t\t\t\t\t\t<div class=\"WncCi\" data-hook=\"info-section-description\"><ul><li>Volkswagen T5<\/li><li>Volkswagen T6<\/li><li>Volkswagen T6.1<\/li><\/ul><p><span style=\"color: #ff0000;\"><strong>SOLO PARA TECHOS ELEVABLES ORIGINALES DE VW<\/strong><\/span><\/p><\/div>\t\t\t\t\t\t\t\t<\/div>\n\t\t\t\t<div class=\"elementor-element elementor-element-6fbd352 elementor-widget elementor-widget-video\" data-id=\"6fbd352\" data-element_type=\"widget\" data-e-type=\"widget\" data-settings=\"{&quot;youtube_url&quot;:&quot;https:\\\/\\\/www.youtube.com\\\/watch?v=Kv3nEf265RI&amp;embeds_referring_euri=https%3A%2F%2Fwww.vancabin.net%2F&quot;,&quot;video_type&quot;:&quot;youtube&quot;,&quot;controls&quot;:&quot;yes&quot;}\" data-widget_type=\"video.default\">\n\t\t\t\t\t\t\t<div class=\"elementor-wrapper elementor-open-inline\">\n\t\t\t<div class=\"elementor-video\"><\/div>\t\t<\/div>\n\t\t\t\t\t\t<\/div>\n\t\t\t\t<\/div>\n\t\t<div class=\"elementor-element elementor-element-0679f5e e-con-full e-flex e-con e-child\" data-id=\"0679f5e\" data-element_type=\"container\" data-e-type=\"container\">\n\t\t\t\t<div class=\"elementor-element elementor-element-86f744f elementor-widget elementor-widget-heading\" data-id=\"86f744f\" data-element_type=\"widget\" data-e-type=\"widget\" data-widget_type=\"heading.default\">\n\t\t\t\t\t<h2 class=\"elementor-heading-title elementor-size-default\">MONTAJE<\/h2>\t\t\t\t<\/div>\n\t\t\t\t<div class=\"elementor-element elementor-element-9c38102 color-scheme-inherit text-left elementor-widget elementor-widget-text-editor\" data-id=\"9c38102\" data-element_type=\"widget\" data-e-type=\"widget\" data-widget_type=\"text-editor.default\">\n\t\t\t\t\t\t\t\t\t<ol><li><p><strong>Inicio del montaje:<\/strong><br>Comienza siempre por la <strong>parte delantera del techo<\/strong>, elevando ligeramente el techo del veh\u00edculo y <strong>encajando las dos esquinas delanteras de la funda.<\/strong><\/p><\/li><li><p><strong>Colocaci\u00f3n del resto de la funda:<\/strong><br>Estira la funda hacia la parte trasera del veh\u00edculo e inserta los dos bordones en las gu\u00edas laterales.<\/p><ul><li><p>Eleva el techo hasta la mitad de su recorrido,<strong> une los velcros de la base de la funda con los de los bordones<\/strong>, y finalmente termina de elevar el techo hasta su posici\u00f3n m\u00e1s alta.<\/p><\/li><\/ul><\/li><li><p><strong>Adaptaci\u00f3n en caso de toldo lateral:<\/strong><br>Si tu camper tiene un toldo lateral, puedes <strong>cortar a medida 2 piezas de bord\u00f3n <\/strong>para colocar en los tramos de gu\u00eda libres delante y detr\u00e1s del toldo.<\/p><\/li><li><p>Fijaci\u00f3n alternativa:<br>El <strong>per\u00edmetro inferior<\/strong> de la funda incluye varios ollaos met\u00e1licos, permitiendo sujetarla con <strong>gomas el\u00e1sticas, cuerdas, imanes o ventosas <\/strong>(no suministrados) si se prefiere este m\u00e9todo.<\/p><\/li><\/ol>\t\t\t\t\t\t\t\t<\/div>\n\t\t\t\t<div class=\"elementor-element elementor-element-90c904a elementor-widget elementor-widget-heading\" data-id=\"90c904a\" data-element_type=\"widget\" data-e-type=\"widget\" data-widget_type=\"heading.default\">\n\t\t\t\t\t<h2 class=\"elementor-heading-title elementor-size-default\"> CARACT. T\u00c9CNICAS<\/h2>\t\t\t\t<\/div>\n\t\t\t\t<div class=\"elementor-element elementor-element-1de6dc8 color-scheme-inherit text-left elementor-widget elementor-widget-text-editor\" data-id=\"1de6dc8\" data-element_type=\"widget\" data-e-type=\"widget\" data-widget_type=\"text-editor.default\">\n\t\t\t\t\t\t\t\t\t<ul><li><p>Material:<strong> Nylon 190T, PU3000mm<\/strong>, impermeabilizado por ambas caras, con tratamiento anti-UV, <strong>costuras reforzadas y termoselladas<\/strong> por el interior. Fuerte, ligero y totalmente resistente a viento, golpes, desgarros y agua. <\/p><\/li><li><p>Contenido del pack: Funda de techo en una pr\u00e1ctica bolsa con bandolera.<\/p><\/li><li><p>Dimensiones del pack: <strong>55 \u00d7 15 \u00d7 15 cm<\/strong><\/p><\/li><li><p>Peso aproximado: <strong>2,0 kg<\/strong><\/p><\/li><li><p>Color: <strong>Gris<\/strong><\/p><\/li><\/ul>\t\t\t\t\t\t\t\t<\/div>\n\t\t\t\t<div class=\"elementor-element elementor-element-402d306 color-scheme-inherit text-left elementor-widget elementor-widget-text-editor\" data-id=\"402d306\" data-element_type=\"widget\" data-e-type=\"widget\" data-widget_type=\"text-editor.default\">\n\t\t\t\t\t\t\t\t\t<p><span dir=\"auto\"><strong>NOTA: Mejoramos nuestros productos a diario, por lo que los modelos que se muestran en las fotos y los videos pueden variar ligeramente de la versi\u00f3n m\u00e1s reciente. El color percibido de la tela puede variar seg\u00fan la pantalla, la hora de la foto, etc. <\/strong><br><\/span><\/p>\t\t\t\t\t\t\t\t<\/div>\n\t\t\t\t<\/div>\n\t\t\t\t\t<\/div>\n\t\t\t\t<\/div>\n\t\t\t\t<\/div>\n\t\t","protected":false},"excerpt":{"rendered":"<p>DETALLES DEL PRODUCTO Esta funda incluye dos ventanas laterales con cremallera de doble tirador met\u00e1lico, que permiten una correcta ventilaci\u00f3n,<\/p>\n","protected":false},"featured_media":31321,"comment_status":"open","ping_status":"closed","template":"","meta":[],"product_brand":[],"product_cat":[84],"product_tag":[129],"class_list":{"0":"post-32597","1":"product","2":"type-product","3":"status-publish","4":"has-post-thumbnail","6":"product_cat-volkswagen","7":"product_tag-funda-de-techo","9":"first","10":"instock","11":"shipping-taxable","12":"purchasable","13":"product-type-simple"},"_links":{"self":[{"href":"https:\/\/vancabin.mobrilz.io\/es\/wp-json\/wp\/v2\/product\/32597","targetHints":{"allow":["GET"]}}],"collection":[{"href":"https:\/\/vancabin.mobrilz.io\/es\/wp-json\/wp\/v2\/product"}],"about":[{"href":"https:\/\/vancabin.mobrilz.io\/es\/wp-json\/wp\/v2\/types\/product"}],"replies":[{"embeddable":true,"href":"https:\/\/vancabin.mobrilz.io\/es\/wp-json\/wp\/v2\/comments?post=32597"}],"version-history":[{"count":1,"href":"https:\/\/vancabin.mobrilz.io\/es\/wp-json\/wp\/v2\/product\/32597\/revisions"}],"predecessor-version":[{"id":32598,"href":"https:\/\/vancabin.mobrilz.io\/es\/wp-json\/wp\/v2\/product\/32597\/revisions\/32598"}],"wp:featuredmedia":[{"embeddable":true,"href":"https:\/\/vancabin.mobrilz.io\/es\/wp-json\/wp\/v2\/media\/31321"}],"wp:attachment":[{"href":"https:\/\/vancabin.mobrilz.io\/es\/wp-json\/wp\/v2\/media?parent=32597"}],"wp:term":[{"taxonomy":"product_brand","embeddable":true,"href":"https:\/\/vancabin.mobrilz.io\/es\/wp-json\/wp\/v2\/product_brand?post=32597"},{"taxonomy":"product_cat","embeddable":true,"href":"https:\/\/vancabin.mobrilz.io\/es\/wp-json\/wp\/v2\/product_cat?post=32597"},{"taxonomy":"product_tag","embeddable":true,"href":"https:\/\/vancabin.mobrilz.io\/es\/wp-json\/wp\/v2\/product_tag?post=32597"}],"curies":[{"name":"wp","href":"https:\/\/api.w.org\/{rel}","templated":true}]}}