{"id":32593,"date":"2026-02-20T13:16:55","date_gmt":"2026-02-20T13:16:55","guid":{"rendered":"https:\/\/vancabin.mobrilz.io\/product\/nugget-cover-chasis-corto\/"},"modified":"2026-04-12T14:08:04","modified_gmt":"2026-04-12T14:08:04","slug":"nugget-cover-chasis-corto","status":"publish","type":"product","link":"https:\/\/vancabin.mobrilz.io\/es\/producto\/nugget-cover-chasis-corto\/","title":{"rendered":"NUGGET COVER chasis corto"},"content":{"rendered":"\t\t<div data-elementor-type=\"wp-post\" data-elementor-id=\"32593\" class=\"elementor elementor-32593 elementor-29410\">\n\t\t\t\t<div class=\"wd-negative-gap elementor-element elementor-element-4f5b9aa e-flex e-con-boxed e-con e-parent\" data-id=\"4f5b9aa\" data-element_type=\"container\" data-e-type=\"container\">\n\t\t\t\t\t<div class=\"e-con-inner\">\n\t\t<div class=\"elementor-element elementor-element-80646ff e-con-full e-flex e-con e-child\" data-id=\"80646ff\" data-element_type=\"container\" data-e-type=\"container\">\n\t\t\t\t<div class=\"elementor-element elementor-element-dee59a2 elementor-widget elementor-widget-heading\" data-id=\"dee59a2\" data-element_type=\"widget\" data-e-type=\"widget\" data-widget_type=\"heading.default\">\n\t\t\t\t\t<h2 class=\"elementor-heading-title elementor-size-default\">DETALLES DEL PRODUCTO<\/h2>\t\t\t\t<\/div>\n\t\t\t\t<div class=\"elementor-element elementor-element-76a74a2 color-scheme-inherit text-left elementor-widget elementor-widget-text-editor\" data-id=\"76a74a2\" data-element_type=\"widget\" data-e-type=\"widget\" data-widget_type=\"text-editor.default\">\n\t\t\t\t\t\t\t\t\t<p data-start=\"166\" data-end=\"302\">Funda protectora para techo elevable dise\u00f1ada para mejorar la ventilaci\u00f3n, prevenir la acumulaci\u00f3n de humedad y prolongar la vida \u00fatil de tu techo elevable.<\/p><p data-start=\"304\" data-end=\"497\"><strong data-start=\"304\" data-end=\"338\">VENTILACI\u00d3N Y CONTROL DE HUMEDAD<\/strong><br data-start=\"338\" data-end=\"341\">Dos ventanas laterales con doble tirador met\u00e1lico con cremallera permiten una ventilaci\u00f3n controlada, ayudando a prevenir la condensaci\u00f3n, el moho, la corrosi\u00f3n y los da\u00f1os causados por la humedad.<\/p><p data-start=\"499\" data-end=\"688\"><strong data-start=\"499\" data-end=\"536\">TECHO TRANSPARENTE COMPATIBLE CON ENERG\u00cdA SOLAR<\/strong><br data-start=\"536\" data-end=\"539\">El panel superior transparente integrado garantiza una compatibilidad total con paneles solares, permitiendo la carga continua de la bater\u00eda incluso con la funda instalada.<\/p><p data-start=\"690\" data-end=\"936\"><strong data-start=\"690\" data-end=\"724\">SISTEMA DE FIJACI\u00d3N KEDER (INCLUIDO)<\/strong><br data-start=\"724\" data-end=\"727\">Incluye 2 bordones ajustables (2,5 m cada una) con velcro cosido para una fijaci\u00f3n segura en los ra\u00edles originales del veh\u00edculo.<br data-start=\"852\" data-end=\"855\">Si tu furgoneta tiene un toldo, uno de los bordones puede recortarse f\u00e1cilmente a la medida necesaria.<\/p><p data-start=\"938\" data-end=\"1165\"><strong data-start=\"938\" data-end=\"970\">OPCIONES DE FIJACI\u00d3N ALTERNATIVAS<\/strong><br data-start=\"970\" data-end=\"973\">Para veh\u00edculos sin ra\u00edles en el techo, la funda puede fijarse mediante cuerdas, gomas el\u00e1sticas, ventosas o imanes (no incluidos), gracias a los m\u00faltiples ojales reforzados situados en el per\u00edmetro inferior.<\/p><p data-start=\"1167\" data-end=\"1310\"><strong data-start=\"1167\" data-end=\"1192\">TODO INCLUIDO<\/strong><br data-start=\"1192\" data-end=\"1195\">Las ventanas, el panel de techo transparente y el sistema de fijaci\u00f3n keder est\u00e1n incluidos en el precio base \u2014 sin extras ocultos.<\/p>\t\t\t\t\t\t\t\t<\/div>\n\t\t\t\t<div class=\"elementor-element elementor-element-b5f28ea elementor-widget elementor-widget-video\" data-id=\"b5f28ea\" data-element_type=\"widget\" data-e-type=\"widget\" data-settings=\"{&quot;youtube_url&quot;:&quot;https:\\\/\\\/www.youtube.com\\\/watch?v=Kv3nEf265RI&amp;embeds_referring_euri=https%3A%2F%2Fwww.vancabin.net%2F&quot;,&quot;video_type&quot;:&quot;youtube&quot;,&quot;controls&quot;:&quot;yes&quot;}\" data-widget_type=\"video.default\">\n\t\t\t\t\t\t\t<div class=\"elementor-wrapper elementor-open-inline\">\n\t\t\t<div class=\"elementor-video\"><\/div>\t\t<\/div>\n\t\t\t\t\t\t<\/div>\n\t\t\t\t<\/div>\n\t\t<div class=\"elementor-element elementor-element-1f5d070 e-con-full e-flex e-con e-child\" data-id=\"1f5d070\" data-element_type=\"container\" data-e-type=\"container\">\n\t\t\t\t<div class=\"elementor-element elementor-element-533805a elementor-widget elementor-widget-heading\" data-id=\"533805a\" data-element_type=\"widget\" data-e-type=\"widget\" data-widget_type=\"heading.default\">\n\t\t\t\t\t<h2 class=\"elementor-heading-title elementor-size-default\">MONTAJE<\/h2>\t\t\t\t<\/div>\n\t\t\t\t<div class=\"elementor-element elementor-element-2d6f1e8 color-scheme-inherit text-left elementor-widget elementor-widget-text-editor\" data-id=\"2d6f1e8\" data-element_type=\"widget\" data-e-type=\"widget\" data-widget_type=\"text-editor.default\">\n\t\t\t\t\t\t\t\t\t<div id=\"cc-m-11616604093\" class=\"j-module n j-text \"><div class=\"rah-static rah-static--height-auto\" aria-hidden=\"false\"><div><div class=\"_1yvxJ cell\"><div class=\"WncCi\" data-hook=\"info-section-description\"><div><div><div><div><div><div><div class=\"rah-static rah-static--height-auto\" aria-hidden=\"false\"><div><div class=\"_1yvxJ cell\"><div class=\"WncCi\" data-hook=\"info-section-description\"><div class=\"rah-static rah-static--height-auto\" aria-hidden=\"false\"><div><div class=\"_1yvxJ cell\"><div class=\"WncCi\" data-hook=\"info-section-description\"><div class=\"rah-static rah-static--height-auto\" aria-hidden=\"false\"><div><div class=\"_1yvxJ cell\"><div class=\"WncCi\" data-hook=\"info-section-description\"><div><div><p data-start=\"257\" data-end=\"400\"><strong data-start=\"257\" data-end=\"281\">1. INSTALACI\u00d3N TRASERA<\/strong><br data-start=\"281\" data-end=\"284\">Empieza por la parte trasera del veh\u00edculo. Eleva ligeramente el techo y coloca las dos esquinas traseras de la funda en su posici\u00f3n. <\/p><p data-start=\"402\" data-end=\"518\"><strong data-start=\"402\" data-end=\"426\">2. EXTENDER Y COLOCAR<\/strong><br data-start=\"426\" data-end=\"429\">Tira de la funda hacia la parte delantera del veh\u00edculo e introduce las varillas en las gu\u00edas laterales.<\/p><p data-start=\"520\" data-end=\"640\"><strong data-start=\"520\" data-end=\"548\">3. AJUSTE A MEDIA ALTURA<\/strong><br data-start=\"548\" data-end=\"551\">Eleva el techo hasta la mitad y fija las tiras de velcro de la base de la funda a las varillas.<\/p><p data-start=\"642\" data-end=\"738\"><strong data-start=\"642\" data-end=\"663\">4. AJUSTE FINAL<\/strong><br data-start=\"663\" data-end=\"666\">Eleva completamente el techo hasta su altura m\u00e1xima para completar la instalaci\u00f3n.<\/p><p data-start=\"740\" data-end=\"889\"><strong data-start=\"740\" data-end=\"764\">COMPATIBILIDAD CON TOLDO LATERAL<\/strong><br data-start=\"764\" data-end=\"767\">Si tu furgoneta tiene un toldo lateral, corta el perfil keder para adaptarlo a las secciones disponibles del rail antes y despu\u00e9s del toldo.<\/p><p data-start=\"891\" data-end=\"1081\"><strong data-start=\"891\" data-end=\"921\">OPCIONES DE FIJACI\u00d3N ALTERNATIVAS<\/strong><br data-start=\"921\" data-end=\"924\">Utiliza los ojales met\u00e1licos reforzados del per\u00edmetro inferior para fijar la funda con gomas el\u00e1sticas, cuerdas, imanes o ventosas (no incluidos), si es necesario.<\/p><\/div><\/div><\/div><\/div><\/div><\/div><\/div><\/div><\/div><\/div><\/div><\/div><\/div><\/div><\/div><\/div><\/div><\/div><\/div><\/div><\/div><\/div><\/div><\/div><\/div>\t\t\t\t\t\t\t\t<\/div>\n\t\t\t\t<div class=\"elementor-element elementor-element-8e022fb elementor-widget elementor-widget-heading\" data-id=\"8e022fb\" data-element_type=\"widget\" data-e-type=\"widget\" data-widget_type=\"heading.default\">\n\t\t\t\t\t<h2 class=\"elementor-heading-title elementor-size-default\">CARACT. T\u00c9CNICAS.<\/h2>\t\t\t\t<\/div>\n\t\t\t\t<div class=\"elementor-element elementor-element-7234b8b color-scheme-inherit text-left elementor-widget elementor-widget-text-editor\" data-id=\"7234b8b\" data-element_type=\"widget\" data-e-type=\"widget\" data-widget_type=\"text-editor.default\">\n\t\t\t\t\t\t\t\t\t<div id=\"cc-m-11616604293\" class=\"j-module n j-text \"><div class=\"rah-static rah-static--height-auto\" aria-hidden=\"false\"><div><div class=\"_1yvxJ cell\"><div class=\"WncCi\" data-hook=\"info-section-description\"><div><div><div><div><div><div><div class=\"rah-static rah-static--height-auto\" aria-hidden=\"false\"><div><div class=\"_1yvxJ cell\"><div class=\"WncCi\" data-hook=\"info-section-description\"><div><div><div class=\"rah-static rah-static--height-auto\" aria-hidden=\"false\"><div><div class=\"_1yvxJ cell\"><div class=\"WncCi\" data-hook=\"info-section-description\"><div><div><ul><li data-start=\"116\" data-end=\"204\"><strong data-start=\"116\" data-end=\"128\">MATERIAL<\/strong> Tejido de nailon 190T con recubrimiento impermeable por ambas caras y protecci\u00f3n UV.<\/li><li data-start=\"206\" data-end=\"310\"><strong data-start=\"206\" data-end=\"222\">CONSTRUCCI\u00d3N <\/strong>Costuras reforzadas con interior termosellado para una mayor impermeabilidad y durabilidad.<\/li><li data-start=\"312\" data-end=\"411\"><strong data-start=\"312\" data-end=\"326\">PROPIEDADES <\/strong>Ligero, totalmente impermeable y altamente resistente al viento, los impactos y los desgarros.<\/li><li data-start=\"413\" data-end=\"509\"><strong data-start=\"413\" data-end=\"424\">ALMACENAMIENTO <\/strong>Incluye una pr\u00e1ctica bolsa de transporte con correa para el hombro para facilitar el transporte y el almacenamiento.<\/li><\/ul><p>Dimensiones: 55x15x15 cm<\/p><p>Peso aproximado: 2,00 kg<\/p><\/div><\/div><\/div><\/div><\/div><\/div><\/div><\/div><\/div><\/div><\/div><\/div><p><span dir=\"auto\">Color: <strong>Gris<\/strong><\/span><strong><span dir=\"auto\">\u200b<\/span><\/strong><\/p><\/div><\/div><\/div><\/div><\/div><\/div><\/div><\/div><\/div><\/div><\/div>\t\t\t\t\t\t\t\t<\/div>\n\t\t\t\t<div class=\"elementor-element elementor-element-07e3f04 color-scheme-inherit text-left elementor-widget elementor-widget-text-editor\" data-id=\"07e3f04\" data-element_type=\"widget\" data-e-type=\"widget\" data-widget_type=\"text-editor.default\">\n\t\t\t\t\t\t\t\t\t<div class=\"rah-static rah-static--height-auto\" aria-hidden=\"false\"><div><div class=\"_1yvxJ cell\"><div class=\"WncCi\" data-hook=\"info-section-description\"><div><div><div class=\"rah-static rah-static--height-auto\" aria-hidden=\"false\"><div><div class=\"_1yvxJ cell\"><div class=\"WncCi\" data-hook=\"info-section-description\"><div><div><strong><span dir=\"auto\">NOTA: Mejoramos nuestros productos a diario, por lo que los modelos que se muestran en las fotos y los videos pueden variar ligeramente de la versi\u00f3n m\u00e1s reciente. El color percibido de la tela puede variar seg\u00fan la pantalla, la hora de la foto, etc. <\/span><\/strong><\/div><\/div><\/div><\/div><\/div><\/div><\/div><\/div><\/div><\/div><\/div><\/div>\t\t\t\t\t\t\t\t<\/div>\n\t\t\t\t<\/div>\n\t\t\t\t\t<\/div>\n\t\t\t\t<\/div>\n\t\t\t\t<\/div>\n\t\t","protected":false},"excerpt":{"rendered":"<p>DETALLES DEL PRODUCTO Funda protectora para techo elevable dise\u00f1ada para mejorar la ventilaci\u00f3n, prevenir la acumulaci\u00f3n de humedad y prolongar<\/p>\n","protected":false},"featured_media":32934,"comment_status":"open","ping_status":"closed","template":"","meta":[],"product_brand":[],"product_cat":[111],"product_tag":[129],"class_list":{"0":"post-32593","1":"product","2":"type-product","3":"status-publish","4":"has-post-thumbnail","6":"product_cat-ford-transit-custom-nugget","7":"product_tag-funda-de-techo","9":"first","10":"instock","11":"shipping-taxable","12":"purchasable","13":"product-type-simple"},"_links":{"self":[{"href":"https:\/\/vancabin.mobrilz.io\/es\/wp-json\/wp\/v2\/product\/32593","targetHints":{"allow":["GET"]}}],"collection":[{"href":"https:\/\/vancabin.mobrilz.io\/es\/wp-json\/wp\/v2\/product"}],"about":[{"href":"https:\/\/vancabin.mobrilz.io\/es\/wp-json\/wp\/v2\/types\/product"}],"replies":[{"embeddable":true,"href":"https:\/\/vancabin.mobrilz.io\/es\/wp-json\/wp\/v2\/comments?post=32593"}],"version-history":[{"count":4,"href":"https:\/\/vancabin.mobrilz.io\/es\/wp-json\/wp\/v2\/product\/32593\/revisions"}],"predecessor-version":[{"id":32946,"href":"https:\/\/vancabin.mobrilz.io\/es\/wp-json\/wp\/v2\/product\/32593\/revisions\/32946"}],"wp:featuredmedia":[{"embeddable":true,"href":"https:\/\/vancabin.mobrilz.io\/es\/wp-json\/wp\/v2\/media\/32934"}],"wp:attachment":[{"href":"https:\/\/vancabin.mobrilz.io\/es\/wp-json\/wp\/v2\/media?parent=32593"}],"wp:term":[{"taxonomy":"product_brand","embeddable":true,"href":"https:\/\/vancabin.mobrilz.io\/es\/wp-json\/wp\/v2\/product_brand?post=32593"},{"taxonomy":"product_cat","embeddable":true,"href":"https:\/\/vancabin.mobrilz.io\/es\/wp-json\/wp\/v2\/product_cat?post=32593"},{"taxonomy":"product_tag","embeddable":true,"href":"https:\/\/vancabin.mobrilz.io\/es\/wp-json\/wp\/v2\/product_tag?post=32593"}],"curies":[{"name":"wp","href":"https:\/\/api.w.org\/{rel}","templated":true}]}}