{"id":32540,"date":"2026-03-22T23:17:00","date_gmt":"2026-03-22T23:17:00","guid":{"rendered":"https:\/\/vancabin.mobrilz.io\/product\/t5t6cabin2-doble-puerta-trasera\/"},"modified":"2026-04-11T21:35:15","modified_gmt":"2026-04-11T21:35:15","slug":"t5t6cabin2-doble-puerta-trasera","status":"publish","type":"product","link":"https:\/\/vancabin.mobrilz.io\/es\/producto\/t5t6cabin2-doble-puerta-trasera\/","title":{"rendered":"T5T6CABIN(2) doble puerta trasera"},"content":{"rendered":"\t\t<div data-elementor-type=\"wp-post\" data-elementor-id=\"32540\" class=\"elementor elementor-32540 elementor-31278\">\n\t\t\t\t<div class=\"wd-negative-gap elementor-element elementor-element-a050644 e-flex e-con-boxed e-con e-parent\" data-id=\"a050644\" data-element_type=\"container\" data-e-type=\"container\">\n\t\t\t\t\t<div class=\"e-con-inner\">\n\t\t<div class=\"elementor-element elementor-element-b7aaa77 e-con-full e-flex e-con e-child\" data-id=\"b7aaa77\" data-element_type=\"container\" data-e-type=\"container\">\n\t\t\t\t<div class=\"elementor-element elementor-element-f3e0db7 elementor-widget elementor-widget-heading\" data-id=\"f3e0db7\" data-element_type=\"widget\" data-e-type=\"widget\" data-widget_type=\"heading.default\">\n\t\t\t\t\t<h2 class=\"elementor-heading-title elementor-size-default\">DETALLES DEL PRODUCTO<\/h2>\t\t\t\t<\/div>\n\t\t\t\t<div class=\"elementor-element elementor-element-75770a8 color-scheme-inherit text-left elementor-widget elementor-widget-text-editor\" data-id=\"75770a8\" data-element_type=\"widget\" data-e-type=\"widget\" data-widget_type=\"text-editor.default\">\n\t\t\t\t\t\t\t\t\t<p>Nuestro modelo de cabina cuenta con un <strong>dise\u00f1o innovador<\/strong> que utiliza las puertas traseras como soporte, sin necesidad de estructuras complejas, lo que permite un montaje r\u00e1pido y sencillo, incluso si tu camper tiene un portabicicletas. <strong>NO COMPATIBLE CON SPOILER.<\/strong><\/p><p>Incluye de serie un <strong>separador entre el avance y el veh\u00edculo<\/strong>, que se puede abrir o cerrar seg\u00fan tus necesidades:<\/p><ul><li>Como <strong>espacio independiente<\/strong>, ideal para ducha, vestidor o WC.<\/li><li>Como <strong>extensi\u00f3n del veh\u00edculo<\/strong>, permitiendo acceso al interior sin importar la configuraci\u00f3n de tu camper (cama, cajones, etc.)<\/li><\/ul><p>El <strong>acceso frontal<\/strong> se realiza a trav\u00e9s de una gran puerta que garantiza <strong>ventilaci\u00f3n y visibilidad<\/strong> desde el interior cuando el separador est\u00e1 abierto. Esta puerta tambi\u00e9n puede convertirse en un <strong>toldo <\/strong>combinada con nuestro <strong>Pack Toldo<\/strong>, que incluye 2 postes telesc\u00f3picos, piquetas y cuerdas\/tensores. <\/p><p>Los<strong> laterales de la cabina <\/strong>cuentan con un velcro vertical para fijarla al marco trasero del camper. No se incluye velcro interior, para que puedas elegir el color que mejor se adapte a tu veh\u00edculo. <\/p><p>Las <strong>varillas de fibra de vidrio<\/strong> forman un bastidor en la parte inferior del avance, manteniendo la forma de la cabina incluso en d\u00edas de viento fuerte. Para terrenos blandos, se incluyen <strong>4 piquetas met\u00e1licas<\/strong>. <\/p><p>El <strong>techo incorpora dos varillas<\/strong> que aumentan la altura interior, permitiendo guardar tablas de surf, esqu\u00eds u otros objetos voluminosos. Tambi\u00e9n ofrece la posibilidad de colgar una ducha o l\u00e1mpara si es necesario. <\/p>\t\t\t\t\t\t\t\t<\/div>\n\t\t\t\t<div class=\"elementor-element elementor-element-b5e0f08 color-scheme-inherit text-left elementor-widget elementor-widget-text-editor\" data-id=\"b5e0f08\" data-element_type=\"widget\" data-e-type=\"widget\" data-widget_type=\"text-editor.default\">\n\t\t\t\t\t\t\t\t\t<div class=\"WncCi\" data-hook=\"info-section-description\"><ul><li>Volkswagen T5<\/li><li>Volkswagen T6<\/li><li>Volkswagen T6.1<\/li><\/ul><\/div>\t\t\t\t\t\t\t\t<\/div>\n\t\t\t\t<div class=\"elementor-element elementor-element-79ddc10 elementor-widget elementor-widget-video\" data-id=\"79ddc10\" data-element_type=\"widget\" data-e-type=\"widget\" data-settings=\"{&quot;youtube_url&quot;:&quot;https:\\\/\\\/www.youtube.com\\\/watch?v=1idFah_YBh4&quot;,&quot;video_type&quot;:&quot;youtube&quot;,&quot;controls&quot;:&quot;yes&quot;}\" data-widget_type=\"video.default\">\n\t\t\t\t\t\t\t<div class=\"elementor-wrapper elementor-open-inline\">\n\t\t\t<div class=\"elementor-video\"><\/div>\t\t<\/div>\n\t\t\t\t\t\t<\/div>\n\t\t\t\t<\/div>\n\t\t<div class=\"elementor-element elementor-element-84b1c39 e-con-full e-flex e-con e-child\" data-id=\"84b1c39\" data-element_type=\"container\" data-e-type=\"container\">\n\t\t\t\t<div class=\"elementor-element elementor-element-8b321ea elementor-widget elementor-widget-heading\" data-id=\"8b321ea\" data-element_type=\"widget\" data-e-type=\"widget\" data-widget_type=\"heading.default\">\n\t\t\t\t\t<h2 class=\"elementor-heading-title elementor-size-default\">MONTAJE<\/h2>\t\t\t\t<\/div>\n\t\t\t\t<div class=\"elementor-element elementor-element-5686232 color-scheme-inherit text-left elementor-widget elementor-widget-text-editor\" data-id=\"5686232\" data-element_type=\"widget\" data-e-type=\"widget\" data-widget_type=\"text-editor.default\">\n\t\t\t\t\t\t\t\t\t<ol><li><p><strong>Colgar la cabina:<\/strong><br>Coloca la cabina sobre ambas puertas usando sus solapas laterales. Las <strong>gomas el\u00e1sticas<\/strong> fijan los lados al borde inferior de las puertas de manera segura.<\/p><\/li><li><p><strong>Ajuste del techo:<\/strong><br>La uni\u00f3n entre el techo de la cabina y el veh\u00edculo se realiza con otra <strong>goma el\u00e1stica<\/strong> que cubre la parte superior y se engancha a las bisagras de las puertas con <strong>dos ganchos<\/strong>, asegurando un ajuste firme.<\/p><\/li><li><p><strong>Formaci\u00f3n de la cabina:<\/strong><br>Las <strong>varillas del techo en forma de cruz<\/strong> dan forma a la cabina, proporcionando un <strong>volumen amplio y c\u00f3modo<\/strong> para tus acampadas.<\/p><\/li><li><p><strong>Refuerzo en d\u00edas de viento:<\/strong><br>Las <strong>varillas de fibra de vidrio<\/strong> y las piquetas met\u00e1licas solo se necesitan en condiciones de viento fuerte.<\/p><ul><li><p>La parte inferior de la cabina tiene un dobladillo para introducir las varillas.<\/p><\/li><li><p>Cuatro piezas de goma permiten fijar las piquetas en el suelo.<\/p><\/li><\/ul><\/li><\/ol>\t\t\t\t\t\t\t\t<\/div>\n\t\t\t\t<div class=\"elementor-element elementor-element-1cd960b elementor-widget elementor-widget-video\" data-id=\"1cd960b\" data-element_type=\"widget\" data-e-type=\"widget\" data-settings=\"{&quot;youtube_url&quot;:&quot;https:\\\/\\\/www.youtube.com\\\/watch?v=FrhHyVhfg-Y&quot;,&quot;video_type&quot;:&quot;youtube&quot;,&quot;controls&quot;:&quot;yes&quot;}\" data-widget_type=\"video.default\">\n\t\t\t\t\t\t\t<div class=\"elementor-wrapper elementor-open-inline\">\n\t\t\t<div class=\"elementor-video\"><\/div>\t\t<\/div>\n\t\t\t\t\t\t<\/div>\n\t\t\t\t<div class=\"elementor-element elementor-element-5522ac3 elementor-widget elementor-widget-heading\" data-id=\"5522ac3\" data-element_type=\"widget\" data-e-type=\"widget\" data-widget_type=\"heading.default\">\n\t\t\t\t\t<h2 class=\"elementor-heading-title elementor-size-default\"> CARACT. T\u00c9CNICAS<\/h2>\t\t\t\t<\/div>\n\t\t\t\t<div class=\"elementor-element elementor-element-5f8144c color-scheme-inherit text-left elementor-widget elementor-widget-text-editor\" data-id=\"5f8144c\" data-element_type=\"widget\" data-e-type=\"widget\" data-widget_type=\"text-editor.default\">\n\t\t\t\t\t\t\t\t\t<ul><li><p><strong>Material: Tejido de nylon 190T PU3000mm<\/strong>, impermeabilizado por ambas caras, con tratamiento anti-UV y costuras reforzadas. Fuerte, ligero y resistente al viento, golpes y desgarros. <\/p><\/li><li><p>Contenido del pack:<strong> Cabina, 6 varillas de fibra de vidrio y 4 piquetas met\u00e1lica<\/strong><strong>s<\/strong>, todo guardado en una pr\u00e1ctica bolsa con bandolera.<\/p><\/li><li><p>Dimensiones del pack: <strong>55 \u00d7 15 \u00d7 15 cm<\/strong><\/p><\/li><li><p>Peso aproximado: <strong>2,0 kg<\/strong><\/p><\/li><li><p>Color: <strong>Gris<\/strong><\/p><\/li><\/ul>\t\t\t\t\t\t\t\t<\/div>\n\t\t\t\t<div class=\"elementor-element elementor-element-2d82288 color-scheme-inherit text-left elementor-widget elementor-widget-text-editor\" data-id=\"2d82288\" data-element_type=\"widget\" data-e-type=\"widget\" data-widget_type=\"text-editor.default\">\n\t\t\t\t\t\t\t\t\t<p><span dir=\"auto\"><strong>NOTA: Mejoramos nuestros productos a diario, por lo que los modelos que se muestran en las fotos y los videos pueden variar ligeramente de la versi\u00f3n m\u00e1s reciente. El color percibido de la tela puede variar seg\u00fan la pantalla, la hora de la foto, etc. <\/strong><br><\/span><\/p>\t\t\t\t\t\t\t\t<\/div>\n\t\t\t\t<\/div>\n\t\t\t\t\t<\/div>\n\t\t\t\t<\/div>\n\t\t\t\t<\/div>\n\t\t","protected":false},"excerpt":{"rendered":"<p>DETALLES DEL PRODUCTO Nuestro modelo de cabina cuenta con un dise\u00f1o innovador que utiliza las puertas traseras como soporte, sin<\/p>\n","protected":false},"featured_media":32847,"comment_status":"open","ping_status":"closed","template":"","meta":[],"product_brand":[],"product_cat":[107],"product_tag":[],"class_list":{"0":"post-32540","1":"product","2":"type-product","3":"status-publish","4":"has-post-thumbnail","6":"product_cat-sin-categoria","8":"first","9":"instock","10":"shipping-taxable","11":"purchasable","12":"product-type-simple"},"_links":{"self":[{"href":"https:\/\/vancabin.mobrilz.io\/es\/wp-json\/wp\/v2\/product\/32540","targetHints":{"allow":["GET"]}}],"collection":[{"href":"https:\/\/vancabin.mobrilz.io\/es\/wp-json\/wp\/v2\/product"}],"about":[{"href":"https:\/\/vancabin.mobrilz.io\/es\/wp-json\/wp\/v2\/types\/product"}],"replies":[{"embeddable":true,"href":"https:\/\/vancabin.mobrilz.io\/es\/wp-json\/wp\/v2\/comments?post=32540"}],"version-history":[{"count":1,"href":"https:\/\/vancabin.mobrilz.io\/es\/wp-json\/wp\/v2\/product\/32540\/revisions"}],"predecessor-version":[{"id":32541,"href":"https:\/\/vancabin.mobrilz.io\/es\/wp-json\/wp\/v2\/product\/32540\/revisions\/32541"}],"wp:featuredmedia":[{"embeddable":true,"href":"https:\/\/vancabin.mobrilz.io\/es\/wp-json\/wp\/v2\/media\/32847"}],"wp:attachment":[{"href":"https:\/\/vancabin.mobrilz.io\/es\/wp-json\/wp\/v2\/media?parent=32540"}],"wp:term":[{"taxonomy":"product_brand","embeddable":true,"href":"https:\/\/vancabin.mobrilz.io\/es\/wp-json\/wp\/v2\/product_brand?post=32540"},{"taxonomy":"product_cat","embeddable":true,"href":"https:\/\/vancabin.mobrilz.io\/es\/wp-json\/wp\/v2\/product_cat?post=32540"},{"taxonomy":"product_tag","embeddable":true,"href":"https:\/\/vancabin.mobrilz.io\/es\/wp-json\/wp\/v2\/product_tag?post=32540"}],"curies":[{"name":"wp","href":"https:\/\/api.w.org\/{rel}","templated":true}]}}