{"id":32532,"date":"2026-03-23T13:28:08","date_gmt":"2026-03-23T13:28:08","guid":{"rendered":"https:\/\/vancabin.mobrilz.io\/product\/m1-versa-porton\/"},"modified":"2026-04-06T17:14:54","modified_gmt":"2026-04-06T17:14:54","slug":"m1-versa-porton","status":"publish","type":"product","link":"https:\/\/vancabin.mobrilz.io\/es\/producto\/m1-versa-porton\/","title":{"rendered":"M1 VERSA port\u00f3n"},"content":{"rendered":"\t\t<div data-elementor-type=\"wp-post\" data-elementor-id=\"32532\" class=\"elementor elementor-32532 elementor-31450\">\n\t\t\t\t<div class=\"wd-negative-gap elementor-element elementor-element-521da85 e-flex e-con-boxed e-con e-parent\" data-id=\"521da85\" data-element_type=\"container\" data-e-type=\"container\">\n\t\t\t\t\t<div class=\"e-con-inner\">\n\t\t<div class=\"elementor-element elementor-element-5455044 e-con-full e-flex e-con e-child\" data-id=\"5455044\" data-element_type=\"container\" data-e-type=\"container\">\n\t\t\t\t<div class=\"elementor-element elementor-element-0f3ce3b elementor-widget elementor-widget-heading\" data-id=\"0f3ce3b\" data-element_type=\"widget\" data-e-type=\"widget\" data-widget_type=\"heading.default\">\n\t\t\t\t\t<h2 class=\"elementor-heading-title elementor-size-default\">DETALLES DEL PRODUCTO<\/h2>\t\t\t\t<\/div>\n\t\t\t\t<div class=\"elementor-element elementor-element-d6bb1da color-scheme-inherit text-left elementor-widget elementor-widget-text-editor\" data-id=\"d6bb1da\" data-element_type=\"widget\" data-e-type=\"widget\" data-widget_type=\"text-editor.default\">\n\t\t\t\t\t\t\t\t\t<p>Nuestro modelo de cabina cuenta con un <strong>dise\u00f1o innovador<\/strong> que utiliza las puertas traseras como soporte, sin necesidad de estructuras complejas, lo que permite un <strong>montaje r\u00e1pido y sencillo<\/strong>, incluso si tu camper tiene un portabicicletas. <strong>NO COMPATIBLE CON SPOILER NI PORTABICICLETAS ORIGINAL VW.<\/strong><\/p><p>Incluye de serie un <strong>separador entre el avance y el veh\u00edculo<\/strong>, que se puede abrir o cerrar seg\u00fan tus necesidades:<\/p><ul><li><p>Como <strong>espacio independiente<\/strong>, ideal para ducha, vestidor o WC.<\/p><\/li><li><p>Como <strong>extensi\u00f3n del veh\u00edculo<\/strong>, permitiendo acceso al interior sin importar la configuraci\u00f3n de tu camper (cama, cajones, etc.)<\/p><\/li><\/ul><p>La cabina cuenta con <strong>2 posibilidades de acceso<\/strong>, para adaptarse a todas las configuraciones de mobiliario del camper:<\/p><ul><li><p>El <strong>acceso frontal<\/strong> se realiza a trav\u00e9s de una gran puerta que garantiza <strong>ventilaci\u00f3n y visibilidad<\/strong> desde el interior cuando el separador est\u00e1 abierto. Esta puerta tambi\u00e9n puede convertirse en un <strong>toldo <\/strong>combinada con nuestro <strong>Pack Toldo<\/strong>, que incluye 2 postes telesc\u00f3picos, piquetas y cuerdas\/tensores. <\/p><\/li><li><p>El <strong>acceso desde el lareral derecho<\/strong>, con una amplia puerta con cremallera.<\/p><\/li><\/ul><p>Las <strong>varillas de fibra de vidrio<\/strong> forman un bastidor en la parte inferior del avance, manteniendo la forma de la cabina incluso en d\u00edas de viento fuerte. Para terrenos blandos, se incluyen <strong>4 piquetas met\u00e1licas<\/strong>. <\/p>\t\t\t\t\t\t\t\t<\/div>\n\t\t\t\t<div class=\"elementor-element elementor-element-a9d4e32 color-scheme-inherit text-left elementor-widget elementor-widget-text-editor\" data-id=\"a9d4e32\" data-element_type=\"widget\" data-e-type=\"widget\" data-widget_type=\"text-editor.default\">\n\t\t\t\t\t\t\t\t\t<div class=\"WncCi\" data-hook=\"info-section-description\"><ul><li>Citro\u00ebn Spacetourer &#8211; Jumpy<\/li><li>Peugeot Traveller &#8211; Expert<\/li><li>Toyota ProAce Verso<\/li><li>Opel Zafira Life &#8211; Vivaro (desde 2018)<\/li><li>Fiat Scudo &#8211; Ulysse<\/li><\/ul><\/div>\t\t\t\t\t\t\t\t<\/div>\n\t\t\t\t<div class=\"elementor-element elementor-element-fdec4b7 elementor-widget elementor-widget-video\" data-id=\"fdec4b7\" data-element_type=\"widget\" data-e-type=\"widget\" data-settings=\"{&quot;youtube_url&quot;:&quot;https:\\\/\\\/www.youtube.com\\\/watch?v=wUUjlNWtR_E&quot;,&quot;video_type&quot;:&quot;youtube&quot;,&quot;controls&quot;:&quot;yes&quot;}\" data-widget_type=\"video.default\">\n\t\t\t\t\t\t\t<div class=\"elementor-wrapper elementor-open-inline\">\n\t\t\t<div class=\"elementor-video\"><\/div>\t\t<\/div>\n\t\t\t\t\t\t<\/div>\n\t\t\t\t<\/div>\n\t\t<div class=\"elementor-element elementor-element-d23ae03 e-con-full e-flex e-con e-child\" data-id=\"d23ae03\" data-element_type=\"container\" data-e-type=\"container\">\n\t\t\t\t<div class=\"elementor-element elementor-element-489c003 elementor-widget elementor-widget-heading\" data-id=\"489c003\" data-element_type=\"widget\" data-e-type=\"widget\" data-widget_type=\"heading.default\">\n\t\t\t\t\t<h2 class=\"elementor-heading-title elementor-size-default\">MONTAJE<\/h2>\t\t\t\t<\/div>\n\t\t\t\t<div class=\"elementor-element elementor-element-17b0c8b color-scheme-inherit text-left elementor-widget elementor-widget-text-editor\" data-id=\"17b0c8b\" data-element_type=\"widget\" data-e-type=\"widget\" data-widget_type=\"text-editor.default\">\n\t\t\t\t\t\t\t\t\t<ol><li><p><strong>Colocar la cabina:<\/strong><br>Con el port\u00f3n casi completamente levantado, coloca primero el <strong>frente de la cabina<\/strong> sobre la parte baja del port\u00f3n, luego ajusta las <strong>dos franjas laterales del tech<\/strong>o.<\/p><\/li><li><p><strong>Ajuste de la goma el\u00e1stica:<\/strong><br>Para facilitar la instalaci\u00f3n, baja un poco el port\u00f3n y cruza la <strong>goma el\u00e1stica<\/strong> que une ambas franjas laterales. Despu\u00e9s, termina de levantar el port\u00f3n. <\/p><\/li><li><p><strong>Fijaci\u00f3n del separador:<\/strong><br>La pieza que separa la cabina del veh\u00edculo <strong>incluye velcros superiores<\/strong> para unirla a los laterales de la cabina.<\/p><ul><li><p>Separa los velcros, rodea los pistones que elevan el port\u00f3n y vuelve a unirlos.<\/p><\/li><\/ul><\/li><li><p><strong>Fijaci\u00f3n adicional (opcional):<\/strong><br>Para mayor seguridad, puedes usar<strong> velcro autoadhesiv<\/strong>o en el interior de los laterales del veh\u00edculo y en la parte superior.<\/p><ul><li><p>La cabina ya incluye velcro cosido que se unir\u00e1 al autoadhesivo.<\/p><\/li><\/ul><\/li><li><p><strong>Refuerzo en d\u00edas de viento:<\/strong><br>Las <strong>varillas de fibra de vidrio<\/strong> y las piquetas met\u00e1licas solo se necesitan en condiciones de viento fuerte.<\/p><ul><li><p>La parte inferior de la cabina tiene un dobladillo para introducir las varillas.<\/p><\/li><li><p>Cuatro piezas de goma permiten fijar las piquetas al suelo.<\/p><\/li><\/ul><\/li><\/ol>\t\t\t\t\t\t\t\t<\/div>\n\t\t\t\t<div class=\"elementor-element elementor-element-1eace1e elementor-widget elementor-widget-heading\" data-id=\"1eace1e\" data-element_type=\"widget\" data-e-type=\"widget\" data-widget_type=\"heading.default\">\n\t\t\t\t\t<h2 class=\"elementor-heading-title elementor-size-default\"> CARACT. T\u00c9CNICAS<\/h2>\t\t\t\t<\/div>\n\t\t\t\t<div class=\"elementor-element elementor-element-f776bcb color-scheme-inherit text-left elementor-widget elementor-widget-text-editor\" data-id=\"f776bcb\" data-element_type=\"widget\" data-e-type=\"widget\" data-widget_type=\"text-editor.default\">\n\t\t\t\t\t\t\t\t\t<ul><li><p><strong>Material: Tejido de nylon 190T PU3000mm<\/strong>, impermeabilizado por ambas caras, con tratamiento anti-UV y costuras reforzadas. Fuerte, ligero y resistente al viento, golpes y desgarros. <\/p><\/li><li><p><strong>Contenido del pack:<\/strong> Cabina, 4 varillas de fibra de vidrio y 4 piquetas met\u00e1licas, todo guardado en una pr\u00e1ctica bolsa con bandolera.<\/p><\/li><li><p>Dimensiones del pack: <strong>55 \u00d7 15 \u00d7 15 cm<\/strong><\/p><\/li><li><p>Peso aproximado: <strong>2,0 kg<\/strong><\/p><\/li><li><p>Color: <strong>Gris<\/strong><\/p><\/li><\/ul>\t\t\t\t\t\t\t\t<\/div>\n\t\t\t\t<div class=\"elementor-element elementor-element-e592081 color-scheme-inherit text-left elementor-widget elementor-widget-text-editor\" data-id=\"e592081\" data-element_type=\"widget\" data-e-type=\"widget\" data-widget_type=\"text-editor.default\">\n\t\t\t\t\t\t\t\t\t<p><span dir=\"auto\"><strong>NOTA: Mejoramos nuestros productos a diario, por lo que los modelos que se muestran en las fotos y los videos pueden variar ligeramente de la versi\u00f3n m\u00e1s reciente. El color percibido de la tela puede variar seg\u00fan la pantalla, la hora de la foto, etc. <\/strong><br><\/span><\/p>\t\t\t\t\t\t\t\t<\/div>\n\t\t\t\t<\/div>\n\t\t\t\t\t<\/div>\n\t\t\t\t<\/div>\n\t\t\t\t<\/div>\n\t\t","protected":false},"excerpt":{"rendered":"<p>DETALLES DEL PRODUCTO Nuestro modelo de cabina cuenta con un dise\u00f1o innovador que utiliza las puertas traseras como soporte, sin<\/p>\n","protected":false},"featured_media":31459,"comment_status":"open","ping_status":"closed","template":"","meta":[],"product_brand":[],"product_cat":[107],"product_tag":[],"class_list":{"0":"post-32532","1":"product","2":"type-product","3":"status-publish","4":"has-post-thumbnail","6":"product_cat-sin-categoria","8":"first","9":"instock","10":"shipping-taxable","11":"purchasable","12":"product-type-simple"},"_links":{"self":[{"href":"https:\/\/vancabin.mobrilz.io\/es\/wp-json\/wp\/v2\/product\/32532","targetHints":{"allow":["GET"]}}],"collection":[{"href":"https:\/\/vancabin.mobrilz.io\/es\/wp-json\/wp\/v2\/product"}],"about":[{"href":"https:\/\/vancabin.mobrilz.io\/es\/wp-json\/wp\/v2\/types\/product"}],"replies":[{"embeddable":true,"href":"https:\/\/vancabin.mobrilz.io\/es\/wp-json\/wp\/v2\/comments?post=32532"}],"version-history":[{"count":1,"href":"https:\/\/vancabin.mobrilz.io\/es\/wp-json\/wp\/v2\/product\/32532\/revisions"}],"predecessor-version":[{"id":32533,"href":"https:\/\/vancabin.mobrilz.io\/es\/wp-json\/wp\/v2\/product\/32532\/revisions\/32533"}],"wp:featuredmedia":[{"embeddable":true,"href":"https:\/\/vancabin.mobrilz.io\/es\/wp-json\/wp\/v2\/media\/31459"}],"wp:attachment":[{"href":"https:\/\/vancabin.mobrilz.io\/es\/wp-json\/wp\/v2\/media?parent=32532"}],"wp:term":[{"taxonomy":"product_brand","embeddable":true,"href":"https:\/\/vancabin.mobrilz.io\/es\/wp-json\/wp\/v2\/product_brand?post=32532"},{"taxonomy":"product_cat","embeddable":true,"href":"https:\/\/vancabin.mobrilz.io\/es\/wp-json\/wp\/v2\/product_cat?post=32532"},{"taxonomy":"product_tag","embeddable":true,"href":"https:\/\/vancabin.mobrilz.io\/es\/wp-json\/wp\/v2\/product_tag?post=32532"}],"curies":[{"name":"wp","href":"https:\/\/api.w.org\/{rel}","templated":true}]}}