{"id":32676,"date":"2026-03-31T19:01:47","date_gmt":"2026-03-31T19:01:47","guid":{"rendered":"https:\/\/vancabin.mobrilz.io\/politica-de-privacidad\/"},"modified":"2026-04-06T21:35:22","modified_gmt":"2026-04-06T21:35:22","slug":"politica-de-privacidad","status":"publish","type":"page","link":"https:\/\/vancabin.mobrilz.io\/es\/politica-de-privacidad\/","title":{"rendered":"Politica de Privacidad"},"content":{"rendered":"\t\t<div data-elementor-type=\"wp-page\" data-elementor-id=\"32676\" class=\"elementor elementor-32676 elementor-32274\">\n\t\t\t\t<div class=\"wd-negative-gap elementor-element elementor-element-30cb8ce e-flex e-con-boxed e-con e-parent\" data-id=\"30cb8ce\" data-element_type=\"container\" data-e-type=\"container\">\n\t\t\t\t\t<div class=\"e-con-inner\">\n\t\t\t\t<div class=\"elementor-element elementor-element-5618663 color-scheme-inherit text-left elementor-widget elementor-widget-text-editor\" data-id=\"5618663\" data-element_type=\"widget\" data-e-type=\"widget\" data-widget_type=\"text-editor.default\">\n\t\t\t\t\t\t\t\t\t<p data-start=\"185\" data-end=\"203\"><strong data-start=\"185\" data-end=\"203\">POL\u00cdTICA DE PRIVACIDAD<\/strong><\/p><p data-start=\"205\" data-end=\"336\">En esta web se respetan y cuidan los datos personales de los usuarios. Como usuario debes saber que tus derechos est\u00e1n garantizados. <\/p><ol data-start=\"338\" data-end=\"356\"><li data-section-id=\"1247rzq\" data-start=\"338\" data-end=\"356\"><strong>Responsable del tratamiento<\/strong><\/li><\/ol><p data-start=\"358\" data-end=\"543\">Identidad del responsable: Campers Advisor SL<br data-start=\"409\" data-end=\"412\">Nombre comercial: VanCabin<br data-start=\"432\" data-end=\"435\">CIF: _____________<br data-start=\"462\" data-end=\"465\">Direcci\u00f3n: __________________<br data-start=\"492\" data-end=\"495\">Correo electr\u00f3nico: <a class=\"decorated-link cursor-pointer\" rel=\"noopener\" data-start=\"502\" data-end=\"519\">info@vancabin.net<\/a><br data-start=\"519\" data-end=\"522\">Sitio web: vancabin.net<\/p><ol start=\"2\" data-start=\"545\" data-end=\"571\"><li data-section-id=\"1io57wu\" data-start=\"545\" data-end=\"571\"><strong>Datos personales recopilados<\/strong><\/li><\/ol><p data-start=\"573\" data-end=\"649\">Para realizar compras en esta web se solicitan los siguientes datos personales:<\/p><ul data-start=\"651\" data-end=\"740\"><li data-section-id=\"apwdks\" data-start=\"651\" data-end=\"664\">Nombre y apellidos<\/li><li data-section-id=\"1fnvrhx\" data-start=\"665\" data-end=\"684\">Direcci\u00f3n de facturaci\u00f3n<\/li><li data-section-id=\"rl0qi4\" data-start=\"685\" data-end=\"705\">Direcci\u00f3n de env\u00edo<\/li><li data-section-id=\"wk4jiq\" data-start=\"706\" data-end=\"723\">Direcci\u00f3n de correo electr\u00f3nico<\/li><li data-section-id=\"1tzdck7\" data-start=\"724\" data-end=\"740\">N\u00famero de tel\u00e9fono<\/li><\/ul><p data-start=\"742\" data-end=\"800\">Estos datos se recogen \u00fanicamente durante el proceso de compra.<\/p><ol start=\"3\" data-start=\"802\" data-end=\"826\"><li data-section-id=\"12907us\" data-start=\"802\" data-end=\"826\"><strong>Finalidad del tratamiento<\/strong><\/li><\/ol><p data-start=\"828\" data-end=\"849\">Los datos se utilizan para:<\/p><ul data-start=\"851\" data-end=\"999\"><li data-section-id=\"1jojvec\" data-start=\"851\" data-end=\"868\">Gestionar pedidos<\/li><li data-section-id=\"kuly96\" data-start=\"869\" data-end=\"889\">Procesar pagos<\/li><li data-section-id=\"eos6lu\" data-start=\"890\" data-end=\"907\">Enviar productos<\/li><li data-section-id=\"1mjhtjn\" data-start=\"908\" data-end=\"926\">Emitir facturas<\/li><li data-section-id=\"1gf63e4\" data-start=\"927\" data-end=\"965\">Atender consultas relacionadas con pedidos<\/li><li data-section-id=\"m4gks\" data-start=\"966\" data-end=\"999\">Cumplir obligaciones legales<\/li><\/ul><p data-start=\"1001\" data-end=\"1070\">No se env\u00eda publicidad ni comunicaciones comerciales sin consentimiento.<\/p><ol start=\"4\" data-start=\"1072\" data-end=\"1101\"><li data-section-id=\"1c8buue\" data-start=\"1072\" data-end=\"1101\"><strong>Base legal del tratamiento<\/strong><\/li><\/ol><p data-start=\"1103\" data-end=\"1147\">La base legal para el tratamiento de tus datos es:<\/p><ul data-start=\"1149\" data-end=\"1274\"><li data-section-id=\"p8pys2\" data-start=\"1149\" data-end=\"1189\">La ejecuci\u00f3n de un contrato de compra<\/li><li data-section-id=\"q35ifp\" data-start=\"1190\" data-end=\"1227\">El cumplimiento de obligaciones legales<\/li><li data-section-id=\"et1i4\" data-start=\"1228\" data-end=\"1274\">El inter\u00e9s leg\u00edtimo para la gesti\u00f3n del servicio<\/li><\/ul><ol start=\"5\" data-start=\"1276\" data-end=\"1293\"><li data-section-id=\"1pylomy\" data-start=\"1276\" data-end=\"1293\"><strong>Conservaci\u00f3n de los datos<\/strong><\/li><\/ol><p data-start=\"1295\" data-end=\"1317\">Los datos se conservar\u00e1n:<\/p><ul data-start=\"1319\" data-end=\"1476\"><li data-section-id=\"1x6hf6i\" data-start=\"1319\" data-end=\"1363\">Mientras exista relaci\u00f3n comercial<\/li><li data-section-id=\"1qvf08t\" data-start=\"1364\" data-end=\"1424\">Durante los plazos legales exigidos (fiscales y contables)<\/li><li data-section-id=\"12l8oxi\" data-start=\"1425\" data-end=\"1476\">Hasta que solicites su eliminaci\u00f3n cuando sea posible<\/li><\/ul><ol start=\"6\" data-start=\"1478\" data-end=\"1496\"><li data-section-id=\"1nrabk5\" data-start=\"1478\" data-end=\"1496\"><strong>Destinatarios de los datos<\/strong><\/li><\/ol><p data-start=\"1498\" data-end=\"1522\">Los datos podr\u00e1n ser compartidos con:<\/p><ul data-start=\"1524\" data-end=\"1671\"><li data-section-id=\"1ud1zcp\" data-start=\"1524\" data-end=\"1548\">Proveedor de hosting web<\/li><li data-section-id=\"ae4k93\" data-start=\"1549\" data-end=\"1597\">Plataforma de pago Stripe Payments Europe Ltd.<\/li><li data-section-id=\"11q7bmc\" data-start=\"1598\" data-end=\"1637\">Empresa de transporte para la entrega del pedido<\/li><li data-section-id=\"1x1wdf4\" data-start=\"1638\" data-end=\"1671\">Asesor\u00eda contable o fiscal<\/li><\/ul><p data-start=\"1673\" data-end=\"1802\">Los pagos se procesan a trav\u00e9s de Stripe. Los datos de la tarjeta no son almacenados por esta web, sino directamente por Stripe mediante una conexi\u00f3n segura. <\/p><p data-start=\"1804\" data-end=\"1868\">Puedes consultar la pol\u00edtica de privacidad de Stripe en su sitio web oficial.<\/p><ol start=\"7\" data-start=\"1870\" data-end=\"1884\"><li data-section-id=\"jt3rb2\" data-start=\"1870\" data-end=\"1884\"><strong>Derechos del usuario<\/strong><\/li><\/ol><p data-start=\"1886\" data-end=\"1908\">Tienes derecho a:<\/p><ul data-start=\"1910\" data-end=\"2101\"><li data-section-id=\"16myggl\" data-start=\"1910\" data-end=\"1939\">Acceder a tus datos personales<\/li><li data-section-id=\"uaq8ja\" data-start=\"1940\" data-end=\"1984\">Solicitar la rectificaci\u00f3n de datos incorrectos<\/li><li data-section-id=\"1dxhsrx\" data-start=\"1985\" data-end=\"2005\">Solicitar su supresi\u00f3n<\/li><li data-section-id=\"q8sgnq\" data-start=\"2006\" data-end=\"2047\">Solicitar la limitaci\u00f3n del tratamiento<\/li><li data-section-id=\"1h52t71\" data-start=\"2048\" data-end=\"2072\">Oponerte al tratamiento<\/li><li data-section-id=\"hacwqa\" data-start=\"2073\" data-end=\"2101\">Solicitar la portabilidad de los datos<\/li><\/ul><p data-start=\"2103\" data-end=\"2174\">Puedes ejercer estos derechos enviando un email a: <a class=\"decorated-link cursor-pointer\" rel=\"noopener\" data-start=\"2157\" data-end=\"2174\">info@vancabin.net<\/a><\/p><ol start=\"8\" data-start=\"2176\" data-end=\"2192\"><li data-section-id=\"esm6dx\" data-start=\"2176\" data-end=\"2192\"><strong>Seguridad de los datos<\/strong><\/li><\/ol><p data-start=\"2194\" data-end=\"2298\">Esta web utiliza conexi\u00f3n segura SSL y medidas t\u00e9cnicas adecuadas para proteger los datos personales de los usuarios.<\/p><ol start=\"9\" data-start=\"2300\" data-end=\"2310\"><li data-section-id=\"1f6zusl\" data-start=\"2300\" data-end=\"2310\"><strong>Cookies<\/strong><\/li><\/ol><p data-start=\"2312\" data-end=\"2454\">Esta web utiliza cookies t\u00e9cnicas necesarias para el funcionamiento de la tienda online. Puedes consultar la informaci\u00f3n completa en la Pol\u00edtica de Cookies. <\/p>\t\t\t\t\t\t\t\t<\/div>\n\t\t\t\t\t<\/div>\n\t\t\t\t<\/div>\n\t\t\t\t<\/div>\n\t\t","protected":false},"excerpt":{"rendered":"<p>POL\u00cdTICA DE PRIVACIDAD En esta web se respetan y cuidan los datos personales de los usuarios. Como usuario debes saber<\/p>\n","protected":false},"author":1,"featured_media":0,"parent":0,"menu_order":0,"comment_status":"closed","ping_status":"closed","template":"","meta":{"footnotes":""},"class_list":["post-32676","page","type-page","status-publish","hentry"],"_links":{"self":[{"href":"https:\/\/vancabin.mobrilz.io\/es\/wp-json\/wp\/v2\/pages\/32676","targetHints":{"allow":["GET"]}}],"collection":[{"href":"https:\/\/vancabin.mobrilz.io\/es\/wp-json\/wp\/v2\/pages"}],"about":[{"href":"https:\/\/vancabin.mobrilz.io\/es\/wp-json\/wp\/v2\/types\/page"}],"author":[{"embeddable":true,"href":"https:\/\/vancabin.mobrilz.io\/es\/wp-json\/wp\/v2\/users\/1"}],"replies":[{"embeddable":true,"href":"https:\/\/vancabin.mobrilz.io\/es\/wp-json\/wp\/v2\/comments?post=32676"}],"version-history":[{"count":1,"href":"https:\/\/vancabin.mobrilz.io\/es\/wp-json\/wp\/v2\/pages\/32676\/revisions"}],"predecessor-version":[{"id":32677,"href":"https:\/\/vancabin.mobrilz.io\/es\/wp-json\/wp\/v2\/pages\/32676\/revisions\/32677"}],"wp:attachment":[{"href":"https:\/\/vancabin.mobrilz.io\/es\/wp-json\/wp\/v2\/media?parent=32676"}],"curies":[{"name":"wp","href":"https:\/\/api.w.org\/{rel}","templated":true}]}}