{"id":32662,"date":"2026-03-31T20:08:56","date_gmt":"2026-03-31T20:08:56","guid":{"rendered":"https:\/\/vancabin.mobrilz.io\/aviso-legal\/"},"modified":"2026-04-06T21:24:19","modified_gmt":"2026-04-06T21:24:19","slug":"aviso-legal","status":"publish","type":"page","link":"https:\/\/vancabin.mobrilz.io\/es\/aviso-legal\/","title":{"rendered":"Aviso Legal"},"content":{"rendered":"\t\t<div data-elementor-type=\"wp-page\" data-elementor-id=\"32662\" class=\"elementor elementor-32662 elementor-32294\">\n\t\t\t\t<div class=\"wd-negative-gap elementor-element elementor-element-132f423 e-flex e-con-boxed e-con e-parent\" data-id=\"132f423\" data-element_type=\"container\" data-e-type=\"container\">\n\t\t\t\t\t<div class=\"e-con-inner\">\n\t\t\t\t<div class=\"elementor-element elementor-element-5e211f7 color-scheme-inherit text-left elementor-widget elementor-widget-text-editor\" data-id=\"5e211f7\" data-element_type=\"widget\" data-e-type=\"widget\" data-widget_type=\"text-editor.default\">\n\t\t\t\t\t\t\t\t\t<p data-start=\"185\" data-end=\"201\"><strong data-start=\"185\" data-end=\"201\">INFORMACI\u00d3N LEGAL<\/strong><\/p><ol data-start=\"203\" data-end=\"225\"><li data-section-id=\"12ww9s\" data-start=\"203\" data-end=\"225\"><strong>Informaci\u00f3n General<\/strong><\/li><\/ol><p data-start=\"227\" data-end=\"580\">De acuerdo con la Ley 34\/2002 de Servicios de la Sociedad de la Informaci\u00f3n y Comercio Electr\u00f3nico (LSSI) y la legislaci\u00f3n espa\u00f1ola vigente, se facilita la siguiente informaci\u00f3n:<br data-start=\"399\" data-end=\"402\">Titular de la web: Campers Advisor SL<br data-start=\"435\" data-end=\"438\">Nombre comercial: VanCabin<br data-start=\"458\" data-end=\"461\">CIF: _____________<br data-start=\"488\" data-end=\"491\">Domicilio social: ______________<br data-start=\"525\" data-end=\"528\">Correo electr\u00f3nico:<a class=\"decorated-link cursor-pointer\" rel=\"noopener\" data-start=\"535\" data-end=\"552\"> info@vancabin.net<\/a><br data-start=\"552\" data-end=\"555\">Whatsapp: +34 744 708 091<\/p><ol start=\"2\" data-start=\"582\" data-end=\"592\"><li data-section-id=\"19ay5k7\" data-start=\"582\" data-end=\"592\"><strong>Objeto<\/strong><\/li><\/ol><p data-start=\"594\" data-end=\"757\">El presente Aviso Legal regula el acceso y uso del sitio web vancabin.com<br data-start=\"666\" data-end=\"669\">El acceso y uso de la web implica la aceptaci\u00f3n de todas las condiciones aqu\u00ed expuestas.<\/p><ol start=\"3\" data-start=\"759\" data-end=\"798\"><li data-section-id=\"1s3kwpb\" data-start=\"759\" data-end=\"798\"><strong>Propiedad intelectual e industrial<\/strong><\/li><\/ol><p data-start=\"800\" data-end=\"1115\">Todos los contenidos de la web, incluyendo textos, im\u00e1genes, logotipos, iconos, marcas, dise\u00f1os y software, son propiedad de VanCabin o de terceros que han autorizado su uso.<br data-start=\"968\" data-end=\"971\">Queda prohibida la reproducci\u00f3n, distribuci\u00f3n, comunicaci\u00f3n p\u00fablica o transformaci\u00f3n total o parcial de los contenidos sin autorizaci\u00f3n expresa.<\/p><ol start=\"4\" data-start=\"1117\" data-end=\"1132\"><li data-section-id=\"qjkbqg\" data-start=\"1117\" data-end=\"1132\"><strong>Condiciones de uso<\/strong><\/li><\/ol><p data-start=\"1134\" data-end=\"1416\">El usuario se compromete a utilizar la web de manera adecuada y conforme a la ley.<br data-start=\"1214\" data-end=\"1217\">No se permite acceder o utilizar la web para fines il\u00edcitos o prohibidos por estas condiciones.<br data-start=\"1328\" data-end=\"1331\">VanCabin se reserva el derecho de suspender el acceso a la web en caso de uso indebido.<\/p><ol start=\"5\" data-start=\"1418\" data-end=\"1444\"><li data-section-id=\"8lc0tv\" data-start=\"1418\" data-end=\"1444\"><strong>Exoneraci\u00f3n de responsabilidad<\/strong><\/li><\/ol><p data-start=\"1446\" data-end=\"1742\">VanCabin no se hace responsable de da\u00f1os derivados del acceso o uso de la web, incluidos errores en la informaci\u00f3n, interrupciones del servicio o virus inform\u00e1ticos.<br data-start=\"1608\" data-end=\"1611\">La web puede contener enlaces a sitios de terceros; VanCabin no se responsabiliza del contenido ni de las pr\u00e1cticas de privacidad de dichos sitios.<\/p><ol start=\"6\" data-start=\"1744\" data-end=\"1777\"><li data-section-id=\"1eugxta\" data-start=\"1744\" data-end=\"1777\"><strong>Legislaci\u00f3n aplicable y jurisdicci\u00f3n<\/strong><\/li><\/ol><p data-start=\"1779\" data-end=\"1903\">Las presentes condiciones se rigen por la legislaci\u00f3n espa\u00f1ola vigente.<br data-start=\"1840\" data-end=\"1843\">Para cualquier controversia, las partes se someten a los tribunales de Madrid.<\/p>\t\t\t\t\t\t\t\t<\/div>\n\t\t\t\t\t<\/div>\n\t\t\t\t<\/div>\n\t\t\t\t<\/div>\n\t\t","protected":false},"excerpt":{"rendered":"<p>INFORMACI\u00d3N LEGAL Informaci\u00f3n General De acuerdo con la Ley 34\/2002 de Servicios de la Sociedad de la Informaci\u00f3n y Comercio<\/p>\n","protected":false},"author":1,"featured_media":0,"parent":0,"menu_order":0,"comment_status":"closed","ping_status":"closed","template":"","meta":{"footnotes":""},"class_list":["post-32662","page","type-page","status-publish","hentry"],"_links":{"self":[{"href":"https:\/\/vancabin.mobrilz.io\/es\/wp-json\/wp\/v2\/pages\/32662","targetHints":{"allow":["GET"]}}],"collection":[{"href":"https:\/\/vancabin.mobrilz.io\/es\/wp-json\/wp\/v2\/pages"}],"about":[{"href":"https:\/\/vancabin.mobrilz.io\/es\/wp-json\/wp\/v2\/types\/page"}],"author":[{"embeddable":true,"href":"https:\/\/vancabin.mobrilz.io\/es\/wp-json\/wp\/v2\/users\/1"}],"replies":[{"embeddable":true,"href":"https:\/\/vancabin.mobrilz.io\/es\/wp-json\/wp\/v2\/comments?post=32662"}],"version-history":[{"count":1,"href":"https:\/\/vancabin.mobrilz.io\/es\/wp-json\/wp\/v2\/pages\/32662\/revisions"}],"predecessor-version":[{"id":32663,"href":"https:\/\/vancabin.mobrilz.io\/es\/wp-json\/wp\/v2\/pages\/32662\/revisions\/32663"}],"wp:attachment":[{"href":"https:\/\/vancabin.mobrilz.io\/es\/wp-json\/wp\/v2\/media?parent=32662"}],"curies":[{"name":"wp","href":"https:\/\/api.w.org\/{rel}","templated":true}]}}