{"id":32657,"date":"2026-03-31T20:22:16","date_gmt":"2026-03-31T20:22:16","guid":{"rendered":"https:\/\/vancabin.mobrilz.io\/politica-de-cookies\/"},"modified":"2026-04-06T21:19:49","modified_gmt":"2026-04-06T21:19:49","slug":"politica-de-cookies","status":"publish","type":"page","link":"https:\/\/vancabin.mobrilz.io\/es\/politica-de-cookies\/","title":{"rendered":"Pol\u00edtica de Cookies"},"content":{"rendered":"\t\t<div data-elementor-type=\"wp-page\" data-elementor-id=\"32657\" class=\"elementor elementor-32657 elementor-32299\">\n\t\t\t\t<div class=\"wd-negative-gap elementor-element elementor-element-0c6040c e-flex e-con-boxed e-con e-parent\" data-id=\"0c6040c\" data-element_type=\"container\" data-e-type=\"container\">\n\t\t\t\t\t<div class=\"e-con-inner\">\n\t\t\t\t<div class=\"elementor-element elementor-element-787efdb color-scheme-inherit text-left elementor-widget elementor-widget-text-editor\" data-id=\"787efdb\" data-element_type=\"widget\" data-e-type=\"widget\" data-widget_type=\"text-editor.default\">\n\t\t\t\t\t\t\t\t\t<p data-start=\"154\" data-end=\"187\"><strong data-start=\"154\" data-end=\"187\">POL\u00cdTICA DE COOKIES<\/strong><\/p><ol data-start=\"189\" data-end=\"208\"><li data-section-id=\"175mqxd\" data-start=\"189\" data-end=\"208\"><strong>Qu\u00e9 son las cookies<\/strong><\/li><\/ol><p data-start=\"210\" data-end=\"449\">Las cookies son archivos que se descargan en tu ordenador, m\u00f3vil o tablet cuando visitas un sitio web. Permiten que la web recuerde tus acciones y preferencias (como carrito de compra, idioma o sesi\u00f3n) durante un tiempo.<br> <\/p><ol start=\"2\" data-start=\"451\" data-end=\"475\"><li data-section-id=\"1sba44r\" data-start=\"451\" data-end=\"475\"><strong>Tipos de cookies utilizadas<\/strong><\/li><\/ol><p data-start=\"477\" data-end=\"553\">En vancabin.net utilizamos \u00fanicamente cookies t\u00e9cnicas y de funcionalidad, necesarias para:<\/p><ul data-start=\"555\" data-end=\"717\"><li data-section-id=\"1yx8yxx\" data-start=\"555\" data-end=\"585\">Gestionar el carrito de la compra<\/li><li data-section-id=\"21eenx\" data-start=\"586\" data-end=\"620\">Procesar pagos mediante Stripe<\/li><li data-section-id=\"ahaig7\" data-start=\"621\" data-end=\"668\">Mantener la sesi\u00f3n durante la compra<\/li><li data-section-id=\"1g2yj44\" data-start=\"669\" data-end=\"717\">Recordar preferencias de idioma y visualizaci\u00f3n<\/li><\/ul><p data-start=\"719\" data-end=\"786\">No utilizamos cookies para seguimiento de usuarios ni publicidad de terceros.<\/p><ol start=\"3\" data-start=\"788\" data-end=\"808\"><li data-section-id=\"ft309q\" data-start=\"788\" data-end=\"808\"><strong>Desactivaci\u00f3n de cookies<\/strong><\/li><\/ol><p data-start=\"810\" data-end=\"929\">Puedes configurar tu navegador para rechazar cookies o eliminarlas, aunque esto puede afectar el funcionamiento de la tienda online.<\/p><p data-start=\"931\" data-end=\"1034\">M\u00e1s informaci\u00f3n sobre c\u00f3mo gestionar cookies en tu navegador: [Enlace de ayuda de tu navegador preferido]<\/p><ol start=\"4\" data-start=\"1036\" data-end=\"1046\"><li data-section-id=\"11vtsfl\" data-start=\"1036\" data-end=\"1046\"><strong>Consentimiento<\/strong><\/li><\/ol><p data-start=\"1048\" data-end=\"1178\">Al utilizar este sitio web, aceptas el uso de cookies t\u00e9cnicas necesarias para la correcta prestaci\u00f3n del servicio de la tienda online.<\/p>\t\t\t\t\t\t\t\t<\/div>\n\t\t\t\t\t<\/div>\n\t\t\t\t<\/div>\n\t\t\t\t<\/div>\n\t\t","protected":false},"excerpt":{"rendered":"<p>POL\u00cdTICA DE COOKIES Qu\u00e9 son las cookies Las cookies son archivos que se descargan en tu ordenador, m\u00f3vil o tablet<\/p>\n","protected":false},"author":1,"featured_media":0,"parent":0,"menu_order":0,"comment_status":"closed","ping_status":"closed","template":"","meta":{"footnotes":""},"class_list":["post-32657","page","type-page","status-publish","hentry"],"_links":{"self":[{"href":"https:\/\/vancabin.mobrilz.io\/es\/wp-json\/wp\/v2\/pages\/32657","targetHints":{"allow":["GET"]}}],"collection":[{"href":"https:\/\/vancabin.mobrilz.io\/es\/wp-json\/wp\/v2\/pages"}],"about":[{"href":"https:\/\/vancabin.mobrilz.io\/es\/wp-json\/wp\/v2\/types\/page"}],"author":[{"embeddable":true,"href":"https:\/\/vancabin.mobrilz.io\/es\/wp-json\/wp\/v2\/users\/1"}],"replies":[{"embeddable":true,"href":"https:\/\/vancabin.mobrilz.io\/es\/wp-json\/wp\/v2\/comments?post=32657"}],"version-history":[{"count":1,"href":"https:\/\/vancabin.mobrilz.io\/es\/wp-json\/wp\/v2\/pages\/32657\/revisions"}],"predecessor-version":[{"id":32658,"href":"https:\/\/vancabin.mobrilz.io\/es\/wp-json\/wp\/v2\/pages\/32657\/revisions\/32658"}],"wp:attachment":[{"href":"https:\/\/vancabin.mobrilz.io\/es\/wp-json\/wp\/v2\/media?parent=32657"}],"curies":[{"name":"wp","href":"https:\/\/api.w.org\/{rel}","templated":true}]}}